{"id":25872,"date":"2021-07-21T13:47:57","date_gmt":"2021-07-21T10:47:57","guid":{"rendered":"https:\/\/hookahshop.lt\/?post_type=product&#038;p=25872"},"modified":"2026-04-18T23:28:56","modified_gmt":"2026-04-18T20:28:56","slug":"kolba-kaljanui-bigmaks-rainbow-turquoise","status":"publish","type":"product","link":"https:\/\/hookahshop.lt\/pl\/produkt\/kolba-na-szisze-bigmaks-teczowo-turkusowa\/","title":{"rendered":"Kolba do fajki wodnej BIGMAKS Rainbow Turkus"},"content":{"rendered":"<h2>Kolba do fajki wodnej BIGMAKS Rainbow Turkus<\/h2>\n<p>Piersi\u00f3wka w kolorze turkusowym wykonana jest ze szk\u0142a do chrztu, kt\u00f3re wyr\u00f3\u017cnia si\u0119 trwa\u0142o\u015bci\u0105. Kolba nie jest malowana, co oznacza, \u017ce pos\u0142u\u017cy wiele lat.<\/p>\n<p><span style=\"font-weight: 400;\"><strong><span title=\"\">Specyfikacje:<\/span><\/strong><\/span><br \/>\n<span style=\"font-weight: 400;\">Wysoko\u015b\u0107: ~ 255 mm<\/span><br \/>\n<span style=\"font-weight: 400;\">Waga: ~1560 g<\/span><br \/>\n<span style=\"font-weight: 400;\">Wewn\u0119trzna \u015brednica szyjki: ok. 70 mm<\/span><br \/>\n<span style=\"font-weight: 400;\">\u015arednica zewn\u0119trzna szyi: oko\u0142o 47 mm<\/span><br \/>\n<span style=\"font-weight: 400;\">Materia\u0142: szk\u0142o kryszta\u0142owe<\/span><\/p>\n<p>Czy masz jakie\u015b pytania? Skontaktuj si\u0119 z nami\u00a0<a href=\"https:\/\/hookahshop.lt\/pl\/lacznosc\/\">strona z kontaktami<\/a>\u00a0lub napisz do nas na adres\u00a0<a href=\"https:\/\/facebook.com\/HookahShop.lt\/\" target=\"_blank\" rel=\"noopener noreferrer\">konto na Facebooku<\/a>\u00a0a my odpowiemy na Twoj\u0105 pro\u015bb\u0119 tego samego dnia.<\/p>","protected":false},"excerpt":{"rendered":"<p>Piersi\u00f3wka do fajki wodnej BIGMAKS Rainbow Turkus Piersi\u00f3wka w kolorze turkusowym wykonana jest ze szk\u0142a kryszta\u0142owego, kt\u00f3re wyr\u00f3\u017cnia si\u0119 trwa\u0142o\u015bci\u0105. Kolba nie jest malowana, co oznacza, \u017ce pos\u0142u\u017cy wiele lat. Dane techniczne: Wysoko\u015b\u0107: ~ 255 mm Waga: ~ 1560 g Wewn\u0119trzna \u015brednica szyjki: ok. 70 mm Zewn\u0119trzna \u015brednica szyjki: ok. 47 mm Materia\u0142: szk\u0142o kryszta\u0142owe Pytania? Skontaktuj si\u0119 z nami na stronie kontaktowej lub napisz do nas na Facebooku [...]<\/p>","protected":false},"featured_media":25873,"comment_status":"open","ping_status":"closed","template":"","meta":[],"_links":{"self":[{"href":"https:\/\/hookahshop.lt\/pl\/wp-json\/wp\/v2\/product\/25872"}],"collection":[{"href":"https:\/\/hookahshop.lt\/pl\/wp-json\/wp\/v2\/product"}],"about":[{"href":"https:\/\/hookahshop.lt\/pl\/wp-json\/wp\/v2\/types\/product"}],"replies":[{"embeddable":true,"href":"https:\/\/hookahshop.lt\/pl\/wp-json\/wp\/v2\/comments?post=25872"}],"version-history":[{"count":6,"href":"https:\/\/hookahshop.lt\/pl\/wp-json\/wp\/v2\/product\/25872\/revisions"}],"predecessor-version":[{"id":45090,"href":"https:\/\/hookahshop.lt\/pl\/wp-json\/wp\/v2\/product\/25872\/revisions\/45090"}],"wp:featuredmedia":[{"embeddable":true,"href":"https:\/\/hookahshop.lt\/pl\/wp-json\/wp\/v2\/media\/25873"}],"wp:attachment":[{"href":"https:\/\/hookahshop.lt\/pl\/wp-json\/wp\/v2\/media?parent=25872"}],"curies":[{"name":"wp","href":"https:\/\/api.w.org\/{rel}","templated":true}]}}