{"id":25902,"date":"2021-07-22T02:36:37","date_gmt":"2021-07-21T23:36:37","guid":{"rendered":"https:\/\/hookahshop.lt\/?post_type=product&#038;p=25902"},"modified":"2026-04-15T12:28:58","modified_gmt":"2026-04-15T09:28:58","slug":"kaljanas-spitz-black-edition","status":"publish","type":"product","link":"https:\/\/hookahshop.lt\/pl\/produkt\/szisza-spitz-czarna-edycja\/","title":{"rendered":"Fajka wodna SPITZ Black Edition"},"content":{"rendered":"<h2>Fajka wodna SPITZ Black Edition<\/h2>\n<p>Jest to kompaktowa, \u0142atwa w u\u017cyciu fajka wodna. Do\u015b\u0107 lekka fajka wodna, wszystkie jej elementy wykonane s\u0105 z wysokiej jako\u015bci nowoczesnych materia\u0142\u00f3w, kt\u00f3re zapewniaj\u0105 doskona\u0142y smak i trwa\u0142o\u015b\u0107 nawet przy regularnym u\u017cytkowaniu. Mo\u017cna zabra\u0107 ze sob\u0105 wszystko co potrzebne do dobrego wypoczynku. W zestawie znajduje si\u0119 wygodna torba.<\/p>\n<p><strong>Ekwipunek:<\/strong><br \/>\nWa\u0142<br \/>\nUstnik<br \/>\nTalerz<br \/>\nW\u0105\u017c silikonowy Soft Touch<br \/>\nDyfuzor<br \/>\nKolba<br \/>\nPo\u0142\u0105czenie magnetyczne<\/p>\n<p>U\u017cyte materia\u0142y:<br \/>\nWysokiej jako\u015bci stal nierdzewna, niemiecki poliacetal.<\/p>\n<p>Czy masz jakie\u015b pytania? Skontaktuj si\u0119 z nami\u00a0<a href=\"https:\/\/hookahshop.lt\/pl\/lacznosc\/\">strona z kontaktami<\/a>\u00a0lub napisz do nas na adres\u00a0<a href=\"https:\/\/facebook.com\/HookahShop.lt\/\" target=\"_blank\" rel=\"noopener noreferrer\">konto na Facebooku<\/a>\u00a0a my odpowiemy na Twoj\u0105 pro\u015bb\u0119 tego samego dnia.<\/p>","protected":false},"excerpt":{"rendered":"<p>Szisza SPITZ Black Edition Jest to kompaktowa, \u0142atwa w u\u017cyciu szisza. Do\u015b\u0107 lekka fajka wodna, wszystkie jej elementy wykonane s\u0105 z wysokiej jako\u015bci nowoczesnych materia\u0142\u00f3w, kt\u00f3re zapewniaj\u0105 doskona\u0142y smak i trwa\u0142o\u015b\u0107 nawet przy regularnym u\u017cytkowaniu. Mo\u017cna zabra\u0107 ze sob\u0105 wszystko co potrzebne do dobrego wypoczynku. W zestawie znajduje si\u0119 wygodna torba. Kompletny zestaw: Trzonek Ustnik P\u0142ytka W\u0105\u017c silikonowy \u201eSoft Touch\u201d Dyfuzor Kolba Magnetyczna [...]<\/p>","protected":false},"featured_media":26122,"comment_status":"open","ping_status":"closed","template":"","meta":[],"_links":{"self":[{"href":"https:\/\/hookahshop.lt\/pl\/wp-json\/wp\/v2\/product\/25902"}],"collection":[{"href":"https:\/\/hookahshop.lt\/pl\/wp-json\/wp\/v2\/product"}],"about":[{"href":"https:\/\/hookahshop.lt\/pl\/wp-json\/wp\/v2\/types\/product"}],"replies":[{"embeddable":true,"href":"https:\/\/hookahshop.lt\/pl\/wp-json\/wp\/v2\/comments?post=25902"}],"version-history":[{"count":4,"href":"https:\/\/hookahshop.lt\/pl\/wp-json\/wp\/v2\/product\/25902\/revisions"}],"predecessor-version":[{"id":29343,"href":"https:\/\/hookahshop.lt\/pl\/wp-json\/wp\/v2\/product\/25902\/revisions\/29343"}],"wp:featuredmedia":[{"embeddable":true,"href":"https:\/\/hookahshop.lt\/pl\/wp-json\/wp\/v2\/media\/26122"}],"wp:attachment":[{"href":"https:\/\/hookahshop.lt\/pl\/wp-json\/wp\/v2\/media?parent=25902"}],"curies":[{"name":"wp","href":"https:\/\/api.w.org\/{rel}","templated":true}]}}