{"id":25920,"date":"2021-07-22T02:55:36","date_gmt":"2021-07-21T23:55:36","guid":{"rendered":"https:\/\/hookahshop.lt\/?post_type=product&#038;p=25920"},"modified":"2026-04-15T12:29:07","modified_gmt":"2026-04-15T09:29:07","slug":"kolba-kaljanui-bigmaks-rainbow-green","status":"publish","type":"product","link":"https:\/\/hookahshop.lt\/pl\/produkt\/kolba-do-sziszy-bigmaks-teczowo-zielona\/","title":{"rendered":"Kolba do fajki wodnej BIGMAKS Rainbow Green"},"content":{"rendered":"<h2>Kolba do fajki wodnej BIGMAKS Rainbow Green<\/h2>\n<p>Jest to produkt, kt\u00f3ry pos\u0142u\u017cy przez wiele lat. Dzi\u0119ki wysokiej jako\u015bci pow\u0142oce lakierniczej ta kolba z pewno\u015bci\u0105 zachowa sw\u00f3j reprezentacyjny wygl\u0105d przez d\u0142ugi czas i b\u0119dzie wygl\u0105da\u0107 tak, jakby dopiero co zjecha\u0142a z ta\u015bmy produkcyjnej producenta. Ta kolba jest grubo\u015bcienna. Grube \u015bcianki zapewni\u0105 doskona\u0142\u0105 izolacj\u0119 akustyczn\u0105, co jest o tyle wa\u017cne przy paleniu bez dyfuzora. Dzi\u0119ki wytrzyma\u0142o\u015bci BigMaks Rainbow nie b\u0119dziesz musia\u0142 si\u0119 martwi\u0107 o st\u0142uczenie lub inne uszkodzenie tej piersi\u00f3wki. Dzi\u0119ki unikalnemu kszta\u0142towi (w\u0119\u017csze dno) mo\u017cesz zabra\u0107 ten bidon ze sob\u0105 w ka\u017cd\u0105 podr\u00f3\u017c.<\/p>\n<div class=\"tlid-results-container results-container\">\n<div class=\"tlid-result result-dict-wrapper\">\n<div class=\"result tlid-copy-target\">\n<div class=\"text-wrap tlid-copy-target\">\n<div class=\"result-shield-container tlid-copy-target\"><span class=\"tlid-translation translation\" lang=\"lt\"><strong><span title=\"\">Specyfikacje:<\/span><\/strong><br \/>\n<span title=\"\">Wysoko\u015b\u0107: 257 mm<\/span><br \/>\n<span title=\"\">Waga: ~ 1580 g<\/span><br \/>\n<span class=\"\" title=\"\">\u015arednica otworu zewn\u0119trznego: 69 mm<\/span><br \/>\n<span class=\"\" title=\"\">\u015arednica otworu wewn\u0119trznego: 45 mm<\/span><br \/>\n<span class=\"\" title=\"\">Materia\u0142 produktu: szk\u0142o<\/span><\/span><\/div>\n<div><\/div>\n<div>Czy masz jakie\u015b pytania? Skontaktuj si\u0119 z nami\u00a0<a href=\"https:\/\/hookahshop.lt\/pl\/lacznosc\/\">strona z kontaktami<\/a>\u00a0lub napisz do nas na adres\u00a0<a href=\"https:\/\/facebook.com\/HookahShop.lt\/\" target=\"_blank\" rel=\"noopener noreferrer\">konto na Facebooku<\/a>\u00a0a my odpowiemy na Twoj\u0105 pro\u015bb\u0119 tego samego dnia.<\/div>\n<\/div>\n<\/div>\n<\/div>\n<\/div>\n<p>&nbsp;<\/p>","protected":false},"excerpt":{"rendered":"<p>Piersi\u00f3wka do fajki wodnej BIGMAKS Rainbow Green To produkt, kt\u00f3ry pos\u0142u\u017cy wiele lat. Dzi\u0119ki wysokiej jako\u015bci pow\u0142oce malarskiej, kolba ta na pewno zachowa sw\u00f3j reprezentacyjny wygl\u0105d przez d\u0142ugi czas i b\u0119dzie wygl\u0105da\u0107, jakby w\u0142a\u015bnie zjecha\u0142a z linii monta\u017cowej producenta. Ta kolba ma grube \u015bcianki. Grube \u015bcianki zapewni\u0105 doskona\u0142\u0105 izolacj\u0119 akustyczn\u0105, co jest o tyle wa\u017cne, gdy palimy bez dyfuzora. Ze wzgl\u0119du na d\u0142ugowieczno\u015b\u0107 BigMaks Rainbow [\u2026]<\/p>","protected":false},"featured_media":25921,"comment_status":"open","ping_status":"closed","template":"","meta":[],"_links":{"self":[{"href":"https:\/\/hookahshop.lt\/pl\/wp-json\/wp\/v2\/product\/25920"}],"collection":[{"href":"https:\/\/hookahshop.lt\/pl\/wp-json\/wp\/v2\/product"}],"about":[{"href":"https:\/\/hookahshop.lt\/pl\/wp-json\/wp\/v2\/types\/product"}],"replies":[{"embeddable":true,"href":"https:\/\/hookahshop.lt\/pl\/wp-json\/wp\/v2\/comments?post=25920"}],"version-history":[{"count":4,"href":"https:\/\/hookahshop.lt\/pl\/wp-json\/wp\/v2\/product\/25920\/revisions"}],"predecessor-version":[{"id":45078,"href":"https:\/\/hookahshop.lt\/pl\/wp-json\/wp\/v2\/product\/25920\/revisions\/45078"}],"wp:featuredmedia":[{"embeddable":true,"href":"https:\/\/hookahshop.lt\/pl\/wp-json\/wp\/v2\/media\/25921"}],"wp:attachment":[{"href":"https:\/\/hookahshop.lt\/pl\/wp-json\/wp\/v2\/media?parent=25920"}],"curies":[{"name":"wp","href":"https:\/\/api.w.org\/{rel}","templated":true}]}}