{"id":25971,"date":"2021-07-23T01:46:59","date_gmt":"2021-07-22T22:46:59","guid":{"rendered":"https:\/\/hookahshop.lt\/?post_type=product&#038;p=25971"},"modified":"2026-04-17T23:29:28","modified_gmt":"2026-04-17T20:29:28","slug":"kolba-kaljanui-bigmaks-grace-black-2","status":"publish","type":"product","link":"https:\/\/hookahshop.lt\/pl\/produkt\/kolba-do-sziszy-bigmaks-grace-czarna-2\/","title":{"rendered":"Kolba do fajki wodnej BIGMAKS Grace Black"},"content":{"rendered":"<h2>Kolba do fajki wodnej BIGMAKS Grace Black<\/h2>\n<p>Flakon otrzyma\u0142 nazw\u0119 \u201eGrace\u201d ze wzgl\u0119du na sw\u00f3j pe\u0142en wdzi\u0119ku kszta\u0142t. Kolba wykonana jest z kolorowego szk\u0142a kryszta\u0142owego, kt\u00f3re charakteryzuje si\u0119 trwa\u0142o\u015bci\u0105. G\u0119sta, niebieska kolba jest wysokiej jako\u015bci. Nie jest malowany, wi\u0119c pos\u0142u\u017cy wiele lat.<\/p>\n<p><strong><span title=\"\">Specyfikacje:<\/span><\/strong><br \/>\nWysoko\u015b\u0107: 255 mm<br \/>\nWaga: oko\u0142o 1500 g<br \/>\nZewn\u0119trzna \u015brednica gardzieli: 71 mm<br \/>\nWewn\u0119trzna \u015brednica gardzieli: 47 mm<br \/>\nMateria\u0142 produktu: szk\u0142o kryszta\u0142owe<\/p>\n<p>Czy masz jakie\u015b pytania? Skontaktuj si\u0119 z nami\u00a0<a href=\"https:\/\/hookahshop.lt\/pl\/lacznosc\/\">strona z kontaktami<\/a>\u00a0lub napisz do nas na adres\u00a0<a href=\"https:\/\/facebook.com\/HookahShop.lt\/\" target=\"_blank\" rel=\"noopener noreferrer\">konto na Facebooku<\/a>\u00a0a my odpowiemy na Twoj\u0105 pro\u015bb\u0119 tego samego dnia.<\/p>","protected":false},"excerpt":{"rendered":"<p>Piersi\u00f3wka do fajki wodnej BIGMAKS Grace Black Piersi\u00f3wka nosi nazw\u0119 \u201eGrace\u201d ze wzgl\u0119du na sw\u00f3j pe\u0142en wdzi\u0119ku kszta\u0142t. Kolba wykonana jest z kolorowego szk\u0142a kryszta\u0142owego, kt\u00f3re charakteryzuje si\u0119 trwa\u0142o\u015bci\u0105. G\u0119sta, niebieska kolba jest wysokiej jako\u015bci. Nie jest malowany, wi\u0119c pos\u0142u\u017cy wiele lat. Dane techniczne: Wysoko\u015b\u0107: 255 mm Waga: oko\u0142o 1500 g Zewn\u0119trzna \u015brednica gardzieli: 71 mm Wewn\u0119trzna \u015brednica gardzieli: 47 mm Produkt [\u2026]<\/p>","protected":false},"featured_media":25973,"comment_status":"open","ping_status":"closed","template":"","meta":[],"_links":{"self":[{"href":"https:\/\/hookahshop.lt\/pl\/wp-json\/wp\/v2\/product\/25971"}],"collection":[{"href":"https:\/\/hookahshop.lt\/pl\/wp-json\/wp\/v2\/product"}],"about":[{"href":"https:\/\/hookahshop.lt\/pl\/wp-json\/wp\/v2\/types\/product"}],"replies":[{"embeddable":true,"href":"https:\/\/hookahshop.lt\/pl\/wp-json\/wp\/v2\/comments?post=25971"}],"version-history":[{"count":4,"href":"https:\/\/hookahshop.lt\/pl\/wp-json\/wp\/v2\/product\/25971\/revisions"}],"predecessor-version":[{"id":45057,"href":"https:\/\/hookahshop.lt\/pl\/wp-json\/wp\/v2\/product\/25971\/revisions\/45057"}],"wp:featuredmedia":[{"embeddable":true,"href":"https:\/\/hookahshop.lt\/pl\/wp-json\/wp\/v2\/media\/25973"}],"wp:attachment":[{"href":"https:\/\/hookahshop.lt\/pl\/wp-json\/wp\/v2\/media?parent=25971"}],"curies":[{"name":"wp","href":"https:\/\/api.w.org\/{rel}","templated":true}]}}