{"id":25976,"date":"2021-07-23T01:49:46","date_gmt":"2021-07-22T22:49:46","guid":{"rendered":"https:\/\/hookahshop.lt\/?post_type=product&#038;p=25976"},"modified":"2026-04-15T23:29:03","modified_gmt":"2026-04-15T20:29:03","slug":"kolba-kaljanui-bigmaks-rainbow-white","status":"publish","type":"product","link":"https:\/\/hookahshop.lt\/pl\/produkt\/kolba-na-szisze-bigmaks-teczowo-biala\/","title":{"rendered":"Kolba do fajki wodnej BIGMAKS Rainbow White"},"content":{"rendered":"<h2>Kolba do fajki wodnej BIGMAKS Rainbow White<\/h2>\n<p>Jest to produkt, kt\u00f3ry pos\u0142u\u017cy przez wiele lat. Dzi\u0119ki wysokiej jako\u015bci pow\u0142oce lakierniczej ta kolba z pewno\u015bci\u0105 zachowa sw\u00f3j reprezentacyjny wygl\u0105d przez d\u0142ugi czas i b\u0119dzie wygl\u0105da\u0107 tak, jakby dopiero co zjecha\u0142a z ta\u015bmy produkcyjnej producenta. Ta kolba jest grubo\u015bcienna. Grube \u015bcianki zapewni\u0105 doskona\u0142\u0105 izolacj\u0119 akustyczn\u0105, co jest o tyle wa\u017cne przy paleniu bez dyfuzora. Dzi\u0119ki wytrzyma\u0142o\u015bci BigMaks Rainbow nie b\u0119dziesz musia\u0142 si\u0119 martwi\u0107 o st\u0142uczenie lub inne uszkodzenie tej piersi\u00f3wki. Dzi\u0119ki unikalnemu kszta\u0142towi (w\u0119\u017csze dno) mo\u017cesz zabra\u0107 ten bidon ze sob\u0105 w ka\u017cd\u0105 podr\u00f3\u017c.<\/p>\n<div class=\"tlid-results-container results-container\">\n<div class=\"tlid-result result-dict-wrapper\">\n<div class=\"result tlid-copy-target\">\n<div class=\"text-wrap tlid-copy-target\">\n<div class=\"result-shield-container tlid-copy-target\"><span class=\"tlid-translation translation\" lang=\"lt\"><strong><span title=\"\">Specyfikacje:<\/span><\/strong><br \/>\n<span title=\"\">Wysoko\u015b\u0107: 265mm<\/span><br \/>\n<span title=\"\">Waga: ~ 1620 g<\/span><br \/>\n<span class=\"\" title=\"\">\u015arednica zewn\u0119trzna otworu: 74 mm<\/span><br \/>\n<span class=\"\" title=\"\">\u015arednica otworu wewn\u0119trznego: 47 mm<\/span><br \/>\n<span class=\"\" title=\"\">Materia\u0142 produktu: szk\u0142o kryszta\u0142owe<\/span><\/span><\/div>\n<div><\/div>\n<div>Czy masz jakie\u015b pytania? Skontaktuj si\u0119 z nami\u00a0<a href=\"https:\/\/hookahshop.lt\/pl\/lacznosc\/\">strona z kontaktami<\/a>\u00a0lub napisz do nas na adres\u00a0<a href=\"https:\/\/facebook.com\/HookahShop.lt\/\" target=\"_blank\" rel=\"noopener noreferrer\">konto na Facebooku<\/a>\u00a0a my odpowiemy na Twoj\u0105 pro\u015bb\u0119 tego samego dnia.<\/div>\n<\/div>\n<\/div>\n<\/div>\n<\/div>","protected":false},"excerpt":{"rendered":"<p>Piersi\u00f3wka do fajki wodnej BIGMAKS Rainbow White To produkt, kt\u00f3ry pos\u0142u\u017cy wiele lat. Dzi\u0119ki wysokiej jako\u015bci pow\u0142oce lakierniczej kolba ta z pewno\u015bci\u0105 na d\u0142ugo zachowa sw\u00f3j reprezentacyjny wygl\u0105d i b\u0119dzie wygl\u0105da\u0107, jakby dopiero co zjecha\u0142a z linii monta\u017cowej producenta. Ta kolba ma grube \u015bcianki. Grube \u015bcianki zapewni\u0105 doskona\u0142\u0105 izolacj\u0119 akustyczn\u0105, co jest o tyle wa\u017cne, gdy palimy bez dyfuzora. Ze wzgl\u0119du na d\u0142ugowieczno\u015b\u0107 BigMaks Rainbow [\u2026]<\/p>","protected":false},"featured_media":25977,"comment_status":"open","ping_status":"closed","template":"","meta":[],"_links":{"self":[{"href":"https:\/\/hookahshop.lt\/pl\/wp-json\/wp\/v2\/product\/25976"}],"collection":[{"href":"https:\/\/hookahshop.lt\/pl\/wp-json\/wp\/v2\/product"}],"about":[{"href":"https:\/\/hookahshop.lt\/pl\/wp-json\/wp\/v2\/types\/product"}],"replies":[{"embeddable":true,"href":"https:\/\/hookahshop.lt\/pl\/wp-json\/wp\/v2\/comments?post=25976"}],"version-history":[{"count":5,"href":"https:\/\/hookahshop.lt\/pl\/wp-json\/wp\/v2\/product\/25976\/revisions"}],"predecessor-version":[{"id":43055,"href":"https:\/\/hookahshop.lt\/pl\/wp-json\/wp\/v2\/product\/25976\/revisions\/43055"}],"wp:featuredmedia":[{"embeddable":true,"href":"https:\/\/hookahshop.lt\/pl\/wp-json\/wp\/v2\/media\/25977"}],"wp:attachment":[{"href":"https:\/\/hookahshop.lt\/pl\/wp-json\/wp\/v2\/media?parent=25976"}],"curies":[{"name":"wp","href":"https:\/\/api.w.org\/{rel}","templated":true}]}}