{"id":25980,"date":"2021-07-23T01:53:32","date_gmt":"2021-07-22T22:53:32","guid":{"rendered":"https:\/\/hookahshop.lt\/?post_type=product&#038;p=25980"},"modified":"2026-04-15T23:29:02","modified_gmt":"2026-04-15T20:29:02","slug":"kolba-kaljanui-bigmaks-glob-starred-night","status":"publish","type":"product","link":"https:\/\/hookahshop.lt\/pl\/produkt\/kolba-szisza-bigmaks-glob-gwiazda-noc\/","title":{"rendered":"Kolba do fajki wodnej BIGMAKS Glob Starred Night"},"content":{"rendered":"<h2>Kolba do fajki wodnej BIGMAKS Glob Starred Night<\/h2>\n<p>To \u015bwiec\u0105ca w ciemno\u015bci kolba na fajk\u0119 wodn\u0105 o nazwie \u201eGwia\u017adzista Noc\u201d, wykonana z kryszta\u0142owego szk\u0142a spo\u017cywczego w kszta\u0142cie \u201eBloba\u201d. \u201eBigMaks Starred Night\u201d oddaje wra\u017cenie rozgwie\u017cd\u017conego nocnego nieba.<\/p>\n<p><strong><span title=\"\">Specyfikacje:<\/span><\/strong><br \/>\nWysoko\u015b\u0107: ~271 mm<br \/>\nWaga: ~1520 g<br \/>\nWewn\u0119trzna \u015brednica szyjki: ok. 73 mm<br \/>\n\u015arednica zewn\u0119trzna szyjki: ok. 45 mm<br \/>\nMateria\u0142: szk\u0142o<\/p>\n<p>Czy masz jakie\u015b pytania? Skontaktuj si\u0119 z nami\u00a0<a href=\"https:\/\/hookahshop.lt\/pl\/lacznosc\/\">strona z kontaktami<\/a>\u00a0lub napisz do nas na adres\u00a0<a href=\"https:\/\/facebook.com\/HookahShop.lt\/\" target=\"_blank\" rel=\"noopener noreferrer\">konto na Facebooku<\/a>\u00a0a my odpowiemy na Twoj\u0105 pro\u015bb\u0119 tego samego dnia.<\/p>","protected":false},"excerpt":{"rendered":"<p>Piersi\u00f3wka do fajki wodnej BIGMAKS Glob Starred Night Jest to \u015bwiec\u0105ca w ciemno\u015bci buteleczka do fajki wodnej o nazwie \u201eStarred Night\u201d, wykonana z kryszta\u0142owego szk\u0142a przeznaczonego do kontaktu z \u017cywno\u015bci\u0105, w kszta\u0142cie kuli. \u201eBigMaks Starred Night\u201d oddaje wra\u017cenie rozgwie\u017cd\u017conego nocnego nieba. Dane techniczne: Wysoko\u015b\u0107: ~ 271 mm Waga: ~ 1520 g Wewn\u0119trzna \u015brednica szyjki: ok. 73 mm Zewn\u0119trzna \u015brednica szyjki: ok. 45 mm Materia\u0142: szk\u0142o Masz [\u2026]<\/p>","protected":false},"featured_media":25981,"comment_status":"open","ping_status":"closed","template":"","meta":[],"_links":{"self":[{"href":"https:\/\/hookahshop.lt\/pl\/wp-json\/wp\/v2\/product\/25980"}],"collection":[{"href":"https:\/\/hookahshop.lt\/pl\/wp-json\/wp\/v2\/product"}],"about":[{"href":"https:\/\/hookahshop.lt\/pl\/wp-json\/wp\/v2\/types\/product"}],"replies":[{"embeddable":true,"href":"https:\/\/hookahshop.lt\/pl\/wp-json\/wp\/v2\/comments?post=25980"}],"version-history":[{"count":4,"href":"https:\/\/hookahshop.lt\/pl\/wp-json\/wp\/v2\/product\/25980\/revisions"}],"predecessor-version":[{"id":45049,"href":"https:\/\/hookahshop.lt\/pl\/wp-json\/wp\/v2\/product\/25980\/revisions\/45049"}],"wp:featuredmedia":[{"embeddable":true,"href":"https:\/\/hookahshop.lt\/pl\/wp-json\/wp\/v2\/media\/25981"}],"wp:attachment":[{"href":"https:\/\/hookahshop.lt\/pl\/wp-json\/wp\/v2\/media?parent=25980"}],"curies":[{"name":"wp","href":"https:\/\/api.w.org\/{rel}","templated":true}]}}