{"id":25984,"date":"2021-07-23T01:56:15","date_gmt":"2021-07-22T22:56:15","guid":{"rendered":"https:\/\/hookahshop.lt\/?post_type=product&#038;p=25984"},"modified":"2026-04-15T23:29:03","modified_gmt":"2026-04-15T20:29:03","slug":"kolba-kaljanui-bigmaks-rainbow-starred-night","status":"publish","type":"product","link":"https:\/\/hookahshop.lt\/pl\/produkt\/kolba-na-szisza-bigmaks-teczowa-gwiazda-noc\/","title":{"rendered":"Kolba do fajki wodnej BIGMAKS Rainbow Starred Night"},"content":{"rendered":"<h2>Kolba do fajki wodnej BIGMAKS Rainbow Starred Night<\/h2>\n<p>Jest to \u015bwiec\u0105ca w ciemno\u015bci buteleczka na fajk\u0119 wodn\u0105 o nazwie \u201eGwia\u017adzista Noc\u201d, wykonana z kryszta\u0142owego szk\u0142a spo\u017cywczego, BigMaks Rainbow Starred Night sprawia wra\u017cenie nocnego, gwia\u017adzistego nieba.<br \/>\n\u2800<br \/>\n<strong><span title=\"\">Specyfikacje:<\/span><\/strong><br \/>\nWysoko\u015b\u0107: 248 mm<br \/>\nWaga: ~ 1610 g<br \/>\nZewn\u0119trzna \u015brednica gardzieli: 72 mm<br \/>\nWewn\u0119trzna \u015brednica gardzieli: 45 mm<br \/>\nMateria\u0142 produktu: szk\u0142o kryszta\u0142owe<\/p>\n<p>Czy masz jakie\u015b pytania? Skontaktuj si\u0119 z nami\u00a0<a href=\"https:\/\/hookahshop.lt\/pl\/lacznosc\/\">strona z kontaktami<\/a>\u00a0lub napisz do nas na adres\u00a0<a href=\"https:\/\/facebook.com\/HookahShop.lt\/\" target=\"_blank\" rel=\"noopener noreferrer\">konto na Facebooku<\/a>\u00a0a my odpowiemy na Twoj\u0105 pro\u015bb\u0119 tego samego dnia.<\/p>","protected":false},"excerpt":{"rendered":"<p>Kolba kaljanui BIGMAKS Rainbow Starred Night Tai yra \u0161vytinti tamsioje kaljano kolba, vadinama \u201e\u017dvaig\u017ed\u0117ta naktis\u201c, pagaminta i\u0161 maistinio kri\u0161tolo stiklo, \u201eBigMaks Rainbow Starred Night\u201c (\u201e\u017dvaig\u017ed\u0117ta naktis\u201c) perteikia naktinio \u017evaig\u017ed\u0117to dangaus \u012fsp\u016bd\u012f. \u2800 Specifikacijos: Auk\u0161tis: 248 mm Svoris: ~ 1610 g I\u0161orinis gerkl\u0117s skersmuo: 72 mm Vidinis gerkl\u0117s skersmuo: 45 mm Produkto med\u017eiaga: kri\u0161tolo stiklas Turite [&hellip;]<\/p>","protected":false},"featured_media":25985,"comment_status":"open","ping_status":"closed","template":"","meta":[],"_links":{"self":[{"href":"https:\/\/hookahshop.lt\/pl\/wp-json\/wp\/v2\/product\/25984"}],"collection":[{"href":"https:\/\/hookahshop.lt\/pl\/wp-json\/wp\/v2\/product"}],"about":[{"href":"https:\/\/hookahshop.lt\/pl\/wp-json\/wp\/v2\/types\/product"}],"replies":[{"embeddable":true,"href":"https:\/\/hookahshop.lt\/pl\/wp-json\/wp\/v2\/comments?post=25984"}],"version-history":[{"count":4,"href":"https:\/\/hookahshop.lt\/pl\/wp-json\/wp\/v2\/product\/25984\/revisions"}],"predecessor-version":[{"id":45088,"href":"https:\/\/hookahshop.lt\/pl\/wp-json\/wp\/v2\/product\/25984\/revisions\/45088"}],"wp:featuredmedia":[{"embeddable":true,"href":"https:\/\/hookahshop.lt\/pl\/wp-json\/wp\/v2\/media\/25985"}],"wp:attachment":[{"href":"https:\/\/hookahshop.lt\/pl\/wp-json\/wp\/v2\/media?parent=25984"}],"curies":[{"name":"wp","href":"https:\/\/api.w.org\/{rel}","templated":true}]}}