{"id":25988,"date":"2021-07-23T02:00:22","date_gmt":"2021-07-22T23:00:22","guid":{"rendered":"https:\/\/hookahshop.lt\/?post_type=product&#038;p=25988"},"modified":"2026-04-15T23:29:02","modified_gmt":"2026-04-15T20:29:02","slug":"kolba-kaljanui-bigmaks-drop-grey","status":"publish","type":"product","link":"https:\/\/hookahshop.lt\/pl\/produkt\/kolba-do-sziszy-bigmaks-drop-szara\/","title":{"rendered":"Kolba do fajki wodnej BIGMAKS Drop Grey"},"content":{"rendered":"<h2>Kolba do fajki wodnej BIGMAKS Drop Grey<\/h2>\n<p>Fajka wodna wykonana jest w kszta\u0142cie kropli i wykonana z wytrzyma\u0142ego szk\u0142a. Nadaje si\u0119 zar\u00f3wno do ma\u0142ych, jak i \u015brednich fajek wodnych.<\/p>\n<div class=\"result-shield-container tlid-copy-target\"><span class=\"tlid-translation translation\" lang=\"lt\"><strong><span title=\"\">Specyfikacje:<\/span><\/strong><br \/>\n<span title=\"\">Wysoko\u015b\u0107: 280 mm<\/span><br \/>\n<span title=\"\">Waga: ~ 1200 g<\/span><br \/>\n<span class=\"\" title=\"\">\u015arednica otworu zewn\u0119trznego: 70 mm<\/span><br \/>\n<span class=\"\" title=\"\">\u015arednica otworu wewn\u0119trznego: 45 mm<\/span><br \/>\n<span class=\"\" title=\"\">Materia\u0142 produktu: szk\u0142o<\/span><\/span><\/div>\n<div><\/div>\n<div>Czy masz jakie\u015b pytania? Skontaktuj si\u0119 z nami\u00a0<a href=\"https:\/\/hookahshop.lt\/pl\/lacznosc\/\">strona z kontaktami<\/a>\u00a0lub napisz do nas na adres\u00a0<a href=\"https:\/\/facebook.com\/HookahShop.lt\/\" target=\"_blank\" rel=\"noopener noreferrer\">konto na Facebooku<\/a>\u00a0a my odpowiemy na Twoj\u0105 pro\u015bb\u0119 tego samego dnia.<\/div>","protected":false},"excerpt":{"rendered":"<p>Kolba kaljanui BIGMAKS Drop Grey Kaljanas pagamintas la\u0161o (,,drop&#8221;) formos ir i\u0161 patvaraus stiklo. Tinka tiek su ma\u017eais, tiek su vidutiniais kaljanais. Specifikacijos: Auk\u0161tis: 280 mm Svoris: ~ 1200 g I\u0161orin\u0117s skyl\u0117s skersmuo: 70 mm Vidin\u0117s skyl\u0117s skersmuo: 45 mm Produkto med\u017eiaga: stiklas Turite klausim\u0173? Susisiekite su mumis\u00a0kontakt\u0173 puslapyje\u00a0arba para\u0161ykite mums \u012f\u00a0Facebook paskyr\u0105\u00a0ir atsakysime \u012f [&hellip;]<\/p>","protected":false},"featured_media":25989,"comment_status":"open","ping_status":"closed","template":"","meta":[],"_links":{"self":[{"href":"https:\/\/hookahshop.lt\/pl\/wp-json\/wp\/v2\/product\/25988"}],"collection":[{"href":"https:\/\/hookahshop.lt\/pl\/wp-json\/wp\/v2\/product"}],"about":[{"href":"https:\/\/hookahshop.lt\/pl\/wp-json\/wp\/v2\/types\/product"}],"replies":[{"embeddable":true,"href":"https:\/\/hookahshop.lt\/pl\/wp-json\/wp\/v2\/comments?post=25988"}],"version-history":[{"count":5,"href":"https:\/\/hookahshop.lt\/pl\/wp-json\/wp\/v2\/product\/25988\/revisions"}],"predecessor-version":[{"id":43069,"href":"https:\/\/hookahshop.lt\/pl\/wp-json\/wp\/v2\/product\/25988\/revisions\/43069"}],"wp:featuredmedia":[{"embeddable":true,"href":"https:\/\/hookahshop.lt\/pl\/wp-json\/wp\/v2\/media\/25989"}],"wp:attachment":[{"href":"https:\/\/hookahshop.lt\/pl\/wp-json\/wp\/v2\/media?parent=25988"}],"curies":[{"name":"wp","href":"https:\/\/api.w.org\/{rel}","templated":true}]}}