{"id":25993,"date":"2021-07-23T02:04:07","date_gmt":"2021-07-22T23:04:07","guid":{"rendered":"https:\/\/hookahshop.lt\/?post_type=product&#038;p=25993"},"modified":"2026-04-15T23:29:03","modified_gmt":"2026-04-15T20:29:03","slug":"kolba-kaljanui-bigmaks-rocket-grey","status":"publish","type":"product","link":"https:\/\/hookahshop.lt\/pl\/produkt\/kolba-do-sziszy-bigmaks-rakietowo-szara\/","title":{"rendered":"Kolba do fajki wodnej BIGMAKS Rocket Grey"},"content":{"rendered":"<h2>Kolba do fajki wodnej BIGMAKS Rocket Grey<\/h2>\n<p>To zupe\u0142nie nowy typ kolby, kt\u00f3ry ze wzgl\u0119du na sw\u00f3j oryginalny kszta\u0142t nazywany jest \u201eRakiet\u0105\u201d. Piersi\u00f3wka do fajki wodnej BIGMAKS Rocket wykonana jest z kryszta\u0142owego szk\u0142a i posiada szary odcie\u0144. Pasuje do prawie wszystkich nowoczesnych fajek wodnych.<\/p>\n<div class=\"result-shield-container tlid-copy-target\"><span class=\"tlid-translation translation\" lang=\"lt\"><strong><span title=\"\">Specyfikacje:<\/span><\/strong><br \/>\n<span title=\"\">Wysoko\u015b\u0107: 257 mm<\/span><br \/>\n<span title=\"\">Waga: ~ 1610 g<\/span><br \/>\n<span class=\"\" title=\"\">\u015arednica otworu zewn\u0119trznego: 71 mm<\/span><br \/>\n<span class=\"\" title=\"\">\u015arednica otworu wewn\u0119trznego: 47 mm<\/span><br \/>\n<span class=\"\" title=\"\">Materia\u0142 produktu: szk\u0142o kryszta\u0142owe<\/span><\/span><\/div>\n<div><\/div>\n<div>Czy masz jakie\u015b pytania? Skontaktuj si\u0119 z nami\u00a0<a href=\"https:\/\/hookahshop.lt\/pl\/lacznosc\/\">strona z kontaktami<\/a>\u00a0lub napisz do nas na adres\u00a0<a href=\"https:\/\/facebook.com\/HookahShop.lt\/\" target=\"_blank\" rel=\"noopener noreferrer\">konto na Facebooku<\/a>\u00a0a my odpowiemy na Twoj\u0105 pro\u015bb\u0119 tego samego dnia.<\/div>","protected":false},"excerpt":{"rendered":"<p>Kolba kaljanui BIGMAKS Rocket Grey Tai visi\u0161kai naujo tipo kolba, kuri d\u0117l savo orginalios formos vadinama ,,Rocket&#8221;. Kolba kaljanui BIGMAKS Rocket yra pagaminta i\u0161 krik\u0161tolo stiklo ir yra pilko atspalvio. Tinka beveik visiems \u0161iuolaikiniams kaljanams. Specifikacijos: Auk\u0161tis: 257 mm Svoris: ~ 1610 g I\u0161orin\u0117s skyl\u0117s skersmuo: 71 mm Vidin\u0117s skyl\u0117s skersmuo: 47 mm Produkto med\u017eiaga: [&hellip;]<\/p>","protected":false},"featured_media":25994,"comment_status":"open","ping_status":"closed","template":"","meta":[],"_links":{"self":[{"href":"https:\/\/hookahshop.lt\/pl\/wp-json\/wp\/v2\/product\/25993"}],"collection":[{"href":"https:\/\/hookahshop.lt\/pl\/wp-json\/wp\/v2\/product"}],"about":[{"href":"https:\/\/hookahshop.lt\/pl\/wp-json\/wp\/v2\/types\/product"}],"replies":[{"embeddable":true,"href":"https:\/\/hookahshop.lt\/pl\/wp-json\/wp\/v2\/comments?post=25993"}],"version-history":[{"count":4,"href":"https:\/\/hookahshop.lt\/pl\/wp-json\/wp\/v2\/product\/25993\/revisions"}],"predecessor-version":[{"id":45098,"href":"https:\/\/hookahshop.lt\/pl\/wp-json\/wp\/v2\/product\/25993\/revisions\/45098"}],"wp:featuredmedia":[{"embeddable":true,"href":"https:\/\/hookahshop.lt\/pl\/wp-json\/wp\/v2\/media\/25994"}],"wp:attachment":[{"href":"https:\/\/hookahshop.lt\/pl\/wp-json\/wp\/v2\/media?parent=25993"}],"curies":[{"name":"wp","href":"https:\/\/api.w.org\/{rel}","templated":true}]}}