{"id":26001,"date":"2021-07-23T02:10:05","date_gmt":"2021-07-22T23:10:05","guid":{"rendered":"https:\/\/hookahshop.lt\/?post_type=product&#038;p=26001"},"modified":"2026-04-15T23:29:03","modified_gmt":"2026-04-15T20:29:03","slug":"kolba-kaljanui-bigmaks-ufo-light-grey","status":"publish","type":"product","link":"https:\/\/hookahshop.lt\/pl\/produkt\/kolba-do-sziszy-bigmaks-ufo-jasnoszara\/","title":{"rendered":"Hak do BIGMAKS UFO Jasnoszary"},"content":{"rendered":"<h2>Hak do BIGMAKS UFO Jasnoszary<\/h2>\n<p>Flakon na fajk\u0119 wodn\u0105 wykonany jest w kszta\u0142cie lataj\u0105cego spodka. Kolba nie ma bok\u00f3w, przez co wygl\u0105da p\u0142asko w por\u00f3wnaniu do innych kolb. Jest jasnoszary kolor. Nadaje si\u0119 do wszystkich fajek wodnych.<\/p>\n<div class=\"result-shield-container tlid-copy-target\"><span class=\"tlid-translation translation\" lang=\"lt\"><strong><span title=\"\">Specyfikacje:<\/span><\/strong><br \/>\n<span title=\"\">Wysoko\u015b\u0107: 248 mm<\/span><br \/>\n<span title=\"\">Waga: ~ 1820 g<\/span><br \/>\n<span class=\"\" title=\"\">\u015arednica zewn\u0119trzna otworu: 67 mm<\/span><br \/>\n<span class=\"\" title=\"\">\u015arednica otworu wewn\u0119trznego: 45 mm<\/span><br \/>\n<span class=\"\" title=\"\">Materia\u0142 produktu: szk\u0142o<\/span><\/span><\/div>\n<div><\/div>\n<div>Czy masz jakie\u015b pytania? Skontaktuj si\u0119 z nami\u00a0<a href=\"https:\/\/hookahshop.lt\/pl\/lacznosc\/\">strona z kontaktami<\/a>\u00a0lub napisz do nas na adres\u00a0<a href=\"https:\/\/facebook.com\/HookahShop.lt\/\" target=\"_blank\" rel=\"noopener noreferrer\">konto na Facebooku<\/a>\u00a0a my odpowiemy na Twoj\u0105 pro\u015bb\u0119 tego samego dnia.<\/div>","protected":false},"excerpt":{"rendered":"<p>Kolba kaljanui BIGMAKS UFO Light Grey Kaljano kolba pagaminta skraidan\u010dios l\u0117k\u0161t\u0117s forma. Kolba neturi \u0161on\u0173, tod\u0117l atrodo plok\u0161\u010dia lyginant su kitomis kolbomis. Yra \u0161viesiai pilkos spalvos. Tinka visiems kaljanams. Specifikacijos: Auk\u0161tis: 248 mm Svoris: ~ 1820 g I\u0161orin\u0117s skyl\u0117s skersmuo: 67 mm Vidin\u0117s skyl\u0117s skersmuo: 45 mm Produkto med\u017eiaga: stiklas Turite klausim\u0173? Susisiekite su mumis\u00a0kontakt\u0173 [&hellip;]<\/p>","protected":false},"featured_media":26002,"comment_status":"open","ping_status":"closed","template":"","meta":[],"_links":{"self":[{"href":"https:\/\/hookahshop.lt\/pl\/wp-json\/wp\/v2\/product\/26001"}],"collection":[{"href":"https:\/\/hookahshop.lt\/pl\/wp-json\/wp\/v2\/product"}],"about":[{"href":"https:\/\/hookahshop.lt\/pl\/wp-json\/wp\/v2\/types\/product"}],"replies":[{"embeddable":true,"href":"https:\/\/hookahshop.lt\/pl\/wp-json\/wp\/v2\/comments?post=26001"}],"version-history":[{"count":4,"href":"https:\/\/hookahshop.lt\/pl\/wp-json\/wp\/v2\/product\/26001\/revisions"}],"predecessor-version":[{"id":45103,"href":"https:\/\/hookahshop.lt\/pl\/wp-json\/wp\/v2\/product\/26001\/revisions\/45103"}],"wp:featuredmedia":[{"embeddable":true,"href":"https:\/\/hookahshop.lt\/pl\/wp-json\/wp\/v2\/media\/26002"}],"wp:attachment":[{"href":"https:\/\/hookahshop.lt\/pl\/wp-json\/wp\/v2\/media?parent=26001"}],"curies":[{"name":"wp","href":"https:\/\/api.w.org\/{rel}","templated":true}]}}