{"id":26004,"date":"2021-07-23T02:12:27","date_gmt":"2021-07-22T23:12:27","guid":{"rendered":"https:\/\/hookahshop.lt\/?post_type=product&#038;p=26004"},"modified":"2026-04-15T23:29:03","modified_gmt":"2026-04-15T20:29:03","slug":"kolba-kaljanui-bigmaks-ufo","status":"publish","type":"product","link":"https:\/\/hookahshop.lt\/pl\/produkt\/kolba-do-sziszy-bigmax-ufo\/","title":{"rendered":"Kolba do fajki wodnej BIGMAKS UFO"},"content":{"rendered":"<h2>Kolba do fajki wodnej BIGMAKS UFO<\/h2>\n<p>Flakon na fajk\u0119 wodn\u0105 wykonany jest w kszta\u0142cie lataj\u0105cego spodka. Kolba nie ma bok\u00f3w, przez co wygl\u0105da p\u0142asko w por\u00f3wnaniu do innych kolb. Istniej\u0105 przezroczyste kolory. Nadaje si\u0119 do wszystkich fajek wodnych.<\/p>\n<div class=\"result-shield-container tlid-copy-target\"><span class=\"tlid-translation translation\" lang=\"lt\"><strong><span title=\"\">Specyfikacje:<\/span><\/strong><br \/>\n<span title=\"\">Wysoko\u015b\u0107: 250 mm<\/span><br \/>\n<span title=\"\">Waga: ~ 2050 gr<\/span><br \/>\n<span class=\"\" title=\"\">\u015arednica zewn\u0119trzna otworu: 68 mm<\/span><br \/>\n<span class=\"\" title=\"\">\u015arednica otworu wewn\u0119trznego: 45 mm<\/span><br \/>\n<span class=\"\" title=\"\">Materia\u0142 produktu: szk\u0142o<\/span><\/span><\/div>\n<div><\/div>\n<div>Czy masz jakie\u015b pytania? Skontaktuj si\u0119 z nami\u00a0<a href=\"https:\/\/hookahshop.lt\/pl\/lacznosc\/\">strona z kontaktami<\/a>\u00a0lub napisz do nas na adres\u00a0<a href=\"https:\/\/facebook.com\/HookahShop.lt\/\" target=\"_blank\" rel=\"noopener noreferrer\">konto na Facebooku<\/a>\u00a0a my odpowiemy na Twoj\u0105 pro\u015bb\u0119 tego samego dnia.<\/div>","protected":false},"excerpt":{"rendered":"<p>Piersi\u00f3wka do fajki wodnej BIGMAKS UFO Kolba do fajki wodnej wykonana jest w kszta\u0142cie lataj\u0105cego spodka. Kolba nie ma bok\u00f3w, przez co wygl\u0105da p\u0142asko w por\u00f3wnaniu do innych kolb. Istniej\u0105 przezroczyste kolory. Nadaje si\u0119 do wszystkich fajek wodnych. Dane techniczne: Wysoko\u015b\u0107: 250 mm Waga: ~ 2050 gr \u015arednica zewn\u0119trzna otworu: 68 mm \u015arednica wewn\u0119trzna otworu: 45 mm Materia\u0142 produktu: szk\u0142o Masz pytania? Skontaktuj si\u0119 z nami na stronie kontaktowej lub napisz do nas [...]<\/p>","protected":false},"featured_media":26006,"comment_status":"open","ping_status":"closed","template":"","meta":[],"_links":{"self":[{"href":"https:\/\/hookahshop.lt\/pl\/wp-json\/wp\/v2\/product\/26004"}],"collection":[{"href":"https:\/\/hookahshop.lt\/pl\/wp-json\/wp\/v2\/product"}],"about":[{"href":"https:\/\/hookahshop.lt\/pl\/wp-json\/wp\/v2\/types\/product"}],"replies":[{"embeddable":true,"href":"https:\/\/hookahshop.lt\/pl\/wp-json\/wp\/v2\/comments?post=26004"}],"version-history":[{"count":2,"href":"https:\/\/hookahshop.lt\/pl\/wp-json\/wp\/v2\/product\/26004\/revisions"}],"predecessor-version":[{"id":26008,"href":"https:\/\/hookahshop.lt\/pl\/wp-json\/wp\/v2\/product\/26004\/revisions\/26008"}],"wp:featuredmedia":[{"embeddable":true,"href":"https:\/\/hookahshop.lt\/pl\/wp-json\/wp\/v2\/media\/26006"}],"wp:attachment":[{"href":"https:\/\/hookahshop.lt\/pl\/wp-json\/wp\/v2\/media?parent=26004"}],"curies":[{"name":"wp","href":"https:\/\/api.w.org\/{rel}","templated":true}]}}