{"id":26009,"date":"2021-07-23T02:16:13","date_gmt":"2021-07-22T23:16:13","guid":{"rendered":"https:\/\/hookahshop.lt\/?post_type=product&#038;p=26009"},"modified":"2026-04-15T23:29:02","modified_gmt":"2026-04-15T20:29:02","slug":"kolba-kaljanui-bigmaks-rainbow-2","status":"publish","type":"product","link":"https:\/\/hookahshop.lt\/pl\/produkt\/flask-for-hookah-bigmaks-rainbow-2\/","title":{"rendered":"Kolba do fajki wodnej BIGMAKS Rainbow"},"content":{"rendered":"<h2>Kolba do fajki wodnej BIGMAKS Rainbow<\/h2>\n<p>Kolba ma kszta\u0142t piramidy, kt\u00f3ra jest jedn\u0105 z najpopularniejszych. Termos BIGMAKS Rainbow ma pi\u0119kny t\u0119czowy odcie\u0144, jest przezroczysty, a poziom wody jest dobrze widoczny.<\/p>\n<p><strong><span title=\"\">Specyfikacje:<\/span><\/strong><br \/>\nWysoko\u015b\u0107: ~ 258 mm<br \/>\nWaga: ~ 1790 g<br \/>\nWewn\u0119trzna \u015brednica szyi: oko\u0142o 71 mm<br \/>\n\u015arednica zewn\u0119trzna szyi: oko\u0142o 47 mm<br \/>\nMateria\u0142: szk\u0142o kryszta\u0142owe<\/p>\n<p>Czy masz jakie\u015b pytania? Skontaktuj si\u0119 z nami\u00a0<a href=\"https:\/\/hookahshop.lt\/pl\/lacznosc\/\">strona z kontaktami<\/a>\u00a0lub napisz do nas na adres\u00a0<a href=\"https:\/\/facebook.com\/HookahShop.lt\/\" target=\"_blank\" rel=\"noopener noreferrer\">konto na Facebooku<\/a> a my odpowiemy na Twoj\u0105 pro\u015bb\u0119 tego samego dnia.<\/p>\n<p>&nbsp;<\/p>","protected":false},"excerpt":{"rendered":"<p>Piersi\u00f3wka do fajki wodnej BIGMAKS Rainbow Flask ma kszta\u0142t piramidy, kt\u00f3ry jest jednym z najpopularniejszych. Bidon BIGMAKS Rainbow ma pi\u0119kny t\u0119czowy odcie\u0144, jest przezroczysty, a poziom wody jest dobrze widoczny. Dane techniczne: Wysoko\u015b\u0107: ~ 258 mm Waga: ~ 1790 g Wewn\u0119trzna \u015brednica szyjki: ok. 71 mm Zewn\u0119trzna \u015brednica szyjki: ok. 47 mm Materia\u0142: szk\u0142o kryszta\u0142owe Pytania? Skontaktuj si\u0119 z nami poprzez nasz kontakt [\u2026]<\/p>","protected":false},"featured_media":26010,"comment_status":"open","ping_status":"closed","template":"","meta":[],"_links":{"self":[{"href":"https:\/\/hookahshop.lt\/pl\/wp-json\/wp\/v2\/product\/26009"}],"collection":[{"href":"https:\/\/hookahshop.lt\/pl\/wp-json\/wp\/v2\/product"}],"about":[{"href":"https:\/\/hookahshop.lt\/pl\/wp-json\/wp\/v2\/types\/product"}],"replies":[{"embeddable":true,"href":"https:\/\/hookahshop.lt\/pl\/wp-json\/wp\/v2\/comments?post=26009"}],"version-history":[{"count":4,"href":"https:\/\/hookahshop.lt\/pl\/wp-json\/wp\/v2\/product\/26009\/revisions"}],"predecessor-version":[{"id":45068,"href":"https:\/\/hookahshop.lt\/pl\/wp-json\/wp\/v2\/product\/26009\/revisions\/45068"}],"wp:featuredmedia":[{"embeddable":true,"href":"https:\/\/hookahshop.lt\/pl\/wp-json\/wp\/v2\/media\/26010"}],"wp:attachment":[{"href":"https:\/\/hookahshop.lt\/pl\/wp-json\/wp\/v2\/media?parent=26009"}],"curies":[{"name":"wp","href":"https:\/\/api.w.org\/{rel}","templated":true}]}}