{"id":26058,"date":"2021-07-29T16:35:27","date_gmt":"2021-07-29T13:35:27","guid":{"rendered":"https:\/\/hookahshop.lt\/?post_type=product&#038;p=26058"},"modified":"2026-04-22T23:29:20","modified_gmt":"2026-04-22T20:29:20","slug":"krepsys-kaljanui-target-46cm","status":"publish","type":"product","link":"https:\/\/hookahshop.lt\/pl\/produkt\/koszyk-na-fajke-wodna-46cm\/","title":{"rendered":"Torba z haczykiem TARGET 46cm"},"content":{"rendered":"<h2>Torba z haczykiem TARGET 46cm<\/h2>\n<p>Jest to wszechstronna, mocna torba, kt\u00f3ra zachowuje sw\u00f3j kszta\u0142t dzi\u0119ki wytrzyma\u0142emu materia\u0142owi i ma du\u017co miejsca na termos, trzonek, ustnik, talerz, w\u0105\u017c i akcesoria do fajki wodnej.<br \/>\nNadaje si\u0119 do pick-up\u00f3w lub ma\u0142ych fajek wodnych.<\/p>\n<p>Specyfikacje:<\/p>\n<p>Wysoko\u015b\u0107: ~46,5 cm.<br \/>\n\u015arednica: 24 cm.<br \/>\nWaga: 900 g.<\/p>\n<p>Ekwipunek:<br \/>\nTorba, mata i uchwyt na fajk\u0119 wodn\u0105 (mie\u015bci si\u0119 wewn\u0105trz torby).<\/p>\n<p>Czy masz jakie\u015b pytania? Skontaktuj si\u0119 z nami\u00a0<a href=\"https:\/\/hookahshop.lt\/pl\/lacznosc\/\">strona z kontaktami<\/a>\u00a0lub napisz do nas na adres\u00a0<a href=\"https:\/\/facebook.com\/HookahShop.lt\/\" target=\"_blank\" rel=\"noopener noreferrer\">konto na Facebooku<\/a>\u00a0a my odpowiemy na Twoj\u0105 pro\u015bb\u0119 tego samego dnia.<\/p>","protected":false},"excerpt":{"rendered":"<p>Torba na fajki wodne TARGET 46cm Uniwersalna, mocna torba, kt\u00f3ra zachowuje sw\u00f3j kszta\u0142t dzi\u0119ki wytrzyma\u0142emu materia\u0142owi i ma mn\u00f3stwo miejsca na kolb\u0119, trzonek, ustnik, talerz, w\u0105\u017c i akcesoria do fajki wodnej. Nadaje si\u0119 do pick-up\u00f3w lub ma\u0142ych fajek wodnych. Dane techniczne: Wysoko\u015b\u0107: ~46,5 cm. \u015arednica: 24 cm. Waga: 900 g. Kompletny zestaw: torba, mata i uchwyt na fajki wodne (miejsca wewn\u0105trz torby). Czy masz jakie\u015b pytania? Kontakt [\u2026]<\/p>","protected":false},"featured_media":26059,"comment_status":"open","ping_status":"closed","template":"","meta":[],"_links":{"self":[{"href":"https:\/\/hookahshop.lt\/pl\/wp-json\/wp\/v2\/product\/26058"}],"collection":[{"href":"https:\/\/hookahshop.lt\/pl\/wp-json\/wp\/v2\/product"}],"about":[{"href":"https:\/\/hookahshop.lt\/pl\/wp-json\/wp\/v2\/types\/product"}],"replies":[{"embeddable":true,"href":"https:\/\/hookahshop.lt\/pl\/wp-json\/wp\/v2\/comments?post=26058"}],"version-history":[{"count":3,"href":"https:\/\/hookahshop.lt\/pl\/wp-json\/wp\/v2\/product\/26058\/revisions"}],"predecessor-version":[{"id":29888,"href":"https:\/\/hookahshop.lt\/pl\/wp-json\/wp\/v2\/product\/26058\/revisions\/29888"}],"wp:featuredmedia":[{"embeddable":true,"href":"https:\/\/hookahshop.lt\/pl\/wp-json\/wp\/v2\/media\/26059"}],"wp:attachment":[{"href":"https:\/\/hookahshop.lt\/pl\/wp-json\/wp\/v2\/media?parent=26058"}],"curies":[{"name":"wp","href":"https:\/\/api.w.org\/{rel}","templated":true}]}}