{"id":26116,"date":"2021-08-02T17:48:37","date_gmt":"2021-08-02T14:48:37","guid":{"rendered":"https:\/\/hookahshop.lt\/?post_type=product&#038;p=26116"},"modified":"2026-04-16T23:29:29","modified_gmt":"2026-04-16T20:29:29","slug":"tarpine-kaljano-kolbai-hoob-space-grey","status":"publish","type":"product","link":"https:\/\/hookahshop.lt\/pl\/produkt\/spacer-hookah-kolby-hoob-space-szary\/","title":{"rendered":"Uszczelka do kolby do fajki wodnej HOOB Space Grey"},"content":{"rendered":"<h2>Uszczelka do kolby do fajki wodnej HOOB Space Grey<\/h2>\n<p>Wysokiej jako\u015bci silikonowa uszczelka do kolby sziszy. Nadaje si\u0119 do wi\u0119kszo\u015bci fajek wodnych. Dzi\u0119ki pow\u0142oce nie zsuwaj\u0105 si\u0119 ani nie odpadaj\u0105.<\/p>\n<p>Czy masz jakie\u015b pytania? Skontaktuj si\u0119 z nami\u00a0<a href=\"https:\/\/hookahshop.lt\/pl\/lacznosc\/\">strona z kontaktami<\/a>\u00a0lub napisz do nas na adres\u00a0<a href=\"https:\/\/facebook.com\/HookahShop.lt\/\" target=\"_blank\" rel=\"noopener noreferrer\">konto na Facebooku<\/a>\u00a0a my odpowiemy na Twoj\u0105 pro\u015bb\u0119 tego samego dnia.<\/p>","protected":false},"excerpt":{"rendered":"<p>Przek\u0142adka do kolb na fajki wodne HOOB Space Grey Wysokiej jako\u015bci silikonowa przek\u0142adka do kolb na fajki wodne. Pasuje do wielu fajek wodnych. Dzi\u0119ki pow\u0142oce nie \u015blizgaj\u0105 si\u0119 i nie odpadaj\u0105. Czy masz jakie\u015b pytania? Skontaktuj si\u0119 z nami na stronie kontaktowej lub napisz do nas na naszym koncie na Facebooku, a my odpowiemy na Twoj\u0105 pro\u015bb\u0119 jeszcze tego samego dnia.<\/p>","protected":false},"featured_media":27549,"comment_status":"open","ping_status":"closed","template":"","meta":[],"_links":{"self":[{"href":"https:\/\/hookahshop.lt\/pl\/wp-json\/wp\/v2\/product\/26116"}],"collection":[{"href":"https:\/\/hookahshop.lt\/pl\/wp-json\/wp\/v2\/product"}],"about":[{"href":"https:\/\/hookahshop.lt\/pl\/wp-json\/wp\/v2\/types\/product"}],"replies":[{"embeddable":true,"href":"https:\/\/hookahshop.lt\/pl\/wp-json\/wp\/v2\/comments?post=26116"}],"version-history":[{"count":2,"href":"https:\/\/hookahshop.lt\/pl\/wp-json\/wp\/v2\/product\/26116\/revisions"}],"predecessor-version":[{"id":29568,"href":"https:\/\/hookahshop.lt\/pl\/wp-json\/wp\/v2\/product\/26116\/revisions\/29568"}],"wp:featuredmedia":[{"embeddable":true,"href":"https:\/\/hookahshop.lt\/pl\/wp-json\/wp\/v2\/media\/27549"}],"wp:attachment":[{"href":"https:\/\/hookahshop.lt\/pl\/wp-json\/wp\/v2\/media?parent=26116"}],"curies":[{"name":"wp","href":"https:\/\/api.w.org\/{rel}","templated":true}]}}