{"id":26133,"date":"2021-08-02T19:09:57","date_gmt":"2021-08-02T16:09:57","guid":{"rendered":"https:\/\/hookahshop.lt\/?post_type=product&#038;p=26133"},"modified":"2026-04-17T16:32:55","modified_gmt":"2026-04-17T13:32:55","slug":"kaljanas-doosha-hookah-basic-black","status":"publish","type":"product","link":"https:\/\/hookahshop.lt\/pl\/produkt\/szisza-doosha-szisza-podstawowa-czarna\/","title":{"rendered":"Fajka wodna DOOSHA HOOKAH Basic czarna"},"content":{"rendered":"<h2>Fajka wodna DOOSHA HOOKAH Basic czarna<\/h2>\n<p>Nowy i ekskluzywny model firmy Doosha Hookah. Fajka wodna DOOSHA HOOKAH Basic Black to fajka wodna, kt\u00f3ra podkre\u015bli Tw\u00f3j styl i rytm \u017cycia.<\/p>\n<p><strong>Ekwipunek:<\/strong><br \/>\nNargile<br \/>\nUstnik ze stali nierdzewnej<br \/>\nTalerz<br \/>\nUszczelki<br \/>\nW\u0105\u017c silikonowy Soft Touch<br \/>\nPo\u0142\u0105czenie magnetyczne<br \/>\nZestaw naklejek (do dekoracji)<br \/>\nKielich OBLAKO DOOSHA<\/p>\n<p><strong>Specyfikacje:<\/strong><br \/>\nWewn\u0119trzna \u015brednica wa\u0142u: 12 mm<br \/>\n\u015arednica talerza: 17 cm<br \/>\nD\u0142ugo\u015b\u0107 ustnika: 30 cm<br \/>\nWysoko\u015b\u0107 fajki wodnej bez kolby: 44,8 cm<\/p>\n<p>Czy masz jakie\u015b pytania? Skontaktuj si\u0119 z nami\u00a0<a href=\"https:\/\/hookahshop.lt\/pl\/lacznosc\/\">strona z kontaktami<\/a>\u00a0lub napisz do nas na adres\u00a0<a href=\"https:\/\/facebook.com\/HookahShop.lt\/\" target=\"_blank\" rel=\"noopener noreferrer\">konto na Facebooku<\/a>\u00a0a my odpowiemy na Twoj\u0105 pro\u015bb\u0119 tego samego dnia.<\/p>","protected":false},"excerpt":{"rendered":"<p>Fajka wodna DOOSHA HOOKAH Basic Black Nowy i ekskluzywny model firmy \u201eDoosha Hookah\u201d. Fajka wodna DOOSHA HOOKAH Basic Black to fajka wodna, kt\u00f3ra podkre\u015bli Tw\u00f3j styl i rytm \u017cycia. Kompletny zestaw: Fajka Ustnik ze stali nierdzewnej P\u0142ytka Uszczelka W\u0105\u017c silikonowy \u201eSoft Touch\u201d Z\u0142\u0105cze magnetyczne Zestaw naklejek (do dekoracji) Kubek OBLAKO DOOSHA Dane techniczne: \u015arednica wewn\u0119trzna trzonka: 12 mm \u015arednica p\u0142ytki: [\u2026]<\/p>","protected":false},"featured_media":26134,"comment_status":"open","ping_status":"closed","template":"","meta":[],"_links":{"self":[{"href":"https:\/\/hookahshop.lt\/pl\/wp-json\/wp\/v2\/product\/26133"}],"collection":[{"href":"https:\/\/hookahshop.lt\/pl\/wp-json\/wp\/v2\/product"}],"about":[{"href":"https:\/\/hookahshop.lt\/pl\/wp-json\/wp\/v2\/types\/product"}],"replies":[{"embeddable":true,"href":"https:\/\/hookahshop.lt\/pl\/wp-json\/wp\/v2\/comments?post=26133"}],"version-history":[{"count":5,"href":"https:\/\/hookahshop.lt\/pl\/wp-json\/wp\/v2\/product\/26133\/revisions"}],"predecessor-version":[{"id":34423,"href":"https:\/\/hookahshop.lt\/pl\/wp-json\/wp\/v2\/product\/26133\/revisions\/34423"}],"wp:featuredmedia":[{"embeddable":true,"href":"https:\/\/hookahshop.lt\/pl\/wp-json\/wp\/v2\/media\/26134"}],"wp:attachment":[{"href":"https:\/\/hookahshop.lt\/pl\/wp-json\/wp\/v2\/media?parent=26133"}],"curies":[{"name":"wp","href":"https:\/\/api.w.org\/{rel}","templated":true}]}}