{"id":26180,"date":"2021-08-03T22:37:19","date_gmt":"2021-08-03T19:37:19","guid":{"rendered":"https:\/\/hookahshop.lt\/?post_type=product&#038;p=26180"},"modified":"2026-04-17T23:29:37","modified_gmt":"2026-04-17T20:29:37","slug":"taurele-kaljanui-oblako-killer-glazed","status":"publish","type":"product","link":"https:\/\/hookahshop.lt\/pl\/produkt\/filizanka-szisza-oblako-killer-glazurowana\/","title":{"rendered":"Fajka wodna OBLAKO Killer Glazed Black Marble"},"content":{"rendered":"<h2>Fajka wodna OBLAKO Killer Glazed Black Marble<\/h2>\n<p>Glazurowana do codziennego palenia, idealna do lekkiego i ci\u0119\u017ckiego tytoniu!<br \/>\nKubek pokryty jest szkliwem, dzi\u0119ki czemu zachowuje swoje pierwotne w\u0142a\u015bciwo\u015bci i wygl\u0105d przez d\u0142ugi czas. OBLAKO u\u017cywa wy\u0142\u0105cznie przyjaznej dla cz\u0142owieka glazury spo\u017cywczej opracowanej przez partner\u00f3w w wyspecjalizowanych laboratoriach zlokalizowanych w Gzhelskoye, jednym z tradycyjnych o\u015brodk\u00f3w produkcji ceramiki w Rosji.<br \/>\nFili\u017canka tytoniu mie\u015bci 20-22 g.<\/p>\n<p>Specyfikacje:<br \/>\nWysoko\u015b\u0107: 112 mm<br \/>\n\u015arednica (zewn\u0119trzna): 75 mm<br \/>\n\u015arednica (wewn\u0119trzna): 68 mm<br \/>\nG\u0142\u0119boko\u015b\u0107: 13 mm<br \/>\n\u015arednica otworu: 12mm<br \/>\nLiczba otwor\u00f3w: 5<br \/>\nWaga: ~182g<\/p>\n<p>Czy masz jakie\u015b pytania? Skontaktuj si\u0119 z nami\u00a0<a href=\"https:\/\/hookahshop.lt\/pl\/lacznosc\/\">strona z kontaktami<\/a>\u00a0lub napisz do nas na adres\u00a0<a href=\"https:\/\/facebook.com\/HookahShop.lt\/\" target=\"_blank\" rel=\"noopener noreferrer\">konto na Facebooku<\/a>\u00a0a my odpowiemy na Twoj\u0105 pro\u015bb\u0119 tego samego dnia.<\/p>","protected":false},"excerpt":{"rendered":"<p>Miska na fajki wodne OBLAKO Killer Glazed Black Marble Glazed, przeznaczona do codziennego palenia, idealna do lekkich i ci\u0119\u017ckich tytoni! Fili\u017canka pokryta jest szkliwem, dzi\u0119ki czemu przez d\u0142ugi czas zachowuje swoje pierwotne w\u0142a\u015bciwo\u015bci i wygl\u0105d. OBLAKO wykorzystuje wy\u0142\u0105cznie jadalne szkliwo bezpieczne dla cz\u0142owieka, opracowane przez partner\u00f3w w wyspecjalizowanych laboratoriach zlokalizowanych w G\u017celskoje, jednym z tradycyjnych o\u015brodk\u00f3w rosyjskiej produkcji ceramiki. Fili\u017canka tytoniu [\u2026]<\/p>","protected":false},"featured_media":26181,"comment_status":"open","ping_status":"closed","template":"","meta":[],"_links":{"self":[{"href":"https:\/\/hookahshop.lt\/pl\/wp-json\/wp\/v2\/product\/26180"}],"collection":[{"href":"https:\/\/hookahshop.lt\/pl\/wp-json\/wp\/v2\/product"}],"about":[{"href":"https:\/\/hookahshop.lt\/pl\/wp-json\/wp\/v2\/types\/product"}],"replies":[{"embeddable":true,"href":"https:\/\/hookahshop.lt\/pl\/wp-json\/wp\/v2\/comments?post=26180"}],"version-history":[{"count":5,"href":"https:\/\/hookahshop.lt\/pl\/wp-json\/wp\/v2\/product\/26180\/revisions"}],"predecessor-version":[{"id":29854,"href":"https:\/\/hookahshop.lt\/pl\/wp-json\/wp\/v2\/product\/26180\/revisions\/29854"}],"wp:featuredmedia":[{"embeddable":true,"href":"https:\/\/hookahshop.lt\/pl\/wp-json\/wp\/v2\/media\/26181"}],"wp:attachment":[{"href":"https:\/\/hookahshop.lt\/pl\/wp-json\/wp\/v2\/media?parent=26180"}],"curies":[{"name":"wp","href":"https:\/\/api.w.org\/{rel}","templated":true}]}}