{"id":26494,"date":"2021-08-12T12:40:41","date_gmt":"2021-08-12T09:40:41","guid":{"rendered":"https:\/\/hookahshop.lt\/?post_type=product&#038;p=26494"},"modified":"2026-04-15T23:28:44","modified_gmt":"2026-04-15T20:28:44","slug":"kaljanas-alpha-hookah-beat-vandal","status":"publish","type":"product","link":"https:\/\/hookahshop.lt\/pl\/produkt\/hookah-alpha-hookah-beat-vandal\/","title":{"rendered":"Fajka wodna ALPHA SZOKAH Beat Vandal"},"content":{"rendered":"<h2>Fajka wodna ALPHA SZOKAH Beat Vandal<\/h2>\n<p>Ekskluzywny i buntowniczy model Beat Vandal (VNDL) firmy Alpha Hookah. Nowy projekt fajki Beat, kt\u00f3ry prze\u0142amuje utarte stereotypy.<\/p>\n<p><strong>Ekwipunek:<\/strong><br \/>\nWa\u0142<br \/>\nUstnik<br \/>\nP\u0142yta (grawerowana)<br \/>\nW\u0105\u017c silikonowy (mi\u0119kki w dotyku)<br \/>\nDyfuzor<br \/>\nPo\u0142\u0105czenie magnetyczne<br \/>\nKolba (przezroczysta lub barwiona)<\/p>\n<p><img decoding=\"async\" loading=\"lazy\" class=\"alignnone size-medium wp-image-38520\" src=\"https:\/\/hookahshop.lt\/wp-content\/uploads\/2020\/09\/stiebas-kolba-zarna-kandiklis-1-300x273.jpg\" alt=\"- hookahshop.lt\" width=\"300\" height=\"273\" srcset=\"https:\/\/hookahshop.lt\/wp-content\/uploads\/2020\/09\/stiebas-kolba-zarna-kandiklis-1-300x273.jpg 300w, https:\/\/hookahshop.lt\/wp-content\/uploads\/2020\/09\/stiebas-kolba-zarna-kandiklis-1-13x12.jpg 13w, https:\/\/hookahshop.lt\/wp-content\/uploads\/2020\/09\/stiebas-kolba-zarna-kandiklis-1-64x58.jpg 64w, https:\/\/hookahshop.lt\/wp-content\/uploads\/2020\/09\/stiebas-kolba-zarna-kandiklis-1.jpg 420w\" sizes=\"(max-width: 300px) 100vw, 300px\" title=\"\"><\/p>\n<p><strong>U\u017cyte materia\u0142y:<\/strong><br \/>\nWysokiej jako\u015bci stal nierdzewna, niemiecki poliacetal.<\/p>\n<p><strong>Wymiary:<\/strong><br \/>\nWewn\u0119trzna \u015brednica wa\u0142u: 11 mm.<br \/>\n\u015arednica talerza: 17 cm.<br \/>\nWysoko\u015b\u0107 fajki wodnej z kolb\u0105: 35 cm.<\/p>\n<p><strong>Mo\u017cliwo\u015b\u0107 wyboru koloru kolby: prze\u017aroczysta.<\/strong><\/p>\n<p>Czy masz jakie\u015b pytania? Skontaktuj si\u0119 z nami\u00a0<a href=\"https:\/\/hookahshop.lt\/pl\/lacznosc\/\">strona z kontaktami<\/a>\u00a0lub napisz do nas na adres\u00a0<a href=\"https:\/\/facebook.com\/HookahShop.lt\/\" target=\"_blank\" rel=\"noopener noreferrer\">konto na Facebooku<\/a>\u00a0a my odpowiemy na Twoj\u0105 pro\u015bb\u0119 tego samego dnia.<\/p>","protected":false},"excerpt":{"rendered":"<p>Fajka wodna ALPHA HOOKAH Beat Vandal Ekskluzywny i buntowniczy model firmy Alpha Hookah firmy Beat Vandal (VNDL). Nowy projekt fajki wodnej Beat, kt\u00f3ry prze\u0142amie utarte stereotypy. Kompletny zestaw: Trzpie\u0144 Ustnik P\u0142ytka (grawerowana) W\u0105\u017c silikonowy (Soft Touch) Dyfuzor Z\u0142\u0105cze magnetyczne Kolba (przezroczysta lub przyciemniana) Zastosowane materia\u0142y: Wysokiej jako\u015bci stal nierdzewna, niemiecki poliacetal. Wymiary: \u015arednica wewn\u0119trzna wa\u0142u: 11 mm. \u015arednica talerza: [\u2026]<\/p>","protected":false},"featured_media":33183,"comment_status":"open","ping_status":"closed","template":"","meta":[],"_links":{"self":[{"href":"https:\/\/hookahshop.lt\/pl\/wp-json\/wp\/v2\/product\/26494"}],"collection":[{"href":"https:\/\/hookahshop.lt\/pl\/wp-json\/wp\/v2\/product"}],"about":[{"href":"https:\/\/hookahshop.lt\/pl\/wp-json\/wp\/v2\/types\/product"}],"replies":[{"embeddable":true,"href":"https:\/\/hookahshop.lt\/pl\/wp-json\/wp\/v2\/comments?post=26494"}],"version-history":[{"count":10,"href":"https:\/\/hookahshop.lt\/pl\/wp-json\/wp\/v2\/product\/26494\/revisions"}],"predecessor-version":[{"id":45628,"href":"https:\/\/hookahshop.lt\/pl\/wp-json\/wp\/v2\/product\/26494\/revisions\/45628"}],"wp:featuredmedia":[{"embeddable":true,"href":"https:\/\/hookahshop.lt\/pl\/wp-json\/wp\/v2\/media\/33183"}],"wp:attachment":[{"href":"https:\/\/hookahshop.lt\/pl\/wp-json\/wp\/v2\/media?parent=26494"}],"curies":[{"name":"wp","href":"https:\/\/api.w.org\/{rel}","templated":true}]}}