{"id":26588,"date":"2021-08-16T12:14:40","date_gmt":"2021-08-16T09:14:40","guid":{"rendered":"https:\/\/hookahshop.lt\/?post_type=product&#038;p=26588"},"modified":"2026-04-07T23:29:02","modified_gmt":"2026-04-07T20:29:02","slug":"kaljanas-hekkpipe-hexagon-2-green","status":"publish","type":"product","link":"https:\/\/hookahshop.lt\/pl\/produkt\/fajka-wodna-hekkpipe-szesciokat-2-zielona\/","title":{"rendered":"Szisza HEKKPIPE Hexagon 2 Zielona"},"content":{"rendered":"<h2>Szisza HEKKPIPE Hexagon 2 Zielona<\/h2>\n<p>Hekkpipe Hexagon to wyj\u0105tkowa, r\u0119cznie robiona przeno\u015bna fajka wodna, kt\u00f3ra wygl\u0105da niepowtarzalnie i imponuj\u0105co. Ka\u017cdy hex jest wykonany z jako\u015bci\u0105, ka\u017cdy szczeg\u00f3\u0142 jest kontrolowany i ma najwy\u017cszy poziom wyko\u0144czenia. Ze wzgl\u0119du na w\u0142a\u015bciwo\u015bci drewna ka\u017cdy sze\u015bciok\u0105t jest niepowtarzalny. Fajka wykonana jest z najwy\u017cszej jako\u015bci materia\u0142\u00f3w, kt\u00f3re nadaj\u0105 temu produktowi efektowny wygl\u0105d i d\u0142ug\u0105 \u017cywotno\u015b\u0107. Do przygotowania tej wyj\u0105tkowej fajki wodnej wystarczy u\u017cy\u0107 jednego w\u0119gla 26mm.<\/p>\n<p><strong>Charakterystyka:<\/strong><br \/>\nNie potrzeba folii. Lekka (0,6 kg, ze wszystkimi akcesoriami 1 kg) i naprawd\u0119 kompaktowa,<br \/>\nPrzygotowanie zajmuje po\u0142ow\u0119 czasu w por\u00f3wnaniu do przeci\u0119tnej fajki wodnej.<br \/>\nBardzo \u0142atwy w u\u017cyciu. Posiada specjaln\u0105 komor\u0119 oddzielaj\u0105c\u0105 w\u0119giel drzewny od tytoniu.<br \/>\nMo\u017cesz \u0142atwo dodawa\u0107 lub miesza\u0107 tyto\u0144 lub w\u0119giel podczas sesji.<br \/>\nPodczas sesji wygodnie u\u0142\u00f3\u017c tyto\u0144 w kubku, nie dotykaj\u0105c w\u0119gli.<br \/>\nMagnesy pod sze\u015bciok\u0105tem. Wi\u0119c umie\u015b\u0107 go na metalowej powierzchni, a fajka b\u0119dzie stabilna i nie b\u0119dzie si\u0119 rusza\u0107.<br \/>\nDo przygotowania tej wyj\u0105tkowej fajki wodnej wystarczy u\u017cy\u0107 jednego w\u0119gla 26mm.<\/p>\n<p>Kr\u00f3tki film o tym produkcie:\u00a0<a href=\"https:\/\/www.youtube.com\/watch?v=YcoTw5Y3cq0\" target=\"_blank\" rel=\"noopener\">https:\/\/www.youtube.com\/watch?v=YcoTw5Y3cq0<\/a><\/p>\n<p>* Dostawa od producenta HEKKPIPE 1-3 dni robocze.<\/p>\n<p>Czy masz jakie\u015b pytania? Skontaktuj si\u0119 z nami\u00a0<a href=\"https:\/\/hookahshop.lt\/pl\/lacznosc\/\">strona z kontaktami<\/a>\u00a0lub napisz do nas na adres\u00a0<a href=\"https:\/\/facebook.com\/HookahShop.lt\/\" target=\"_blank\" rel=\"noopener noreferrer\">konto na Facebooku<\/a>\u00a0a my odpowiemy na Twoj\u0105 pro\u015bb\u0119 tego samego dnia.<\/p>\n<p>&nbsp;<\/p>","protected":false},"excerpt":{"rendered":"<p>Szisza wodna HEKKPIPE Hexagon 2 Zielona \u201eHekkpipe Hexagon\u201d to wyj\u0105tkowa, r\u0119cznie robiona przeno\u015bna fajka wodna, kt\u00f3ra wygl\u0105da niepowtarzalnie i efektownie. Ka\u017cdy heks jest wykonany z najwy\u017csz\u0105 jako\u015bci\u0105, ka\u017cdy szczeg\u00f3\u0142 jest kontrolowany i ma najwy\u017cszy poziom wyko\u0144czenia. Ze wzgl\u0119du na w\u0142a\u015bciwo\u015bci drewna ka\u017cdy sze\u015bciok\u0105t jest wyj\u0105tkowy. Szisza wykonana jest z najwy\u017cszej jako\u015bci materia\u0142\u00f3w, kt\u00f3re nadaj\u0105 temu produktowi imponuj\u0105cy wygl\u0105d i d\u0142ug\u0105 \u017cywotno\u015b\u0107. [\u2026]<\/p>","protected":false},"featured_media":26589,"comment_status":"open","ping_status":"closed","template":"","meta":[],"_links":{"self":[{"href":"https:\/\/hookahshop.lt\/pl\/wp-json\/wp\/v2\/product\/26588"}],"collection":[{"href":"https:\/\/hookahshop.lt\/pl\/wp-json\/wp\/v2\/product"}],"about":[{"href":"https:\/\/hookahshop.lt\/pl\/wp-json\/wp\/v2\/types\/product"}],"replies":[{"embeddable":true,"href":"https:\/\/hookahshop.lt\/pl\/wp-json\/wp\/v2\/comments?post=26588"}],"version-history":[{"count":3,"href":"https:\/\/hookahshop.lt\/pl\/wp-json\/wp\/v2\/product\/26588\/revisions"}],"predecessor-version":[{"id":27327,"href":"https:\/\/hookahshop.lt\/pl\/wp-json\/wp\/v2\/product\/26588\/revisions\/27327"}],"wp:featuredmedia":[{"embeddable":true,"href":"https:\/\/hookahshop.lt\/pl\/wp-json\/wp\/v2\/media\/26589"}],"wp:attachment":[{"href":"https:\/\/hookahshop.lt\/pl\/wp-json\/wp\/v2\/media?parent=26588"}],"curies":[{"name":"wp","href":"https:\/\/api.w.org\/{rel}","templated":true}]}}