{"id":26645,"date":"2021-08-16T13:28:25","date_gmt":"2021-08-16T10:28:25","guid":{"rendered":"https:\/\/hookahshop.lt\/?post_type=product&#038;p=26645"},"modified":"2026-04-06T23:28:45","modified_gmt":"2026-04-06T20:28:45","slug":"kaljanas-hekkpipe-active-yellow","status":"publish","type":"product","link":"https:\/\/hookahshop.lt\/pl\/produkt\/szisza-hekkpipe-aktywna-zolta\/","title":{"rendered":"Fajka wodna HEKKPIPE Aktywna \u017b\u00f3\u0142ta"},"content":{"rendered":"<h2>Fajka wodna HEKKPIPE Aktywna \u017b\u00f3\u0142ta<\/h2>\n<p align=\"left\"><span style=\"color: #202124;\">&quot;<span style=\"font-family: inherit;\"><span style=\"font-size: medium;\">Hekkpipe Active to wysokiej jako\u015bci, wyj\u0105tkowa przeno\u015bna fajka wodna. Zosta\u0142 specjalnie zaprojektowany, aby zachowa\u0107 bezpiecze\u0144stwo i funkcjonalno\u015b\u0107 nawet po uderzeniu lub upuszczeniu. Przechyl go do 45 stopni, a dym nadal b\u0119dzie doskona\u0142y! Ma sto\u017cek ze stali nierdzewnej, kt\u00f3ry blokuje p\u0142on\u0105cy w\u0119giel na kubku, dzi\u0119ki czemu ta fajka wodna jest \u0142atwa w transporcie. \u0141atwo\u015b\u0107 obs\u0142ugi i solidna konstrukcja sprawi\u0142y, \u017ce jest to \u015bwietna fajka wodna. Do przygotowania tej wyj\u0105tkowej fajki wodnej wystarczy u\u017cy\u0107 jednego w\u0119gla 26mm. Fajka wykonana jest z najwy\u017cszej jako\u015bci materia\u0142\u00f3w, co nadaje temu produktowi niepowtarzalny wygl\u0105d i trwa\u0142o\u015b\u0107.<\/span><\/span><\/span><\/p>\n<p><strong>Charakterystyka:<\/strong><br \/>\nLekki (1 kg, ze wszystkimi akcesoriami 1,5 kg) i naprawd\u0119 kompaktowy.<br \/>\nPosiada pasek na rami\u0119, kt\u00f3ry pozwala cieszy\u0107 si\u0119 fajk\u0105 wodn\u0105 podczas noszenia.<br \/>\nPrzygotowanie trwa o po\u0142ow\u0119 kr\u00f3cej ni\u017c przeci\u0119tna fajka wodna.<br \/>\nBardzo \u0142atwy w u\u017cyciu. Posiada specjaln\u0105 komor\u0119 oddzielaj\u0105c\u0105 w\u0119giel drzewny od tytoniu.<\/p>\n<p>Kr\u00f3tki film o tym produkcie:<a href=\"https:\/\/youtu.be\/yP2dwK4fpj4\" target=\"_blank\" rel=\"noopener\">https:\/\/youtu.be\/yP2dwK4fpj4<\/a><\/p>\n<p>* Dostawa od producenta HEKKPIPE 1-3 dni robocze.<\/p>\n<p>Czy masz jakie\u015b pytania? Skontaktuj si\u0119 z nami\u00a0<a href=\"https:\/\/hookahshop.lt\/pl\/lacznosc\/\">strona z kontaktami<\/a>\u00a0lub napisz do nas na adres\u00a0<a href=\"https:\/\/facebook.com\/HookahShop.lt\/\" target=\"_blank\" rel=\"noopener noreferrer\">konto na Facebooku<\/a>\u00a0a my odpowiemy na Twoj\u0105 pro\u015bb\u0119 tego samego dnia.<\/p>\n<p>&nbsp;<\/p>","protected":false},"excerpt":{"rendered":"<p>Szisza wodna HEKKPIPE Active Yellow \u201eHekkpipe Active\u201d to wysokiej jako\u015bci, wyj\u0105tkowa przeno\u015bna fajka wodna. Zosta\u0142 specjalnie zaprojektowany, aby zachowa\u0107 bezpiecze\u0144stwo i funkcjonalno\u015b\u0107 nawet po uderzeniu lub upuszczeniu. Przechyl go do 45 stopni, a dym b\u0119dzie nadal idealny! Posiada sto\u017cek ze stali nierdzewnej, kt\u00f3ry blokuje p\u0142on\u0105cy w\u0119giel na fili\u017cance, dzi\u0119ki czemu fajka wodna jest \u0142atwa w transporcie. \u0141atwo\u015b\u0107 obs\u0142ugi i [\u2026]<\/p>","protected":false},"featured_media":26646,"comment_status":"open","ping_status":"closed","template":"","meta":[],"_links":{"self":[{"href":"https:\/\/hookahshop.lt\/pl\/wp-json\/wp\/v2\/product\/26645"}],"collection":[{"href":"https:\/\/hookahshop.lt\/pl\/wp-json\/wp\/v2\/product"}],"about":[{"href":"https:\/\/hookahshop.lt\/pl\/wp-json\/wp\/v2\/types\/product"}],"replies":[{"embeddable":true,"href":"https:\/\/hookahshop.lt\/pl\/wp-json\/wp\/v2\/comments?post=26645"}],"version-history":[{"count":4,"href":"https:\/\/hookahshop.lt\/pl\/wp-json\/wp\/v2\/product\/26645\/revisions"}],"predecessor-version":[{"id":29696,"href":"https:\/\/hookahshop.lt\/pl\/wp-json\/wp\/v2\/product\/26645\/revisions\/29696"}],"wp:featuredmedia":[{"embeddable":true,"href":"https:\/\/hookahshop.lt\/pl\/wp-json\/wp\/v2\/media\/26646"}],"wp:attachment":[{"href":"https:\/\/hookahshop.lt\/pl\/wp-json\/wp\/v2\/media?parent=26645"}],"curies":[{"name":"wp","href":"https:\/\/api.w.org\/{rel}","templated":true}]}}