{"id":26668,"date":"2021-08-16T14:55:40","date_gmt":"2021-08-16T11:55:40","guid":{"rendered":"https:\/\/hookahshop.lt\/?post_type=product&#038;p=26668"},"modified":"2026-04-06T23:28:56","modified_gmt":"2026-04-06T20:28:56","slug":"kaljano-padas-hekkpipe-hexagon-black","status":"publish","type":"product","link":"https:\/\/hookahshop.lt\/pl\/produkt\/podkladki-do-fajki-wodnej-hekkpipe-szesciokat-czarny\/","title":{"rendered":"Podeszwa do fajki wodnej HEKKPIPE Hexagon Black"},"content":{"rendered":"<h2>Podeszwa do fajki wodnej HEKKPIPE Hexagon Black<\/h2>\n<p class=\"western\"><span style=\"color: #202124;\"><span style=\"font-family: inherit;\"><span style=\"font-size: medium;\">Czy jeste\u015b w\u0142a\u015bcicielem Hekkpipe Hexagon? A mo\u017ce planujesz nim zosta\u0107? Nast\u0119pnie oferujemy zakup tego wspania\u0142ego nowego produktu - podeszwy zapewniaj\u0105cej stabilno\u015b\u0107 fajki wodnej.<\/span><\/span><\/span> <span style=\"color: #202124;\"><span style=\"font-family: inherit;\"><span style=\"font-size: medium;\"><span lang=\"lt-LT\">Niezale\u017cnie od tego, czy u\u017cywasz Hexagon w domu, w barze z fajk\u0105 wodn\u0105, czy w naturze, bezpiecze\u0144stwo jest najwa\u017cniejsze. W rezultacie oferujemy podk\u0142adk\u0119 stabilizuj\u0105c\u0105, kt\u00f3ra sprawia, \u017ce Hekkpipe Hexagon jest jeszcze bardziej stabilny!<\/span><\/span><\/span><\/span> <span style=\"color: #202124;\"><span style=\"font-family: inherit;\"><span style=\"font-size: medium;\"><span lang=\"lt-LT\">Podk\u0142adka stabilizuj\u0105ca zawiera 12 silnych magnes\u00f3w, kt\u00f3re mocno trzymaj\u0105 sze\u015bciok\u0105t. Magnesy pasuj\u0105 do dolnych magnes\u00f3w sze\u015bciok\u0105ta, dzi\u0119ki czemu fajka wodna zachowa maksymaln\u0105 stabilno\u015b\u0107!<\/span><\/span><\/span><\/span><\/p>\n<p>Kr\u00f3tki film o funkcjonalno\u015bci produktu:\u00a0<a href=\"https:\/\/youtu.be\/6_-P79KQIV8\" target=\"_blank\" rel=\"noopener\">https:\/\/youtu.be\/6_-P79KQIV8<\/a><\/p>\n<p>* Dostawa od producenta HEKKPIPE 1-3 dni robocze.<\/p>\n<p>Czy masz jakie\u015b pytania? Skontaktuj si\u0119 z nami\u00a0<a href=\"https:\/\/hookahshop.lt\/pl\/lacznosc\/\">strona z kontaktami<\/a>\u00a0lub napisz do nas na adres\u00a0<a href=\"https:\/\/facebook.com\/HookahShop.lt\/\" target=\"_blank\" rel=\"noopener noreferrer\">konto na Facebooku<\/a>\u00a0a my odpowiemy na Twoj\u0105 pro\u015bb\u0119 tego samego dnia.<\/p>","protected":false},"excerpt":{"rendered":"<p>Podk\u0142adka do fajki wodnej HEKKPIPE Hexagon czarna Czy posiadasz Hekkpipe Hexagon? A mo\u017ce planujesz nim zosta\u0107? Oferujemy r\u00f3wnie\u017c ten nowy, fajny produkt: podk\u0142adk\u0119 stabilizuj\u0105c\u0105 do fajki wodnej. Niezale\u017cnie od tego, czy u\u017cywasz Hexagon w domu, w fajce wodnej, czy na \u015bwie\u017cym powietrzu, bezpiecze\u0144stwo jest najwa\u017cniejsze. Dlatego oferujemy podk\u0142adk\u0119 stabilizuj\u0105c\u0105, dzi\u0119ki kt\u00f3rej Hekkpipe Hexagon b\u0119dzie jeszcze bardziej stabilny! Podk\u0142adka stabilizuj\u0105ca posiada 12 [\u2026]<\/p>","protected":false},"featured_media":26669,"comment_status":"open","ping_status":"closed","template":"","meta":[],"_links":{"self":[{"href":"https:\/\/hookahshop.lt\/pl\/wp-json\/wp\/v2\/product\/26668"}],"collection":[{"href":"https:\/\/hookahshop.lt\/pl\/wp-json\/wp\/v2\/product"}],"about":[{"href":"https:\/\/hookahshop.lt\/pl\/wp-json\/wp\/v2\/types\/product"}],"replies":[{"embeddable":true,"href":"https:\/\/hookahshop.lt\/pl\/wp-json\/wp\/v2\/comments?post=26668"}],"version-history":[{"count":6,"href":"https:\/\/hookahshop.lt\/pl\/wp-json\/wp\/v2\/product\/26668\/revisions"}],"predecessor-version":[{"id":43548,"href":"https:\/\/hookahshop.lt\/pl\/wp-json\/wp\/v2\/product\/26668\/revisions\/43548"}],"wp:featuredmedia":[{"embeddable":true,"href":"https:\/\/hookahshop.lt\/pl\/wp-json\/wp\/v2\/media\/26669"}],"wp:attachment":[{"href":"https:\/\/hookahshop.lt\/pl\/wp-json\/wp\/v2\/media?parent=26668"}],"curies":[{"name":"wp","href":"https:\/\/api.w.org\/{rel}","templated":true}]}}