{"id":26741,"date":"2021-08-17T11:21:59","date_gmt":"2021-08-17T08:21:59","guid":{"rendered":"https:\/\/hookahshop.lt\/?post_type=product&#038;p=26741"},"modified":"2026-04-06T23:28:46","modified_gmt":"2026-04-06T20:28:46","slug":"kaljanas-hekkpipe-deluxe-brown","status":"publish","type":"product","link":"https:\/\/hookahshop.lt\/pl\/produkt\/szisza-hekkpipe-deluxe-brazowa\/","title":{"rendered":"Szisza HEKKPIPE Deluxe Brown"},"content":{"rendered":"<h2>Szisza HEKKPIPE Deluxe Brown<\/h2>\n<p id=\"tw-target-text\" class=\"tw-data-text tw-text-large XcVN5d tw-ta\" dir=\"ltr\" data-placeholder=\"Vertimas\"><span class=\"Y2IQFc\" lang=\"lt\">Hookah Hekkpipe Deluxe to wyj\u0105tkowa fajka wodna, kt\u00f3ra do swojej produkcji wykorzystuje sk\u00f3r\u0119 oraz naturalny d\u0105b, dzi\u0119ki czemu jest wyj\u0105tkow\u0105 przeno\u015bn\u0105 fajk\u0105 wodn\u0105. Hekkpipe Deluxe to najwy\u017cszej jako\u015bci i najbardziej ekskluzywny produkt od producenta Hekkpipe. Ta elegancka szisza charakteryzuje si\u0119 doskona\u0142ym wykonaniem, a tak\u017ce wysokiej jako\u015bci etui z drewna d\u0119bowego i eleganckimi sk\u00f3rzanymi detalami, w tym odpinanym paskiem na r\u0119k\u0119. <span style=\"color: #202124;\"><span style=\"font-family: inherit;\"><span style=\"font-size: medium;\">Do przygotowania tej wyj\u0105tkowej fajki wodnej wystarczy u\u017cy\u0107 jednego w\u0119gla 26mm.<\/span><\/span><\/span><\/span><\/p>\n<p class=\"tw-data-text tw-text-large XcVN5d tw-ta\" dir=\"ltr\" data-placeholder=\"Vertimas\"><strong>Charakterystyka:<\/strong><br \/>\nLekki (1 kg, ze wszystkimi akcesoriami 1,5 kg) i naprawd\u0119 kompaktowy.<br \/>\nPosiada pasek na rami\u0119, kt\u00f3ry pozwala cieszy\u0107 si\u0119 fajk\u0105 wodn\u0105 podczas noszenia.<br \/>\nPrzygotowanie trwa o po\u0142ow\u0119 kr\u00f3cej ni\u017c przeci\u0119tna fajka wodna.<br \/>\nBardzo \u0142atwy w u\u017cyciu. Posiada specjaln\u0105 komor\u0119 oddzielaj\u0105c\u0105 w\u0119giel drzewny od tytoniu.<\/p>\n<p dir=\"ltr\" data-placeholder=\"Vertimas\">Kr\u00f3tki film o tym produkcie:\u00a0<a href=\"http:\/\/y2u.be\/HG8gzyYJqmU\" target=\"_blank\" rel=\"noopener\">http:\/\/y2u.be\/HG8gzyYJqmU<\/a><\/p>\n<p dir=\"ltr\" data-placeholder=\"Vertimas\">Czy masz jakie\u015b pytania? Skontaktuj si\u0119 z nami\u00a0<a href=\"https:\/\/hookahshop.lt\/pl\/lacznosc\/\">strona z kontaktami<\/a>\u00a0lub napisz do nas na adres\u00a0<a href=\"https:\/\/facebook.com\/HookahShop.lt\/\" target=\"_blank\" rel=\"noopener noreferrer\">konto na Facebooku<\/a>\u00a0a my odpowiemy na Twoj\u0105 pro\u015bb\u0119 tego samego dnia.<\/p>\n<p>&nbsp;<\/p>","protected":false},"excerpt":{"rendered":"<p>Szisza wodna HEKKPIPE Deluxe Brown Hookah Hekkpipe Deluxe to wyj\u0105tkowa szisza, kt\u00f3ra do swojej produkcji wykorzystuje sk\u00f3r\u0119 oraz naturalny d\u0105b, co czyni j\u0105 ekskluzywn\u0105 fajk\u0105 przeno\u015bn\u0105. Hekkpipe Deluxe to najwy\u017cszej jako\u015bci i najbardziej ekskluzywny produkt od producenta Hekkpipe. Ta elegancka szisza charakteryzuje si\u0119 doskona\u0142ym wykonaniem, a tak\u017ce wysokiej jako\u015bci etui z drewna d\u0119bowego i eleganckimi sk\u00f3rzanymi detalami, w tym odpinanym paskiem na r\u0119k\u0119. Przygotowanie [\u2026]<\/p>","protected":false},"featured_media":26744,"comment_status":"open","ping_status":"closed","template":"","meta":[],"_links":{"self":[{"href":"https:\/\/hookahshop.lt\/pl\/wp-json\/wp\/v2\/product\/26741"}],"collection":[{"href":"https:\/\/hookahshop.lt\/pl\/wp-json\/wp\/v2\/product"}],"about":[{"href":"https:\/\/hookahshop.lt\/pl\/wp-json\/wp\/v2\/types\/product"}],"replies":[{"embeddable":true,"href":"https:\/\/hookahshop.lt\/pl\/wp-json\/wp\/v2\/comments?post=26741"}],"version-history":[{"count":3,"href":"https:\/\/hookahshop.lt\/pl\/wp-json\/wp\/v2\/product\/26741\/revisions"}],"predecessor-version":[{"id":29701,"href":"https:\/\/hookahshop.lt\/pl\/wp-json\/wp\/v2\/product\/26741\/revisions\/29701"}],"wp:featuredmedia":[{"embeddable":true,"href":"https:\/\/hookahshop.lt\/pl\/wp-json\/wp\/v2\/media\/26744"}],"wp:attachment":[{"href":"https:\/\/hookahshop.lt\/pl\/wp-json\/wp\/v2\/media?parent=26741"}],"curies":[{"name":"wp","href":"https:\/\/api.w.org\/{rel}","templated":true}]}}