{"id":26769,"date":"2021-08-17T14:42:55","date_gmt":"2021-08-17T11:42:55","guid":{"rendered":"https:\/\/hookahshop.lt\/?post_type=product&#038;p=26769"},"modified":"2026-04-18T23:28:41","modified_gmt":"2026-04-18T20:28:41","slug":"kaljanas-amy-deluxe-066-02-silver-black","status":"publish","type":"product","link":"https:\/\/hookahshop.lt\/pl\/produkt\/szisza-amy-deluxe-066-02-srebrno-czarna\/","title":{"rendered":"Fajka wodna AMY DELUXE 066.02 Srebrno-czarna"},"content":{"rendered":"<h2>Fajka wodna AMY DELUXE 066.02 Srebrno-czarna<\/h2>\n<p>Produkty Amy Deluxe od dawna podbijaj\u0105 serca europejskich nabywc\u00f3w. Wysoka jako\u015b\u0107 produktu i konkurencyjna cena. Projekt zosta\u0142 stworzony przez ekspert\u00f3w z Niemiec i \u0142\u0105czy w sobie praktyczno\u015b\u0107 i nowoczesny wygl\u0105d.<\/p>\n<p><strong>W sk\u0142ad zestawu wchodz\u0105:<\/strong><br \/>\nNargile<br \/>\nKolba<br \/>\nUstnik<br \/>\nPuchar<br \/>\nW\u0105\u017c (silikon)<br \/>\nUchwyt na w\u0105\u017c<br \/>\nSzczypce<br \/>\nKomin<\/p>\n<p><strong>Specyfikacja:<\/strong><br \/>\nWysoko\u015b\u0107 fajki wodnej bez kolby: oko\u0142o 50 cm<br \/>\nMateria\u0142: aluminium<br \/>\nTyp po\u0142\u0105czenia: Kliknij<br \/>\nCzarny kolor<br \/>\nDyfuzor: Tak<br \/>\nKraj pochodzenia: Niemcy<\/p>\n<p>Czy masz jakie\u015b pytania? Skontaktuj si\u0119 z nami\u00a0<a href=\"https:\/\/hookahshop.lt\/pl\/lacznosc\/\">strona z kontaktami<\/a>\u00a0lub napisz do nas na adres\u00a0<a href=\"https:\/\/facebook.com\/HookahShop.lt\/\" target=\"_blank\" rel=\"noopener noreferrer\">konto na Facebooku<\/a>\u00a0a my odpowiemy na Twoj\u0105 pro\u015bb\u0119 tego samego dnia.<\/p>\n<p>&nbsp;<\/p>","protected":false},"excerpt":{"rendered":"<p>Fajka wodna AMY DELUXE 066.02 Silver Black Produkty \u201eAmy Deluxe\u201d od dawna podbijaj\u0105 serca europejskich nabywc\u00f3w. Wysoka jako\u015b\u0107 produktu i konkurencyjna cena. Projekt zosta\u0142 stworzony przez ekspert\u00f3w z Niemiec i \u0142\u0105czy w sobie praktyczno\u015b\u0107 z nowoczesnym wygl\u0105dem. W zestawie: Kolba do fajki wodnej Ustnik Kubek W\u0105\u017c (silikon) Uchwyt w\u0119\u017ca Szczypce Specyfikacja fajki: Wysoko\u015b\u0107 fajki wodnej bez kolby: ok. 50 cm Materia\u0142: aluminium Przy\u0142\u0105cze [\u2026]<\/p>","protected":false},"featured_media":26770,"comment_status":"open","ping_status":"closed","template":"","meta":[],"_links":{"self":[{"href":"https:\/\/hookahshop.lt\/pl\/wp-json\/wp\/v2\/product\/26769"}],"collection":[{"href":"https:\/\/hookahshop.lt\/pl\/wp-json\/wp\/v2\/product"}],"about":[{"href":"https:\/\/hookahshop.lt\/pl\/wp-json\/wp\/v2\/types\/product"}],"replies":[{"embeddable":true,"href":"https:\/\/hookahshop.lt\/pl\/wp-json\/wp\/v2\/comments?post=26769"}],"version-history":[{"count":3,"href":"https:\/\/hookahshop.lt\/pl\/wp-json\/wp\/v2\/product\/26769\/revisions"}],"predecessor-version":[{"id":34562,"href":"https:\/\/hookahshop.lt\/pl\/wp-json\/wp\/v2\/product\/26769\/revisions\/34562"}],"wp:featuredmedia":[{"embeddable":true,"href":"https:\/\/hookahshop.lt\/pl\/wp-json\/wp\/v2\/media\/26770"}],"wp:attachment":[{"href":"https:\/\/hookahshop.lt\/pl\/wp-json\/wp\/v2\/media?parent=26769"}],"curies":[{"name":"wp","href":"https:\/\/api.w.org\/{rel}","templated":true}]}}