{"id":26874,"date":"2021-08-20T17:48:55","date_gmt":"2021-08-20T14:48:55","guid":{"rendered":"https:\/\/hookahshop.lt\/?post_type=product&#038;p=26874"},"modified":"2026-04-17T23:29:32","modified_gmt":"2026-04-17T20:29:32","slug":"naturaliu-angliuku-uzkuriklis-ziryab","status":"publish","type":"product","link":"https:\/\/hookahshop.lt\/pl\/produkt\/zapalnik-wegiel-naturalny-ziryab\/","title":{"rendered":"Naturalny zapalnik w\u0119glowy ZIRYAB"},"content":{"rendered":"<h2>Naturalny zapalnik w\u0119glowy ZIRYAB<\/h2>\n<p>Pomo\u017ce Ci komfortowo rozgrza\u0107 w\u0119giel do fajki wodnej, bezpieczniej ni\u017c inne urz\u0105dzenia grzewcze i oszcz\u0119dnie dzi\u0119ki mocy 600W. Kompaktowy i \u0142atwy w transporcie.<br \/>\nMie\u015bci do 5-6 w\u0119gli o wielko\u015bci do 26 mm. W\u0119gle rozgrzewaj\u0105 si\u0119 \u015brednio w ci\u0105gu 10-12 minut.<\/p>\n<p><strong>Specyfikacje:<\/strong><br \/>\nWymiary: 20\u00d710\u00d715 cm<br \/>\nMoc: 600 W<br \/>\nCzarny kolor<\/p>\n<p>Czy masz jakie\u015b pytania? Skontaktuj si\u0119 z nami\u00a0<a href=\"https:\/\/hookahshop.lt\/pl\/lacznosc\/\">strona z kontaktami<\/a>\u00a0lub napisz do nas na adres\u00a0<a href=\"https:\/\/facebook.com\/HookahShop.lt\/\" target=\"_blank\" rel=\"noopener noreferrer\">konto na Facebooku<\/a>\u00a0a my odpowiemy na Twoj\u0105 pro\u015bb\u0119 tego samego dnia.<\/p>","protected":false},"excerpt":{"rendered":"<p>Zapalniczka na w\u0119giel naturalny ZIRYAB Pomo\u017ce Ci wygodnie podgrza\u0107 w\u0119giel do fajki wodnej, bezpieczniej ni\u017c inne urz\u0105dzenia grzewcze i oszcz\u0119dnie dzi\u0119ki mocy 600W. Kompaktowy i \u0142atwy w transporcie. Mie\u015bci do 5-6 w\u0119gli o \u015brednicy do 26 mm. W\u0119gle nagrzewaj\u0105 si\u0119 \u015brednio w ci\u0105gu 10-12 minut. Dane techniczne: Wymiary: 20 \u00d7 10 \u00d7 15 cm Moc: 600W Kolor: Czarny Masz pytania? Kontakt [\u2026]<\/p>","protected":false},"featured_media":26990,"comment_status":"open","ping_status":"closed","template":"","meta":[],"_links":{"self":[{"href":"https:\/\/hookahshop.lt\/pl\/wp-json\/wp\/v2\/product\/26874"}],"collection":[{"href":"https:\/\/hookahshop.lt\/pl\/wp-json\/wp\/v2\/product"}],"about":[{"href":"https:\/\/hookahshop.lt\/pl\/wp-json\/wp\/v2\/types\/product"}],"replies":[{"embeddable":true,"href":"https:\/\/hookahshop.lt\/pl\/wp-json\/wp\/v2\/comments?post=26874"}],"version-history":[{"count":5,"href":"https:\/\/hookahshop.lt\/pl\/wp-json\/wp\/v2\/product\/26874\/revisions"}],"predecessor-version":[{"id":32460,"href":"https:\/\/hookahshop.lt\/pl\/wp-json\/wp\/v2\/product\/26874\/revisions\/32460"}],"wp:featuredmedia":[{"embeddable":true,"href":"https:\/\/hookahshop.lt\/pl\/wp-json\/wp\/v2\/media\/26990"}],"wp:attachment":[{"href":"https:\/\/hookahshop.lt\/pl\/wp-json\/wp\/v2\/media?parent=26874"}],"curies":[{"name":"wp","href":"https:\/\/api.w.org\/{rel}","templated":true}]}}