{"id":26995,"date":"2021-08-23T15:38:05","date_gmt":"2021-08-23T12:38:05","guid":{"rendered":"https:\/\/hookahshop.lt\/?post_type=product&#038;p=26995"},"modified":"2026-05-14T23:29:01","modified_gmt":"2026-05-14T20:29:01","slug":"kaljano-anglies-laikiklis-small","status":"publish","type":"product","link":"https:\/\/hookahshop.lt\/pl\/produkt\/uchwyt-na-fajke-wodna-maly\/","title":{"rendered":"Uchwyt w\u0119glowy do fajki wodnej Ma\u0142y"},"content":{"rendered":"<h2>Uchwyt w\u0119glowy do fajki wodnej Ma\u0142y<\/h2>\n<p>Ma\u0142y uchwyt na w\u0119giel do fajki wodnej zosta\u0142 zaprojektowany tak, aby bezpiecznie przechowywa\u0107 w\u0119giel w jednym miejscu.<\/p>\n<p>Wysoko\u015b\u0107: 35cm<br \/>\n\u015arednica miski: 15cm<\/p>\n<p>Czy masz jakie\u015b pytania? Skontaktuj si\u0119 z nami\u00a0<a href=\"https:\/\/hookahshop.lt\/pl\/lacznosc\/\">strona z kontaktami<\/a>\u00a0lub napisz do nas na adres\u00a0<a href=\"https:\/\/facebook.com\/HookahShop.lt\/\" target=\"_blank\" rel=\"noopener noreferrer\">konto na Facebooku<\/a>\u00a0a my odpowiemy na Twoj\u0105 pro\u015bb\u0119 tego samego dnia.<\/p>","protected":false},"excerpt":{"rendered":"<p>Ma\u0142y uchwyt na w\u0119giel do fajki wodnej Ma\u0142y uchwyt na w\u0119giel do fajki wodnej zosta\u0142 zaprojektowany do bezpiecznego przechowywania w\u0119gla w jednym miejscu. Wysoko\u015b\u0107: 35cm \u015arednica misy: 15cm Masz pytania? Skontaktuj si\u0119 z nami na stronie kontaktowej lub napisz do nas na naszym koncie na Facebooku, a my odpowiemy na Twoj\u0105 pro\u015bb\u0119 jeszcze tego samego dnia.<\/p>","protected":false},"featured_media":26997,"comment_status":"open","ping_status":"closed","template":"","meta":[],"_links":{"self":[{"href":"https:\/\/hookahshop.lt\/pl\/wp-json\/wp\/v2\/product\/26995"}],"collection":[{"href":"https:\/\/hookahshop.lt\/pl\/wp-json\/wp\/v2\/product"}],"about":[{"href":"https:\/\/hookahshop.lt\/pl\/wp-json\/wp\/v2\/types\/product"}],"replies":[{"embeddable":true,"href":"https:\/\/hookahshop.lt\/pl\/wp-json\/wp\/v2\/comments?post=26995"}],"version-history":[{"count":6,"href":"https:\/\/hookahshop.lt\/pl\/wp-json\/wp\/v2\/product\/26995\/revisions"}],"predecessor-version":[{"id":43290,"href":"https:\/\/hookahshop.lt\/pl\/wp-json\/wp\/v2\/product\/26995\/revisions\/43290"}],"wp:featuredmedia":[{"embeddable":true,"href":"https:\/\/hookahshop.lt\/pl\/wp-json\/wp\/v2\/media\/26997"}],"wp:attachment":[{"href":"https:\/\/hookahshop.lt\/pl\/wp-json\/wp\/v2\/media?parent=26995"}],"curies":[{"name":"wp","href":"https:\/\/api.w.org\/{rel}","templated":true}]}}