{"id":27093,"date":"2021-08-27T15:31:21","date_gmt":"2021-08-27T12:31:21","guid":{"rendered":"https:\/\/hookahshop.lt\/?post_type=product&#038;p=27093"},"modified":"2026-04-06T23:28:42","modified_gmt":"2026-04-06T20:28:42","slug":"kaljanas-aladin-mvp550-black","status":"publish","type":"product","link":"https:\/\/hookahshop.lt\/pl\/produkt\/hookah-aladin-mvp550-black\/","title":{"rendered":"Fajka wodna ALADIN MVP550 Czarna"},"content":{"rendered":"<h2>Fajka wodna ALADIN MVP550 Czarna<\/h2>\n<p id=\"tw-target-text\" class=\"tw-data-text tw-text-large XcVN5d tw-ta\" dir=\"ltr\" data-placeholder=\"Vertimas\"><span class=\"Y2IQFc\" lang=\"lt\"> Fajka wodna pozostawia wspania\u0142e wra\u017cenia dzi\u0119ki wysokiej jako\u015bci materia\u0142om. Jako\u015b\u0107 wykonania i indywidualny design nie pozostawi\u0105 Ci\u0119 oboj\u0119tnym. Wyj\u0105tkowo\u015b\u0107 fajki wodnej polega na tym, \u017ce mo\u017cna pod\u0142\u0105czy\u0107 wi\u0119cej ni\u017c jeden w\u0105\u017c.<br \/>\nDzi\u0119ki odpowiednio du\u017cym rozmiarom i eleganckiemu wzornictwu ta fajka wodna przyci\u0105gnie wiele spojrze\u0144. Bogaty zestaw fajek wodnych nie pozostawi nikogo oboj\u0119tnym.<\/span><\/p>\n<p><strong>Specyfikacja:<\/strong><\/p>\n<p>Mo\u017cliwo\u015b\u0107 pod\u0142\u0105czenia 2 w\u0119\u017cy<br \/>\nMateria\u0142: anodowana stal nierdzewna<br \/>\nKolba: gwintowana<br \/>\nDyfuzja: tak (regulowana)<br \/>\nWysoko\u015b\u0107: 55 cm<br \/>\nWaga: 3,8 kg<br \/>\nwyprodukowano w Chinach<\/p>\n<p><strong>Standardowy zestaw zawiera:<\/strong><br \/>\nszczypce, mi\u0119kki w\u0105\u017c silikonowy z dyszami, kubek, komin do kubka.<\/p>\n<p><img decoding=\"async\" loading=\"lazy\" class=\"alignnone size-medium wp-image-38491\" src=\"https:\/\/hookahshop.lt\/wp-content\/uploads\/2021\/02\/aladinu-komplektacija-300x273.jpg\" alt=\"- hookahshop.lt\" width=\"300\" height=\"273\" srcset=\"https:\/\/hookahshop.lt\/wp-content\/uploads\/2021\/02\/aladinu-komplektacija-300x273.jpg 300w, https:\/\/hookahshop.lt\/wp-content\/uploads\/2021\/02\/aladinu-komplektacija-13x12.jpg 13w, https:\/\/hookahshop.lt\/wp-content\/uploads\/2021\/02\/aladinu-komplektacija-64x58.jpg 64w, https:\/\/hookahshop.lt\/wp-content\/uploads\/2021\/02\/aladinu-komplektacija.jpg 420w\" sizes=\"(max-width: 300px) 100vw, 300px\" title=\"\"><\/p>\n<p>Czy masz jakie\u015b pytania? Skontaktuj si\u0119 z nami\u00a0<a href=\"https:\/\/hookahshop.lt\/pl\/lacznosc\/\">strona z kontaktami<\/a>\u00a0lub napisz do nas na adres\u00a0<a href=\"https:\/\/facebook.com\/HookahShop.lt\/\" target=\"_blank\" rel=\"noopener noreferrer\">konto na Facebooku<\/a>\u00a0a my odpowiemy na Twoj\u0105 pro\u015bb\u0119 tego samego dnia.<\/p>\n<p>&nbsp;<\/p>","protected":false},"excerpt":{"rendered":"<p>Fajka wodna ALADIN MVP550 Czarna szisza robi wspania\u0142e wra\u017cenie dzi\u0119ki wysokiej jako\u015bci materia\u0142om. Wysoka jako\u015b\u0107 wykonania i indywidualny design nie pozostawi\u0105 Ci\u0119 oboj\u0119tnym. Wyj\u0105tkowo\u015b\u0107 fajki wodnej polega na tym, \u017ce mo\u017cna pod\u0142\u0105czy\u0107 wi\u0119cej ni\u017c jeden w\u0105\u017c. Dzi\u0119ki wystarczaj\u0105co du\u017cym rozmiarom i eleganckiemu wygl\u0105dowi ta fajka wodna przyci\u0105gnie wiele oczu. Bogaty zestaw fajek wodnych nie pozostawi nikogo oboj\u0119tnym. Specyfikacja: Mo\u017cliwo\u015b\u0107 pod\u0142\u0105czenia 2 w\u0119\u017cy Materia\u0142: stal nierdzewna anodowana Kolba: [\u2026]<\/p>","protected":false},"featured_media":27144,"comment_status":"open","ping_status":"closed","template":"","meta":[],"_links":{"self":[{"href":"https:\/\/hookahshop.lt\/pl\/wp-json\/wp\/v2\/product\/27093"}],"collection":[{"href":"https:\/\/hookahshop.lt\/pl\/wp-json\/wp\/v2\/product"}],"about":[{"href":"https:\/\/hookahshop.lt\/pl\/wp-json\/wp\/v2\/types\/product"}],"replies":[{"embeddable":true,"href":"https:\/\/hookahshop.lt\/pl\/wp-json\/wp\/v2\/comments?post=27093"}],"version-history":[{"count":6,"href":"https:\/\/hookahshop.lt\/pl\/wp-json\/wp\/v2\/product\/27093\/revisions"}],"predecessor-version":[{"id":45423,"href":"https:\/\/hookahshop.lt\/pl\/wp-json\/wp\/v2\/product\/27093\/revisions\/45423"}],"wp:featuredmedia":[{"embeddable":true,"href":"https:\/\/hookahshop.lt\/pl\/wp-json\/wp\/v2\/media\/27144"}],"wp:attachment":[{"href":"https:\/\/hookahshop.lt\/pl\/wp-json\/wp\/v2\/media?parent=27093"}],"curies":[{"name":"wp","href":"https:\/\/api.w.org\/{rel}","templated":true}]}}