{"id":27106,"date":"2021-08-27T15:42:01","date_gmt":"2021-08-27T12:42:01","guid":{"rendered":"https:\/\/hookahshop.lt\/?post_type=product&#038;p=27106"},"modified":"2026-04-04T23:28:57","modified_gmt":"2026-04-04T20:28:57","slug":"karscio-kamera-kaloud-lotus-i-azuris","status":"publish","type":"product","link":"https:\/\/hookahshop.lt\/pl\/produkt\/kamera-termowizyjna-kaloud-lotus-i-azuris\/","title":{"rendered":"Gor\u0105ca kamera KALOUD Lotus I + Azuris"},"content":{"rendered":"<h2>Gor\u0105ca kamera KALOUD Lotus I + Azuris<\/h2>\n<p>Opatentowany przez osi\u0105gni\u0119cia sztuki i produkcji. Ten produkt pionier\u00f3w kom\u00f3r grzewczych z USA to gwarancja najwy\u017cszej jako\u015bci, znacznie u\u0142atwiaj\u0105ca korzystanie z fajki wodnej. Do jego produkcji wykorzystano materia\u0142y z bran\u017cy lotniczej i medycznej. Zaleca si\u0119 stosowanie do szklanek o \u015brednicy wi\u0119kszej ni\u017c 70 mm.<\/p>\n<p>\u2013 Znacznie mniej popio\u0142u, czystszy i bardziej intensywny dym.<br \/>\n\u2013 Nie ma potrzeby stosowania folii aluminiowej ani komin\u00f3w.<br \/>\n\u2013 Wyd\u0142u\u017ca sesj\u0119 palenia.<br \/>\n- W\u0119giel trzeba obraca\u0107 znacznie rzadziej.<br \/>\n\u2013 Lepsze zarz\u0105dzanie ciep\u0142em.<\/p>\n<p>Pojemno\u015b\u0107 (zawarto\u015b\u0107 w\u0119gla): do 2-3 jednostek.<br \/>\nMateria\u0142: aluminium;<br \/>\nKolor niebieski<br \/>\nProducent: Kaloud, USA<\/p>\n<p>Czy masz jakie\u015b pytania? Skontaktuj si\u0119 z nami\u00a0<a href=\"https:\/\/hookahshop.lt\/pl\/lacznosc\/\">strona z kontaktami<\/a>\u00a0lub napisz do nas na adres\u00a0<a href=\"https:\/\/facebook.com\/HookahShop.lt\/\" target=\"_blank\" rel=\"noopener noreferrer\">konto na Facebooku<\/a>\u00a0a my odpowiemy na Twoj\u0105 pro\u015bb\u0119 tego samego dnia.<\/p>","protected":false},"excerpt":{"rendered":"<p>Komora grzewcza KALOUD Lotus I+ Azuris Opatentowana osi\u0105gni\u0119ciami sztuki i produkcji. Ten produkt pionier\u00f3w kom\u00f3r cieplnych z USA to gwarancja najwy\u017cszej jako\u015bci, znacznie u\u0142atwiaj\u0105ca u\u017cytkowanie Twojej fajki wodnej. Do jego produkcji wykorzystano materia\u0142y pochodz\u0105ce z przemys\u0142u lotniczego i medycznego. Zaleca si\u0119 stosowa\u0107 do okular\u00f3w o \u015brednicy wi\u0119kszej ni\u017c 70 mm. \u2013 Znacznie mniej popio\u0142u, czystszy i bardziej intensywny dym. \u2013 Nie ma potrzeby stosowania aluminium [\u2026]<\/p>","protected":false},"featured_media":27107,"comment_status":"open","ping_status":"closed","template":"","meta":[],"_links":{"self":[{"href":"https:\/\/hookahshop.lt\/pl\/wp-json\/wp\/v2\/product\/27106"}],"collection":[{"href":"https:\/\/hookahshop.lt\/pl\/wp-json\/wp\/v2\/product"}],"about":[{"href":"https:\/\/hookahshop.lt\/pl\/wp-json\/wp\/v2\/types\/product"}],"replies":[{"embeddable":true,"href":"https:\/\/hookahshop.lt\/pl\/wp-json\/wp\/v2\/comments?post=27106"}],"version-history":[{"count":4,"href":"https:\/\/hookahshop.lt\/pl\/wp-json\/wp\/v2\/product\/27106\/revisions"}],"predecessor-version":[{"id":45570,"href":"https:\/\/hookahshop.lt\/pl\/wp-json\/wp\/v2\/product\/27106\/revisions\/45570"}],"wp:featuredmedia":[{"embeddable":true,"href":"https:\/\/hookahshop.lt\/pl\/wp-json\/wp\/v2\/media\/27107"}],"wp:attachment":[{"href":"https:\/\/hookahshop.lt\/pl\/wp-json\/wp\/v2\/media?parent=27106"}],"curies":[{"name":"wp","href":"https:\/\/api.w.org\/{rel}","templated":true}]}}