{"id":27108,"date":"2021-08-27T15:58:07","date_gmt":"2021-08-27T12:58:07","guid":{"rendered":"https:\/\/hookahshop.lt\/?post_type=product&#038;p=27108"},"modified":"2026-04-15T12:28:46","modified_gmt":"2026-04-15T09:28:46","slug":"kaljanas-aladin-2-go-stainless-steel","status":"publish","type":"product","link":"https:\/\/hookahshop.lt\/pl\/produkt\/szisza-aladin-2-go-stal-nierdzewna\/","title":{"rendered":"Fajka wodna ALADIN 2 Go Stal nierdzewna"},"content":{"rendered":"<h2>Fajka wodna ALADIN 2 Go Stal nierdzewna<\/h2>\n<p id=\"tw-target-text\" class=\"tw-data-text tw-text-large XcVN5d tw-ta\" dir=\"ltr\" data-placeholder=\"Vertimas\"><span class=\"Y2IQFc\" lang=\"lt\">Fajka wodna \u201eAladin 2 Go\u201d to \u015bwietna fajka wodna o kompaktowych rozmiarach, wykonana z wysokiej klasy stali nierdzewnej. Niewielki rozmiar fajki wodnej zapewni wi\u0119ksz\u0105 mobilno\u015b\u0107 i wygod\u0119. Pojemnik na fajk\u0119 wodn\u0105 wykonany jest z wyj\u0105tkowo grubego szk\u0142a i ma ekskluzywny design, kt\u00f3ry nadaje tej ma\u0142ej fajce wodnej jeszcze wi\u0119cej wyj\u0105tkowo\u015bci. Szisza \u015bwietnie sprawdzi si\u0119 w transporcie w kompaktowej torbie.<\/span><\/p>\n<p><strong>Charakterystyka:<\/strong><br \/>\nWysoko\u015b\u0107: 23 cm<br \/>\nKolba: szk\u0142o hartowane<br \/>\nKorpus fajki wodnej: stal nierdzewna<\/p>\n<p><strong>Ekwipunek:<\/strong><br \/>\nSzisza ze stali nierdzewnej<br \/>\nTorba na fajk\u0119 wodn\u0105<\/p>\n<p><strong>Nie zawiera ustnika i w\u0119\u017ca.<\/strong><\/p>\n<p><img decoding=\"async\" loading=\"lazy\" class=\"alignnone size-medium wp-image-38512\" src=\"https:\/\/hookahshop.lt\/wp-content\/uploads\/2022\/06\/mazu-aladinu-komplektacija-1-300x273.jpg\" alt=\"- hookahshop.lt\" width=\"300\" height=\"273\" srcset=\"https:\/\/hookahshop.lt\/wp-content\/uploads\/2022\/06\/mazu-aladinu-komplektacija-1-300x273.jpg 300w, https:\/\/hookahshop.lt\/wp-content\/uploads\/2022\/06\/mazu-aladinu-komplektacija-1-13x12.jpg 13w, https:\/\/hookahshop.lt\/wp-content\/uploads\/2022\/06\/mazu-aladinu-komplektacija-1-64x58.jpg 64w, https:\/\/hookahshop.lt\/wp-content\/uploads\/2022\/06\/mazu-aladinu-komplektacija-1.jpg 420w\" sizes=\"(max-width: 300px) 100vw, 300px\" title=\"\"><\/p>\n<p dir=\"ltr\" data-placeholder=\"Vertimas\">Czy masz jakie\u015b pytania? Skontaktuj si\u0119 z nami <a href=\"https:\/\/hookahshop.lt\/pl\/lacznosc\/\">strona z kontaktami<\/a> lub napisz do nas na adres <a href=\"https:\/\/facebook.com\/HookahShop.lt\/\" target=\"_blank\" rel=\"noopener noreferrer\">konto na Facebooku<\/a> a my odpowiemy na Twoj\u0105 pro\u015bb\u0119 tego samego dnia.<\/p>\n<p>&nbsp;<\/p>","protected":false},"excerpt":{"rendered":"<p>Szisza szisza ALADIN 2 Go ze stali nierdzewnej \u201eAladin 2 Go\u201d to \u015bwietna, kompaktowa szisza wykonana z wysokiej jako\u015bci stali nierdzewnej. Niewielki rozmiar fajki wodnej zapewni wi\u0119ksz\u0105 mobilno\u015b\u0107 i wygod\u0119. Pojemnik na fajk\u0119 wodn\u0105 wykonany jest z wyj\u0105tkowo grubego szk\u0142a i ma ekskluzywny design, kt\u00f3ry nadaje tej ma\u0142ej fajce wodnej jeszcze wi\u0119cej wyj\u0105tkowo\u015bci. Szisza \u015bwietnie sprawdzi si\u0119 w transporcie w kompaktowym [\u2026]<\/p>","protected":false},"featured_media":27137,"comment_status":"open","ping_status":"closed","template":"","meta":[],"_links":{"self":[{"href":"https:\/\/hookahshop.lt\/pl\/wp-json\/wp\/v2\/product\/27108"}],"collection":[{"href":"https:\/\/hookahshop.lt\/pl\/wp-json\/wp\/v2\/product"}],"about":[{"href":"https:\/\/hookahshop.lt\/pl\/wp-json\/wp\/v2\/types\/product"}],"replies":[{"embeddable":true,"href":"https:\/\/hookahshop.lt\/pl\/wp-json\/wp\/v2\/comments?post=27108"}],"version-history":[{"count":9,"href":"https:\/\/hookahshop.lt\/pl\/wp-json\/wp\/v2\/product\/27108\/revisions"}],"predecessor-version":[{"id":30823,"href":"https:\/\/hookahshop.lt\/pl\/wp-json\/wp\/v2\/product\/27108\/revisions\/30823"}],"wp:featuredmedia":[{"embeddable":true,"href":"https:\/\/hookahshop.lt\/pl\/wp-json\/wp\/v2\/media\/27137"}],"wp:attachment":[{"href":"https:\/\/hookahshop.lt\/pl\/wp-json\/wp\/v2\/media?parent=27108"}],"curies":[{"name":"wp","href":"https:\/\/api.w.org\/{rel}","templated":true}]}}