{"id":27130,"date":"2021-08-27T17:07:49","date_gmt":"2021-08-27T14:07:49","guid":{"rendered":"https:\/\/hookahshop.lt\/?post_type=product&#038;p=27130"},"modified":"2026-04-20T23:29:05","modified_gmt":"2026-04-20T20:29:05","slug":"karscio-kamera-zeppelin-in-da-clouds-blue","status":"publish","type":"product","link":"https:\/\/hookahshop.lt\/pl\/produkt\/kamera-termowizyjna-zeppelin-in-da-clouds-blue\/","title":{"rendered":"Kamera termowizyjna ZEPPELIN In Da Clouds Blue"},"content":{"rendered":"<h2>Kamera termowizyjna ZEPPELIN In Da Clouds Blue<\/h2>\n<p>Nowo\u015b\u0107 na rynku kamer termowizyjnych, kamera termowizyjna Zeppelin jest produkowana przez Zidclouds Russia.<br \/>\nTa aluminiowo-tytanowa komora grzewcza Zeppelin jest nie tylko bezpieczna i wygodna w u\u017cyciu, ale tak\u017ce wspania\u0142ym dzie\u0142em sztuki do ozdobienia ulubionego kubka.<\/p>\n<p>Trzy w\u0119gle z \u0142atwo\u015bci\u0105 zmieszcz\u0105 si\u0119 w tej komorze grzewczej i pozwol\u0105 utrzyma\u0107 po\u017c\u0105dan\u0105 i stabiln\u0105 temperatur\u0119.<\/p>\n<p>Czy masz jakie\u015b pytania? Skontaktuj si\u0119 z nami\u00a0<a href=\"https:\/\/hookahshop.lt\/pl\/lacznosc\/\">strona z kontaktami<\/a>\u00a0lub napisz do nas na adres\u00a0<a href=\"https:\/\/facebook.com\/HookahShop.lt\/\" target=\"_blank\" rel=\"noopener\">konto na Facebooku<\/a>\u00a0a my odpowiemy na Twoj\u0105 pro\u015bb\u0119 tego samego dnia.<\/p>","protected":false},"excerpt":{"rendered":"<p>Komora grzewcza ZEPPELIN In Da Clouds Blue Nowo\u015bci\u0105 na rynku kom\u00f3r grzewczych jest komora grzewcza Zeppelin wyprodukowana przez firm\u0119 Zidclouds Russia. Ta komora grzewcza Zeppelin pokryta aluminium i tytanem jest nie tylko bezpieczna i wygodna w u\u017cyciu, ale tak\u017ce wspania\u0142ym dzie\u0142em sztuki do dekoracji ulubionej fili\u017canki. Trzy w\u0119gle z \u0142atwo\u015bci\u0105 zmieszcz\u0105 si\u0119 w tej komorze grzewczej i pozwol\u0105 [\u2026]<\/p>","protected":false},"featured_media":27131,"comment_status":"open","ping_status":"closed","template":"","meta":[],"_links":{"self":[{"href":"https:\/\/hookahshop.lt\/pl\/wp-json\/wp\/v2\/product\/27130"}],"collection":[{"href":"https:\/\/hookahshop.lt\/pl\/wp-json\/wp\/v2\/product"}],"about":[{"href":"https:\/\/hookahshop.lt\/pl\/wp-json\/wp\/v2\/types\/product"}],"replies":[{"embeddable":true,"href":"https:\/\/hookahshop.lt\/pl\/wp-json\/wp\/v2\/comments?post=27130"}],"version-history":[{"count":3,"href":"https:\/\/hookahshop.lt\/pl\/wp-json\/wp\/v2\/product\/27130\/revisions"}],"predecessor-version":[{"id":42057,"href":"https:\/\/hookahshop.lt\/pl\/wp-json\/wp\/v2\/product\/27130\/revisions\/42057"}],"wp:featuredmedia":[{"embeddable":true,"href":"https:\/\/hookahshop.lt\/pl\/wp-json\/wp\/v2\/media\/27131"}],"wp:attachment":[{"href":"https:\/\/hookahshop.lt\/pl\/wp-json\/wp\/v2\/media?parent=27130"}],"curies":[{"name":"wp","href":"https:\/\/api.w.org\/{rel}","templated":true}]}}