{"id":27195,"date":"2021-08-27T20:39:11","date_gmt":"2021-08-27T17:39:11","guid":{"rendered":"https:\/\/hookahshop.lt\/?post_type=product&#038;p=27195"},"modified":"2026-04-15T23:29:12","modified_gmt":"2026-04-15T20:29:12","slug":"taurele-kaljanui-moon-killer-black-space","status":"publish","type":"product","link":"https:\/\/hookahshop.lt\/pl\/produkt\/kubek-na-fajke-wodna-ksiezycowy-zabojca-czarna-przestrzen\/","title":{"rendered":"Kubek do fajki wodnej MOON Killer Black Space"},"content":{"rendered":"<h2>Kubek do fajki wodnej MOON Killer Black Space<\/h2>\n<p>R\u0119cznie robiony, doskona\u0142e wykonanie, wykonany z wysokiej jako\u015bci gliny, szkliwiony kubek. Produkowane s\u0105 w Rosji, nowe na rynku, a pracowa\u0142y nad nimi te same osoby, kt\u00f3re tworzy\u0142y fili\u017canki Oblaka. Wysokiej jako\u015bci glina i glazura to idealne po\u0142\u0105czenie.<br \/>\nNar\u00f3d nadaje si\u0119 zar\u00f3wno do ciemnego, jak i jasnego tytoniu.<br \/>\nPojemno\u015b\u0107 kubka to oko\u0142o 15 g (w zale\u017cno\u015bci od zastosowanego sposobu pakowania).<\/p>\n<p>Do rozprowadzania tytoniu w kubku do\u0142\u0105czony jest drewniany widelec.<\/p>\n<p><strong>Charakterystyka:<\/strong><br \/>\nMateria\u0142: glina<br \/>\nWysoko\u015b\u0107: ~12 cm<br \/>\nSzeroko\u015b\u0107: ~7,8 cm<br \/>\nPojemno\u015b\u0107: ~1,3 cm<br \/>\nKraj pochodzenia: Rosja<\/p>\n<p>Czy masz jakie\u015b pytania? Skontaktuj si\u0119 z nami\u00a0<a href=\"https:\/\/hookahshop.lt\/pl\/lacznosc\/\">strona z kontaktami<\/a>\u00a0lub napisz do nas na adres\u00a0<a href=\"https:\/\/facebook.com\/HookahShop.lt\/\" target=\"_blank\" rel=\"noopener noreferrer\">konto na Facebooku<\/a>\u00a0a my odpowiemy na Twoj\u0105 pro\u015bb\u0119 tego samego dnia.<\/p>\n<p>&nbsp;<\/p>","protected":false},"excerpt":{"rendered":"<p>Fili\u017canka do fajki wodnej MOON Killer Black Space R\u0119cznie wykonana, doskona\u0142e wykonanie, z wysokiej jako\u015bci gliny, kubek szkliwiony. Produkcja w Rosji jest nowo\u015bci\u0105 na rynku, a pracowa\u0142y nad nimi te same osoby, kt\u00f3re zajmowa\u0142y si\u0119 tworzeniem kubk\u00f3w Oblaka. Wysokiej jako\u015bci glina i szkliwo to po\u0142\u0105czenie idealne. Miska nadaje si\u0119 zar\u00f3wno do ciemnych, jak i jasnych tytoni. Pojemno\u015b\u0107 kubka to oko\u0142o 15 g (w zale\u017cno\u015bci od [\u2026]<\/p>","protected":false},"featured_media":27196,"comment_status":"open","ping_status":"closed","template":"","meta":[],"_links":{"self":[{"href":"https:\/\/hookahshop.lt\/pl\/wp-json\/wp\/v2\/product\/27195"}],"collection":[{"href":"https:\/\/hookahshop.lt\/pl\/wp-json\/wp\/v2\/product"}],"about":[{"href":"https:\/\/hookahshop.lt\/pl\/wp-json\/wp\/v2\/types\/product"}],"replies":[{"embeddable":true,"href":"https:\/\/hookahshop.lt\/pl\/wp-json\/wp\/v2\/comments?post=27195"}],"version-history":[{"count":3,"href":"https:\/\/hookahshop.lt\/pl\/wp-json\/wp\/v2\/product\/27195\/revisions"}],"predecessor-version":[{"id":29269,"href":"https:\/\/hookahshop.lt\/pl\/wp-json\/wp\/v2\/product\/27195\/revisions\/29269"}],"wp:featuredmedia":[{"embeddable":true,"href":"https:\/\/hookahshop.lt\/pl\/wp-json\/wp\/v2\/media\/27196"}],"wp:attachment":[{"href":"https:\/\/hookahshop.lt\/pl\/wp-json\/wp\/v2\/media?parent=27195"}],"curies":[{"name":"wp","href":"https:\/\/api.w.org\/{rel}","templated":true}]}}