{"id":27266,"date":"2021-09-02T00:03:25","date_gmt":"2021-09-01T21:03:25","guid":{"rendered":"https:\/\/hookahshop.lt\/?post_type=product&#038;p=27266"},"modified":"2026-04-15T23:29:04","modified_gmt":"2026-04-15T20:29:04","slug":"kolba-kaljanui-daly-black-red","status":"publish","type":"product","link":"https:\/\/hookahshop.lt\/pl\/produkt\/kolba-do-szisza-daly-czarno-czerwona\/","title":{"rendered":"Kolba do fajki wodnej DALY Black Red"},"content":{"rendered":"<h2>Kolba do fajki wodnej DALY Black Red<\/h2>\n<p>Ta kolba wykonana jest z wysokiej jako\u015bci grubego szk\u0142a. Podstawa kolby wykonana jest z czarnego szk\u0142a, kt\u00f3re zmienia kolor na czerwony.<\/p>\n<p><strong>Specyfikacje:<\/strong><br \/>\nWysoko\u015b\u0107: 243 mm<br \/>\nWaga: ~ 1775 g<br \/>\n\u015arednica otworu zewn\u0119trznego: 70 mm<br \/>\nWewn\u0119trzna \u015brednica otworu: 48 mm<br \/>\nMateria\u0142 produktu: szk\u0142o<\/p>\n<p>Czy masz jakie\u015b pytania? Skontaktuj si\u0119 z nami\u00a0<a href=\"https:\/\/hookahshop.lt\/pl\/lacznosc\/\">strona z kontaktami<\/a>\u00a0lub napisz do nas na adres\u00a0<a href=\"https:\/\/facebook.com\/HookahShop.lt\/\" target=\"_blank\" rel=\"noopener noreferrer\">konto na Facebooku<\/a>\u00a0a my odpowiemy na Twoj\u0105 pro\u015bb\u0119 tego samego dnia.<\/p>\n<p>&nbsp;<\/p>","protected":false},"excerpt":{"rendered":"<p>Kolba kaljanui DALY Black Red \u0160i kolba pagaminta i\u0161 auk\u0161tos kokyb\u0117s storo stiklo. Kolbos pagrindas pagamintas i\u0161 juodo stiklo, kuris pereina \u012f raudon\u0105 spalv\u0105. Specifikacijos: Auk\u0161tis: 243 mm Svoris: ~ 1775 g I\u0161orin\u0117s skyl\u0117s skersmuo: 70 mm Vidin\u0117s skyl\u0117s skersmuo: 48 mm Produkto med\u017eiaga: stiklas Turite klausim\u0173? Susisiekite su mumis\u00a0kontakt\u0173 puslapyje\u00a0arba para\u0161ykite mums \u012f\u00a0Facebook paskyr\u0105\u00a0ir [&hellip;]<\/p>","protected":false},"featured_media":27267,"comment_status":"open","ping_status":"closed","template":"","meta":[],"_links":{"self":[{"href":"https:\/\/hookahshop.lt\/pl\/wp-json\/wp\/v2\/product\/27266"}],"collection":[{"href":"https:\/\/hookahshop.lt\/pl\/wp-json\/wp\/v2\/product"}],"about":[{"href":"https:\/\/hookahshop.lt\/pl\/wp-json\/wp\/v2\/types\/product"}],"replies":[{"embeddable":true,"href":"https:\/\/hookahshop.lt\/pl\/wp-json\/wp\/v2\/comments?post=27266"}],"version-history":[{"count":5,"href":"https:\/\/hookahshop.lt\/pl\/wp-json\/wp\/v2\/product\/27266\/revisions"}],"predecessor-version":[{"id":45020,"href":"https:\/\/hookahshop.lt\/pl\/wp-json\/wp\/v2\/product\/27266\/revisions\/45020"}],"wp:featuredmedia":[{"embeddable":true,"href":"https:\/\/hookahshop.lt\/pl\/wp-json\/wp\/v2\/media\/27267"}],"wp:attachment":[{"href":"https:\/\/hookahshop.lt\/pl\/wp-json\/wp\/v2\/media?parent=27266"}],"curies":[{"name":"wp","href":"https:\/\/api.w.org\/{rel}","templated":true}]}}