{"id":27901,"date":"2021-10-01T21:53:59","date_gmt":"2021-10-01T18:53:59","guid":{"rendered":"https:\/\/hookahshop.lt\/?post_type=product&#038;p=27901"},"modified":"2026-04-15T23:29:07","modified_gmt":"2026-04-15T20:29:07","slug":"sirupo-gaudykle-yahya-elegance-red","status":"publish","type":"product","link":"https:\/\/hookahshop.lt\/pl\/produkt\/syrop-pulapka-yahya-elegancki-ed\/","title":{"rendered":"Syfon YAHYA Elegance Red"},"content":{"rendered":"<h2>Syfon YAHYA Elegance Red<\/h2>\n<p>Yahya Elegance Hookah Syrup Catcher to stylowy dodatek do \u0142apania i zbierania syropu tytoniowego. \u0141atwy do odkr\u0119cenia i czyszczenia.<br \/>\nZapobiegaj przedostawaniu si\u0119 li\u015bci tytoniu i syropu do kolby i \u0142odygi fajki wodnej. Syrop i tyto\u0144 nie gromadz\u0105 si\u0119 w trzonie, co u\u0142atwia mycie i nadaje czystszy smak. Chroni przed \u017c\u00f3\u0142kni\u0119ciem w kolbie. Teraz przy zmianie kubka nie trzeba ka\u017cdorazowo my\u0107 fajki wodnej w celu usuni\u0119cia syropu.<\/p>\n<p>Charakterystyka:<\/p>\n<p>Kolor czerwony<br \/>\nWysoko\u015b\u0107: 60mm<br \/>\n\u015arednica (zewn\u0119trzna): 48 mm<br \/>\n\u015arednica (wewn\u0119trzna): 23 mm<br \/>\nWaga: oko\u0142o 90 gram\u00f3w<\/p>\n<p>Czy masz jakie\u015b pytania? Skontaktuj si\u0119 z nami\u00a0<a href=\"https:\/\/hookahshop.lt\/pl\/lacznosc\/\">strona z kontaktami<\/a>\u00a0lub napisz do nas na adres\u00a0<a href=\"https:\/\/facebook.com\/HookahShop.lt\/\" target=\"_blank\" rel=\"noopener noreferrer\">konto na Facebooku<\/a>\u00a0a my odpowiemy na Twoj\u0105 pro\u015bb\u0119 tego samego dnia.<\/p>","protected":false},"excerpt":{"rendered":"<p>Pu\u0142apka na syrop YAHYA Elegance Red Pu\u0142apka na syrop z fajki wodnej \u201eYahya Elegance\u201d to stylowy dodatek do \u0142apania i zbierania syropu tytoniowego. \u0141atwe do odkr\u0119cenia i czyszczenia. Zapobiega przedostawaniu si\u0119 li\u015bci tytoniu i syropu do kolby i \u0142odygi fajki wodnej. Trzon nie gromadzi syropu i tytoniu, co u\u0142atwia mycie i nadaje czystszy smak. Zapobiega \u017c\u00f3\u0142kni\u0119ciu w kolbie. Teraz przy zmianie kubka nie ma [\u2026]<\/p>","protected":false},"featured_media":27913,"comment_status":"open","ping_status":"closed","template":"","meta":[],"_links":{"self":[{"href":"https:\/\/hookahshop.lt\/pl\/wp-json\/wp\/v2\/product\/27901"}],"collection":[{"href":"https:\/\/hookahshop.lt\/pl\/wp-json\/wp\/v2\/product"}],"about":[{"href":"https:\/\/hookahshop.lt\/pl\/wp-json\/wp\/v2\/types\/product"}],"replies":[{"embeddable":true,"href":"https:\/\/hookahshop.lt\/pl\/wp-json\/wp\/v2\/comments?post=27901"}],"version-history":[{"count":3,"href":"https:\/\/hookahshop.lt\/pl\/wp-json\/wp\/v2\/product\/27901\/revisions"}],"predecessor-version":[{"id":29580,"href":"https:\/\/hookahshop.lt\/pl\/wp-json\/wp\/v2\/product\/27901\/revisions\/29580"}],"wp:featuredmedia":[{"embeddable":true,"href":"https:\/\/hookahshop.lt\/pl\/wp-json\/wp\/v2\/media\/27913"}],"wp:attachment":[{"href":"https:\/\/hookahshop.lt\/pl\/wp-json\/wp\/v2\/media?parent=27901"}],"curies":[{"name":"wp","href":"https:\/\/api.w.org\/{rel}","templated":true}]}}