{"id":27914,"date":"2021-10-01T23:08:38","date_gmt":"2021-10-01T20:08:38","guid":{"rendered":"https:\/\/hookahshop.lt\/?post_type=product&#038;p=27914"},"modified":"2026-04-24T23:28:40","modified_gmt":"2026-04-24T20:28:40","slug":"individualus-kaljano-kandiklis-bigmaks-steel","status":"publish","type":"product","link":"https:\/\/hookahshop.lt\/pl\/produkt\/indywidualny-ustnik-szisza-bigmaks-stal\/","title":{"rendered":"Indywidualny ustnik do fajki wodnej BIGMAKS Stal"},"content":{"rendered":"<h2>Indywidualny ustnik do fajki wodnej BIGMAKS Stal<\/h2>\n<p>Ustnik osobisty to przydatne akcesorium zast\u0119puj\u0105ce ustnik jednorazowy. Zachowanie higieny osobistej jest szczeg\u00f3lnie wa\u017cne, je\u015bli palisz fajk\u0119 wodn\u0105 w towarzystwie.<br \/>\nUstnik wykonany jest z mi\u0119kkiego w dotyku silikonu z ko\u0144c\u00f3wk\u0105 ze stali nierdzewnej. Materia\u0142 jest \u0142atwy w czyszczeniu. Pasek r\u00f3wnie\u017c wykonano z mi\u0119kkiego materia\u0142u syntetycznego, kt\u00f3ry nadaje mu stylowy po\u0142ysk i przyjemn\u0105 faktur\u0119, kt\u00f3ra nie powoduje dyskomfortu w kontakcie ze sk\u00f3r\u0105 szyi.<\/p>\n<p>SPECYFIKACJA:<br \/>\nD\u0142ugo\u015b\u0107 paska: 890 mm<br \/>\nMateria\u0142 paska: tkanina z logo BigMaks<br \/>\nD\u0142ugo\u015b\u0107 ustnika: 63 mm<br \/>\nPow\u0142oka ustnika: stal nierdzewna<br \/>\nWaga: oko\u0142o 55 g<\/p>\n<p>Czy masz jakie\u015b pytania? Skontaktuj si\u0119 z nami\u00a0<a href=\"https:\/\/hookahshop.lt\/pl\/lacznosc\/\">strona z kontaktami<\/a>\u00a0lub napisz do nas na adres\u00a0<a href=\"https:\/\/facebook.com\/HookahShop.lt\/\" target=\"_blank\" rel=\"noopener noreferrer\">konto na Facebooku<\/a>\u00a0a my odpowiemy na Twoj\u0105 pro\u015bb\u0119 tego samego dnia.<\/p>","protected":false},"excerpt":{"rendered":"<p>Indywidualny ustnik do fajki wodnej BIGMAKS Steel Personal Ustnik to przydatne akcesorium zast\u0119puj\u0105ce ustnik jednorazowy. Szczeg\u00f3lnie wa\u017cne jest zachowanie higieny osobistej, je\u015bli palisz fajk\u0119 wodn\u0105 w towarzystwie. Ustnik wykonany jest z mi\u0119kkiego w dotyku silikonu z ko\u0144c\u00f3wk\u0105 ze stali nierdzewnej. Materia\u0142 jest \u0142atwy w czyszczeniu. Pasek wykonany jest r\u00f3wnie\u017c z mi\u0119kkiego materia\u0142u syntetycznego, kt\u00f3ry nadaje mu stylowy po\u0142ysk i przyjemn\u0105 faktur\u0119, kt\u00f3ra nie powoduje dyskomfortu podczas [\u2026]<\/p>","protected":false},"featured_media":27915,"comment_status":"open","ping_status":"closed","template":"","meta":[],"_links":{"self":[{"href":"https:\/\/hookahshop.lt\/pl\/wp-json\/wp\/v2\/product\/27914"}],"collection":[{"href":"https:\/\/hookahshop.lt\/pl\/wp-json\/wp\/v2\/product"}],"about":[{"href":"https:\/\/hookahshop.lt\/pl\/wp-json\/wp\/v2\/types\/product"}],"replies":[{"embeddable":true,"href":"https:\/\/hookahshop.lt\/pl\/wp-json\/wp\/v2\/comments?post=27914"}],"version-history":[{"count":7,"href":"https:\/\/hookahshop.lt\/pl\/wp-json\/wp\/v2\/product\/27914\/revisions"}],"predecessor-version":[{"id":45405,"href":"https:\/\/hookahshop.lt\/pl\/wp-json\/wp\/v2\/product\/27914\/revisions\/45405"}],"wp:featuredmedia":[{"embeddable":true,"href":"https:\/\/hookahshop.lt\/pl\/wp-json\/wp\/v2\/media\/27915"}],"wp:attachment":[{"href":"https:\/\/hookahshop.lt\/pl\/wp-json\/wp\/v2\/media?parent=27914"}],"curies":[{"name":"wp","href":"https:\/\/api.w.org\/{rel}","templated":true}]}}