{"id":27921,"date":"2021-10-02T00:08:22","date_gmt":"2021-10-01T21:08:22","guid":{"rendered":"https:\/\/hookahshop.lt\/?post_type=product&#038;p=27921"},"modified":"2026-04-17T23:29:25","modified_gmt":"2026-04-17T20:29:25","slug":"kandiklis-kaljanui-arma-black","status":"publish","type":"product","link":"https:\/\/hookahshop.lt\/pl\/produkt\/ustnik-do-fajki-wodnej-arma-czarny\/","title":{"rendered":"Zawieszka do fajki wodnej ARMA Czarna"},"content":{"rendered":"<h2>Zawieszka do fajki wodnej ARMA Czarna<\/h2>\n<p>Ustnik sk\u0142ada si\u0119 z dw\u00f3ch cz\u0119\u015bci. W zestawie znajduje si\u0119 z\u0142\u0105cze.<br \/>\nUstnik + \u0142\u0105cznik ARMA dobrze le\u017cy w d\u0142oni i nadaje si\u0119 do r\u00f3\u017cnych fajek wodnych.<\/p>\n<p>SPECYFIKACJA:<br \/>\nMateria\u0142: aluminium;<br \/>\nCzarny kolor<br \/>\nD\u0142ugo\u015b\u0107 t\u0142umika: 305mm<br \/>\nWewn\u0119trzna \u015brednica ustnika: 9mm<br \/>\nD\u0142ugo\u015b\u0107 z\u0142\u0105cza: 58mm<br \/>\nD\u0142ugo\u015b\u0107 z\u0142\u0105cza wewn\u0119trznego: 10mm<br \/>\nCa\u0142kowita waga ustnika wraz z \u0142\u0105cznikiem wynosi 115g.<\/p>\n<p>Czy masz jakie\u015b pytania? Skontaktuj si\u0119 z nami\u00a0<a href=\"https:\/\/hookahshop.lt\/pl\/lacznosc\/\">strona z kontaktami<\/a>\u00a0lub napisz do nas na adres\u00a0<a href=\"https:\/\/facebook.com\/HookahShop.lt\/\" target=\"_blank\" rel=\"noopener noreferrer\">konto na Facebooku<\/a>\u00a0a my odpowiemy na Twoj\u0105 pro\u015bb\u0119 tego samego dnia.<\/p>","protected":false},"excerpt":{"rendered":"<p>Ustnik do fajki wodnej ARMA Black Ustnik sk\u0142ada si\u0119 z dw\u00f3ch cz\u0119\u015bci. W zestawie znajduje si\u0119 z\u0142\u0105cze. Ustnik + \u0142\u0105cznik ARMA dobrze le\u017cy w d\u0142oni i nadaje si\u0119 do r\u00f3\u017cnych fajek wodnych. SPECYFIKACJA: Materia\u0142: aluminium Kolor: czarny D\u0142ugo\u015b\u0107 t\u0142umika: 305mm Wewn\u0119trzna \u015brednica t\u0142umika: 9mm D\u0142ugo\u015b\u0107 z\u0142\u0105cza: 58mm Wewn\u0119trzna d\u0142ugo\u015b\u0107 z\u0142\u0105cza: 10mm Ca\u0142kowita waga t\u0142umika ze z\u0142\u0105czem 115g. Czy masz jakie\u015b pytania? Skontaktuj si\u0119 z nami na stronie kontaktowej lub napisz [\u2026]<\/p>","protected":false},"featured_media":27922,"comment_status":"open","ping_status":"closed","template":"","meta":[],"_links":{"self":[{"href":"https:\/\/hookahshop.lt\/pl\/wp-json\/wp\/v2\/product\/27921"}],"collection":[{"href":"https:\/\/hookahshop.lt\/pl\/wp-json\/wp\/v2\/product"}],"about":[{"href":"https:\/\/hookahshop.lt\/pl\/wp-json\/wp\/v2\/types\/product"}],"replies":[{"embeddable":true,"href":"https:\/\/hookahshop.lt\/pl\/wp-json\/wp\/v2\/comments?post=27921"}],"version-history":[{"count":4,"href":"https:\/\/hookahshop.lt\/pl\/wp-json\/wp\/v2\/product\/27921\/revisions"}],"predecessor-version":[{"id":42996,"href":"https:\/\/hookahshop.lt\/pl\/wp-json\/wp\/v2\/product\/27921\/revisions\/42996"}],"wp:featuredmedia":[{"embeddable":true,"href":"https:\/\/hookahshop.lt\/pl\/wp-json\/wp\/v2\/media\/27922"}],"wp:attachment":[{"href":"https:\/\/hookahshop.lt\/pl\/wp-json\/wp\/v2\/media?parent=27921"}],"curies":[{"name":"wp","href":"https:\/\/api.w.org\/{rel}","templated":true}]}}