{"id":28171,"date":"2021-10-17T12:39:41","date_gmt":"2021-10-17T09:39:41","guid":{"rendered":"https:\/\/hookahshop.lt\/?post_type=product&#038;p=28171"},"modified":"2026-04-19T23:29:05","modified_gmt":"2026-04-19T20:29:05","slug":"kaljano-komplektas-aladin-mvp-rocket-bottom-blue","status":"publish","type":"product","link":"https:\/\/hookahshop.lt\/pl\/produkt\/zestaw-do-fajki-wodnej-aladin-mvp-rocket-bottom-blue\/","title":{"rendered":"Zestaw haczyk\u00f3w ALADIN MVP Rocket Bottom Blue"},"content":{"rendered":"<h2>Zestaw haczyk\u00f3w ALADIN MVP Rocket Bottom Blue<\/h2>\n<p>Dzi\u0119ki kompaktowym rozmiarom jest idealnym towarzyszem podr\u00f3\u017cy dla tych, kt\u00f3rzy chc\u0105 mie\u0107 produkt wysokiej jako\u015bci w podr\u00f3\u017cy.<\/p>\n<p><strong>Specyfikacja:<\/strong><br \/>\nWysoko\u015b\u0107 fajki wodnej: 53 cm<br \/>\nMateria\u0142 (zewn\u0119trzny): stal nierdzewna<br \/>\nGwint: 360\u00b0, kt\u00f3ry ca\u0142kowicie \u0142\u0105czy kolb\u0119 z haczykiem haczyka za pomoc\u0105 prostego obrotu 360\u00b0.<\/p>\n<p><strong>Ekwipunek:<\/strong><br \/>\nWa\u0142ek do fajki wodnej - 1 szt.<br \/>\nTalerz do fajki wodnej - 1 szt.<br \/>\nUstnik - 1 szt.<br \/>\nW\u0105\u017c silikonowy - 1 szt.<br \/>\nUszczelki - 2 szt.<br \/>\nKolba - 1 szt.<br \/>\nSzczypce - 1 szt.<br \/>\nKomora grzewcza - 1 szt.<br \/>\nKubek - 1 szt.<br \/>\nW\u0119giel 1kg - 1szt.<br \/>\nP\u0142yta (zapalniczka na w\u0119giel) - 1szt.<\/p>\n<p>Czy masz jakie\u015b pytania? Skontaktuj si\u0119 z nami\u00a0<a href=\"https:\/\/hookahshop.lt\/pl\/lacznosc\/\">strona z kontaktami<\/a>\u00a0lub napisz do nas na adres\u00a0<a href=\"https:\/\/facebook.com\/HookahShop.lt\/\" target=\"_blank\" rel=\"noopener noreferrer\">konto na Facebooku<\/a>\u00a0a my odpowiemy na Twoj\u0105 pro\u015bb\u0119 tego samego dnia.<\/p>","protected":false},"excerpt":{"rendered":"<p>Zestaw fajek wodnych ALADIN MVP Rocket Bottom Blue Dzi\u0119ki swoim kompaktowym rozmiarom jest idealnym towarzyszem podr\u00f3\u017cy dla tych, kt\u00f3rzy chc\u0105 mie\u0107 produkt wysokiej jako\u015bci w podr\u00f3\u017cy. Specyfikacja: Wysoko\u015b\u0107 fajki wodnej: 53 cm Materia\u0142 (zewn\u0119trzny): stal nierdzewna Gwint: 360\u00b0, kt\u00f3ry ca\u0142kowicie \u0142\u0105czy kolb\u0119 z trzonkiem fajki wodnej za pomoc\u0105 prostego obrotu o 360\u00b0. Kompletny zestaw: trzonek do fajki wodnej - 1 szt. Talerz do fajki wodnej - 1 szt. [\u2026]<\/p>","protected":false},"featured_media":28175,"comment_status":"open","ping_status":"closed","template":"","meta":[],"_links":{"self":[{"href":"https:\/\/hookahshop.lt\/pl\/wp-json\/wp\/v2\/product\/28171"}],"collection":[{"href":"https:\/\/hookahshop.lt\/pl\/wp-json\/wp\/v2\/product"}],"about":[{"href":"https:\/\/hookahshop.lt\/pl\/wp-json\/wp\/v2\/types\/product"}],"replies":[{"embeddable":true,"href":"https:\/\/hookahshop.lt\/pl\/wp-json\/wp\/v2\/comments?post=28171"}],"version-history":[{"count":3,"href":"https:\/\/hookahshop.lt\/pl\/wp-json\/wp\/v2\/product\/28171\/revisions"}],"predecessor-version":[{"id":33291,"href":"https:\/\/hookahshop.lt\/pl\/wp-json\/wp\/v2\/product\/28171\/revisions\/33291"}],"wp:featuredmedia":[{"embeddable":true,"href":"https:\/\/hookahshop.lt\/pl\/wp-json\/wp\/v2\/media\/28175"}],"wp:attachment":[{"href":"https:\/\/hookahshop.lt\/pl\/wp-json\/wp\/v2\/media?parent=28171"}],"curies":[{"name":"wp","href":"https:\/\/api.w.org\/{rel}","templated":true}]}}