{"id":28178,"date":"2021-10-17T12:57:47","date_gmt":"2021-10-17T09:57:47","guid":{"rendered":"https:\/\/hookahshop.lt\/?post_type=product&#038;p=28178"},"modified":"2026-04-17T23:29:24","modified_gmt":"2026-04-17T20:29:24","slug":"kaljano-komplektas-aladin-alux-m5-silver","status":"publish","type":"product","link":"https:\/\/hookahshop.lt\/pl\/produkt\/zestaw-do-fajki-wodnej-aladin-alux-m5-srebrny\/","title":{"rendered":"Zestaw haczyk\u00f3w ALADIN Alux M5 Srebrny"},"content":{"rendered":"<h2>Zestaw haczyk\u00f3w ALADIN Alux M5 Srebrny<\/h2>\n<p>Ta fajka wodna robi niesamowite wra\u017cenie dzi\u0119ki wysokiej jako\u015bci materia\u0142om. Jako\u015b\u0107 wykonania i indywidualny projekt nie pozostawi\u0105 Ci\u0119 oboj\u0119tnym.<br \/>\nDzi\u0119ki kompaktowym rozmiarom jest idealnym towarzyszem podr\u00f3\u017cy dla tych, kt\u00f3rzy chc\u0105 mie\u0107 w drodze wysokiej jako\u015bci produkt.<\/p>\n<p><strong>Specyfikacja:<\/strong><br \/>\nWysoko\u015b\u0107: 47cm.<br \/>\nMateria\u0142 (zewn\u0119trzny): anodowane aluminium<br \/>\nMateria\u0142 (wewn\u0119trzny): stal nierdzewna (sp\u00f3d s\u0142upa w kontakcie z wod\u0105)<br \/>\nDyfuzor: regulowany<\/p>\n<p><strong>Ekwipunek:<\/strong><br \/>\nWa\u0142ek do fajki wodnej - 1 szt.<br \/>\nTalerz do fajki wodnej - 1 szt.<br \/>\nUstnik - 1 szt.<br \/>\nW\u0105\u017c silikonowy - 1 szt.<br \/>\nUszczelki - 2 szt.<br \/>\nKolba - 1 szt.<br \/>\nSzczypce - 1 szt.<br \/>\nKomora grzewcza - 1 szt.<br \/>\nKubek - 1 szt.<br \/>\nW\u0119giel 1kg - 1 szt.<br \/>\nP\u0142yta (zapalniczka na w\u0119giel) - 1szt.<\/p>\n<p>Czy masz jakie\u015b pytania? Skontaktuj si\u0119 z nami\u00a0<a href=\"https:\/\/hookahshop.lt\/pl\/lacznosc\/\">strona z kontaktami<\/a>\u00a0lub napisz do nas na adres\u00a0<a href=\"https:\/\/facebook.com\/HookahShop.lt\/\" target=\"_blank\" rel=\"noopener noreferrer\">konto na Facebooku<\/a>\u00a0a my odpowiemy na Twoj\u0105 pro\u015bb\u0119 tego samego dnia.<\/p>","protected":false},"excerpt":{"rendered":"<p>Zestaw fajek wodnych ALADIN Alux M5 Silver Ta szisza robi wspania\u0142e wra\u017cenie dzi\u0119ki wysokiej jako\u015bci materia\u0142om. Jako\u015b\u0107 wykonania i indywidualny projekt nie pozostawi\u0105 Ci\u0119 oboj\u0119tnym. Jego niewielkie rozmiary czyni\u0105 go idealnym towarzyszem podr\u00f3\u017cy dla tych, kt\u00f3rzy chc\u0105 mie\u0107 produkt wysokiej jako\u015bci w podr\u00f3\u017cy. Specyfikacja: Wysoko\u015b\u0107: 47 cm. Materia\u0142 (zewn\u0119trzny): aluminium anodyzowane Materia\u0142 (wewn\u0119trzny): stal nierdzewna (Dolna cz\u0119\u015b\u0107 trzonka maj\u0105ca kontakt z wod\u0105) Dyfuzor: [\u2026]<\/p>","protected":false},"featured_media":28181,"comment_status":"open","ping_status":"closed","template":"","meta":[],"_links":{"self":[{"href":"https:\/\/hookahshop.lt\/pl\/wp-json\/wp\/v2\/product\/28178"}],"collection":[{"href":"https:\/\/hookahshop.lt\/pl\/wp-json\/wp\/v2\/product"}],"about":[{"href":"https:\/\/hookahshop.lt\/pl\/wp-json\/wp\/v2\/types\/product"}],"replies":[{"embeddable":true,"href":"https:\/\/hookahshop.lt\/pl\/wp-json\/wp\/v2\/comments?post=28178"}],"version-history":[{"count":8,"href":"https:\/\/hookahshop.lt\/pl\/wp-json\/wp\/v2\/product\/28178\/revisions"}],"predecessor-version":[{"id":45743,"href":"https:\/\/hookahshop.lt\/pl\/wp-json\/wp\/v2\/product\/28178\/revisions\/45743"}],"wp:featuredmedia":[{"embeddable":true,"href":"https:\/\/hookahshop.lt\/pl\/wp-json\/wp\/v2\/media\/28181"}],"wp:attachment":[{"href":"https:\/\/hookahshop.lt\/pl\/wp-json\/wp\/v2\/media?parent=28178"}],"curies":[{"name":"wp","href":"https:\/\/api.w.org\/{rel}","templated":true}]}}