{"id":28184,"date":"2021-10-17T13:08:51","date_gmt":"2021-10-17T10:08:51","guid":{"rendered":"https:\/\/hookahshop.lt\/?post_type=product&#038;p=28184"},"modified":"2026-04-21T23:29:30","modified_gmt":"2026-04-21T20:29:30","slug":"kaljano-komplektas-aladin-2-go-stainless-steel","status":"publish","type":"product","link":"https:\/\/hookahshop.lt\/pl\/produkt\/zestaw-szisza-aladin-2-go-stal-nierdzewna\/","title":{"rendered":"Zestaw haczyk\u00f3w ALADIN 2 Go Stal nierdzewna"},"content":{"rendered":"<h2>Zestaw haczyk\u00f3w ALADIN 2 Go Stal nierdzewna<\/h2>\n<p id=\"tw-target-text\" class=\"tw-data-text tw-text-large XcVN5d tw-ta\" dir=\"ltr\" data-placeholder=\"Vertimas\"><span class=\"Y2IQFc\" lang=\"lt\">Hookah Aladin 2 Go to \u015bwietna kompaktowa fajka wodna wykonana z wysokiej jako\u015bci stali nierdzewnej. Niewielki rozmiar fajki wodnej zapewni wi\u0119ksz\u0105 mobilno\u015b\u0107 i wygod\u0119. Pojemnik na fajk\u0119 wodn\u0105 wykonany jest z bardzo grubego szk\u0142a i ma ekskluzywny design, kt\u00f3ry nadaje tej ma\u0142ej fajce wodnej jeszcze wi\u0119cej ekskluzywno\u015bci. Szisza \u015bwietnie sprawdzi si\u0119 do transportu w do\u0142\u0105czonej torbie.<\/span><\/p>\n<p><strong>Charakterystyka:<\/strong><br \/>\nWysoko\u015b\u0107: 23 cm<br \/>\nKolba: szk\u0142o hartowane<br \/>\nKorpus fajki wodnej: stal nierdzewna<\/p>\n<p><strong>Ekwipunek:<\/strong><br \/>\nTorba na fajk\u0119 wodn\u0105<br \/>\nWa\u0142ek do fajki wodnej - 1 szt.<br \/>\nTalerz do fajki wodnej - 1 szt.<br \/>\nUstnik - 1 szt.<br \/>\nW\u0105\u017c silikonowy - 1 szt.<br \/>\nUszczelki - 2 szt.<br \/>\nKolba - 1 szt.<br \/>\nSzczypce - 1 szt.<br \/>\nKomora grzewcza - 1 szt.<br \/>\nKubek - 1 szt.<br \/>\nW\u0119giel 1kg - 1 szt.<br \/>\nP\u0142yta (zapalniczka na w\u0119giel) - 1szt.<\/p>\n<p dir=\"ltr\" data-placeholder=\"Vertimas\">Czy masz jakie\u015b pytania? Skontaktuj si\u0119 z nami\u00a0<a href=\"https:\/\/hookahshop.lt\/pl\/lacznosc\/\">strona z kontaktami<\/a>\u00a0lub napisz do nas na adres\u00a0<a href=\"https:\/\/facebook.com\/HookahShop.lt\/\" target=\"_blank\" rel=\"noopener noreferrer\">konto na Facebooku<\/a>\u00a0a my odpowiemy na Twoj\u0105 pro\u015bb\u0119 tego samego dnia.<\/p>\n<p>&nbsp;<\/p>","protected":false},"excerpt":{"rendered":"<p>Zestaw fajek wodnych ALADIN 2 Go Szisza ze stali nierdzewnej \u201eAladin 2 Go\u201d to \u015bwietna kompaktowa fajka wodna wykonana z wysokiej klasy stali nierdzewnej. Niewielki rozmiar fajki wodnej zapewni wi\u0119ksz\u0105 mobilno\u015b\u0107 i wygod\u0119. Pojemnik na fajk\u0119 wodn\u0105 wykonany jest z wyj\u0105tkowo grubego szk\u0142a i ma ekskluzywny design, kt\u00f3ry nadaje tej ma\u0142ej fajce wodnej jeszcze wi\u0119cej wyj\u0105tkowo\u015bci. Szisza \u015bwietnie sprawdzi si\u0119 w transporterach w zag\u0119szczeniu [...]<\/p>","protected":false},"featured_media":28185,"comment_status":"open","ping_status":"closed","template":"","meta":[],"_links":{"self":[{"href":"https:\/\/hookahshop.lt\/pl\/wp-json\/wp\/v2\/product\/28184"}],"collection":[{"href":"https:\/\/hookahshop.lt\/pl\/wp-json\/wp\/v2\/product"}],"about":[{"href":"https:\/\/hookahshop.lt\/pl\/wp-json\/wp\/v2\/types\/product"}],"replies":[{"embeddable":true,"href":"https:\/\/hookahshop.lt\/pl\/wp-json\/wp\/v2\/comments?post=28184"}],"version-history":[{"count":6,"href":"https:\/\/hookahshop.lt\/pl\/wp-json\/wp\/v2\/product\/28184\/revisions"}],"predecessor-version":[{"id":36196,"href":"https:\/\/hookahshop.lt\/pl\/wp-json\/wp\/v2\/product\/28184\/revisions\/36196"}],"wp:featuredmedia":[{"embeddable":true,"href":"https:\/\/hookahshop.lt\/pl\/wp-json\/wp\/v2\/media\/28185"}],"wp:attachment":[{"href":"https:\/\/hookahshop.lt\/pl\/wp-json\/wp\/v2\/media?parent=28184"}],"curies":[{"name":"wp","href":"https:\/\/api.w.org\/{rel}","templated":true}]}}