{"id":28211,"date":"2021-10-17T13:53:35","date_gmt":"2021-10-17T10:53:35","guid":{"rendered":"https:\/\/hookahshop.lt\/?post_type=product&#038;p=28211"},"modified":"2026-04-19T23:29:05","modified_gmt":"2026-04-19T20:29:05","slug":"kaljano-komplektas-aladin-mvp470-flower","status":"publish","type":"product","link":"https:\/\/hookahshop.lt\/pl\/produkt\/zestaw-do-fajki-wodnej-aladin-mvp470-flower\/","title":{"rendered":"Zestaw fajki wodnej ALADIN MVP470 Kwiat"},"content":{"rendered":"<h2>Zestaw fajki wodnej ALADIN MVP470 Kwiat<\/h2>\n<p>Fajka wodna pozostawia niesamowite wra\u017cenia dzi\u0119ki wysokiej jako\u015bci materia\u0142om. Jako\u015b\u0107 wykonania i indywidualny projekt nie pozostawiaj\u0105 oboj\u0119tnym.<br \/>\nDzi\u0119ki kompaktowym rozmiarom jest idealnym towarzyszem podr\u00f3\u017cy dla tych, kt\u00f3rzy chc\u0105 mie\u0107 produkt wysokiej jako\u015bci w podr\u00f3\u017cy.<\/p>\n<p><strong>Specyfikacja<\/strong><br \/>\nMateria\u0142: anodowana stal nierdzewna<br \/>\nKolba: gwintowana<br \/>\nDyfuzja: tak (regulowana)<br \/>\nWysoko\u015b\u0107: 47 cm<br \/>\nwyprodukowano w Chinach<\/p>\n<p><strong>Ekwipunek:<\/strong><br \/>\nWa\u0142ek do fajki wodnej - 1 szt.<br \/>\nTalerz do fajki wodnej - 1 szt.<br \/>\nUstnik - 1 szt.<br \/>\nW\u0105\u017c silikonowy - 1 szt.<br \/>\nUszczelki - 2 szt.<br \/>\nKolba - 1 szt.<br \/>\nSzczypce - 1 szt.<br \/>\nKomora grzewcza - 1 szt.<br \/>\nKubek - 1 szt.<br \/>\nW\u0119giel 1kg - 1 szt.<br \/>\nP\u0142yta (zapalniczka na w\u0119giel) - 1szt.<\/p>\n<p>Czy masz jakie\u015b pytania? Skontaktuj si\u0119 z nami\u00a0<a href=\"https:\/\/hookahshop.lt\/pl\/lacznosc\/\">strona z kontaktami<\/a>\u00a0lub napisz do nas na adres\u00a0<a href=\"https:\/\/facebook.com\/HookahShop.lt\/\" target=\"_blank\" rel=\"noopener noreferrer\">konto na Facebooku<\/a>\u00a0a my odpowiemy na Twoj\u0105 pro\u015bb\u0119 tego samego dnia.<\/p>","protected":false},"excerpt":{"rendered":"<p>Zestaw fajek wodnych ALADIN MVP470 Fajka kwiatowa pozostawia wspania\u0142e wra\u017cenia dzi\u0119ki wysokiej jako\u015bci materia\u0142om. Jako\u015b\u0107 wykonania i indywidualny projekt nie pozostawi\u0105 Ci\u0119 oboj\u0119tnym. Jego niewielkie rozmiary sprawiaj\u0105, \u017ce jest to idealny towarzysz podr\u00f3\u017cy dla tych, kt\u00f3rzy chc\u0105 mie\u0107 produkt wysokiej jako\u015bci w podr\u00f3\u017cy. Specyfikacja Materia\u0142: Anodowana stal nierdzewna Kolba: Gwintowana Dyfuzor: Tak (regulowany) Wysoko\u015b\u0107: 47 cm Kraj pochodzenia: Chiny Kompletny zestaw: Trzonek do fajki wodnej - [\u2026]<\/p>","protected":false},"featured_media":28212,"comment_status":"open","ping_status":"closed","template":"","meta":[],"_links":{"self":[{"href":"https:\/\/hookahshop.lt\/pl\/wp-json\/wp\/v2\/product\/28211"}],"collection":[{"href":"https:\/\/hookahshop.lt\/pl\/wp-json\/wp\/v2\/product"}],"about":[{"href":"https:\/\/hookahshop.lt\/pl\/wp-json\/wp\/v2\/types\/product"}],"replies":[{"embeddable":true,"href":"https:\/\/hookahshop.lt\/pl\/wp-json\/wp\/v2\/comments?post=28211"}],"version-history":[{"count":3,"href":"https:\/\/hookahshop.lt\/pl\/wp-json\/wp\/v2\/product\/28211\/revisions"}],"predecessor-version":[{"id":41776,"href":"https:\/\/hookahshop.lt\/pl\/wp-json\/wp\/v2\/product\/28211\/revisions\/41776"}],"wp:featuredmedia":[{"embeddable":true,"href":"https:\/\/hookahshop.lt\/pl\/wp-json\/wp\/v2\/media\/28212"}],"wp:attachment":[{"href":"https:\/\/hookahshop.lt\/pl\/wp-json\/wp\/v2\/media?parent=28211"}],"curies":[{"name":"wp","href":"https:\/\/api.w.org\/{rel}","templated":true}]}}