{"id":28215,"date":"2021-10-17T14:02:32","date_gmt":"2021-10-17T11:02:32","guid":{"rendered":"https:\/\/hookahshop.lt\/?post_type=product&#038;p=28215"},"modified":"2026-04-20T23:29:02","modified_gmt":"2026-04-20T20:29:02","slug":"kaljano-komplektas-bigmaks-mini-zero","status":"publish","type":"product","link":"https:\/\/hookahshop.lt\/pl\/produkt\/zestaw-do-fajki-wodnej-bigmaks-mini-zero\/","title":{"rendered":"Zestaw fajki wodnej BIGMAKS Mini Zero"},"content":{"rendered":"<h2>Zestaw fajki wodnej BIGMAKS Mini Zero<\/h2>\n<p>Przeznaczony nie tylko do podr\u00f3\u017cy i wycieczek, ale tak\u017ce do codziennego u\u017cytku. Nowoczesna mini fajka wodna swoimi w\u0142a\u015bciwo\u015bciami palenia nie ust\u0119puje wysokiej fajce wodnej, a nawet ma wiele zalet, takich jak: kompaktowo\u015b\u0107, maksymalna \u0142atwo\u015b\u0107 u\u017cytkowania i przyst\u0119pna cena. System oczyszczania sk\u0142ada si\u0119 z pi\u0119ciu zawor\u00f3w, kt\u00f3re umo\u017cliwiaj\u0105 jednoczesne wydmuchiwanie dymu z kolby, a tak\u017ce ch\u0142odzenie kubka bez zalewania go. Stosowane s\u0105 elementy poliacetalowe. Monta\u017c odbywa si\u0119 za pomoc\u0105 po\u0142\u0105cze\u0144 gwintowanych.<\/p>\n<p><strong>Specyfikacja:<\/strong><br \/>\nZ\u0142\u0105cze pier\u015bcienia uszczelniaj\u0105cego: O-ring<br \/>\nDyfuzor: tak<br \/>\nTrakcja: \u0142atwa<br \/>\nMateria\u0142: Stal nierdzewna<br \/>\nWysoko\u015b\u0107 fajki wodnej: 45 cm<br \/>\n\u015arednica talerza: 20 cm<br \/>\nUstnik<br \/>\nW\u0105\u017c silikonowy (mi\u0119kki w dotyku)<br \/>\nKolba (oryginalna Big Max, przezroczysta, szklana)<\/p>\n<p><strong>Ekwipunek:<\/strong><br \/>\nWa\u0142ek do fajki wodnej - 1 szt.<br \/>\nTalerz do fajki wodnej - 1 szt.<br \/>\nUstnik - 1 szt.<br \/>\nW\u0105\u017c silikonowy - 1 szt.<br \/>\nUszczelki - 2 szt.<br \/>\nKolba - 1 szt.<br \/>\nSzczypce - 1 szt.<br \/>\nKomora grzewcza - 1 szt.<br \/>\nKubek - 1 szt.<br \/>\nW\u0119giel 1kg - 1 szt.<br \/>\nP\u0142yta (zapalniczka na w\u0119giel) - 1szt.<\/p>\n<p>Czy masz jakie\u015b pytania? Skontaktuj si\u0119 z nami\u00a0<a href=\"https:\/\/hookahshop.lt\/pl\/lacznosc\/\">strona z kontaktami<\/a>\u00a0lub napisz do nas na adres\u00a0<a href=\"https:\/\/facebook.com\/HookahShop.lt\/\" target=\"_blank\" rel=\"noopener noreferrer\">konto na Facebooku<\/a>\u00a0a my odpowiemy na Twoj\u0105 pro\u015bb\u0119 tego samego dnia.<\/p>\n<p>&nbsp;<\/p>","protected":false},"excerpt":{"rendered":"<p>Zestaw fajek wodnych BIGMAKS Mini Zero Przeznaczony nie tylko na wycieczki i wyj\u015bcia, ale tak\u017ce do codziennego u\u017cytku. Nowoczesna mini fajka wodna nie ust\u0119puje wysokiej sziszy pod wzgl\u0119dem w\u0142a\u015bciwo\u015bci palenia, a nawet ma wiele zalet, takich jak: zwarto\u015b\u0107, maksymalna \u0142atwo\u015b\u0107 obs\u0142ugi i przyst\u0119pna cena. System wydmuchu sk\u0142ada si\u0119 z pi\u0119ciu zawor\u00f3w, kt\u00f3re umo\u017cliwiaj\u0105 jednoczesne wydmuchanie dymu z kolby, a tak\u017ce sch\u0142odzenie kubka [...]<\/p>","protected":false},"featured_media":28216,"comment_status":"open","ping_status":"closed","template":"","meta":[],"_links":{"self":[{"href":"https:\/\/hookahshop.lt\/pl\/wp-json\/wp\/v2\/product\/28215"}],"collection":[{"href":"https:\/\/hookahshop.lt\/pl\/wp-json\/wp\/v2\/product"}],"about":[{"href":"https:\/\/hookahshop.lt\/pl\/wp-json\/wp\/v2\/types\/product"}],"replies":[{"embeddable":true,"href":"https:\/\/hookahshop.lt\/pl\/wp-json\/wp\/v2\/comments?post=28215"}],"version-history":[{"count":6,"href":"https:\/\/hookahshop.lt\/pl\/wp-json\/wp\/v2\/product\/28215\/revisions"}],"predecessor-version":[{"id":28219,"href":"https:\/\/hookahshop.lt\/pl\/wp-json\/wp\/v2\/product\/28215\/revisions\/28219"}],"wp:featuredmedia":[{"embeddable":true,"href":"https:\/\/hookahshop.lt\/pl\/wp-json\/wp\/v2\/media\/28216"}],"wp:attachment":[{"href":"https:\/\/hookahshop.lt\/pl\/wp-json\/wp\/v2\/media?parent=28215"}],"curies":[{"name":"wp","href":"https:\/\/api.w.org\/{rel}","templated":true}]}}