{"id":28234,"date":"2021-10-17T14:54:00","date_gmt":"2021-10-17T11:54:00","guid":{"rendered":"https:\/\/hookahshop.lt\/?post_type=product&#038;p=28234"},"modified":"2026-04-14T23:28:59","modified_gmt":"2026-04-14T20:28:59","slug":"kaljano-komplektas-hoob-subatom","status":"publish","type":"product","link":"https:\/\/hookahshop.lt\/pl\/produkt\/zestaw-do-fajki-wodnej-hoob-subatom\/","title":{"rendered":"Zestaw do fajki wodnej HOOB Subatom"},"content":{"rendered":"<h2>Zestaw do fajki wodnej HOOB Subatom<\/h2>\n<p>Fajka wodna ma srebrny kolor, jest jedn\u0105 z najbardziej rewolucyjnych i kompaktowych fajki wodnej, sta\u0142a si\u0119 jeszcze bardziej kompaktowa i mobilna Hoob SubAtom. Popularny ju\u017c wz\u00f3r Hoob w kolorze srebrnym oraz niestandardowe kszta\u0142ty tej fajki wodnej sprawiaj\u0105, \u017ce jest ona naprawd\u0119 wyj\u0105tkowa, mo\u017cna j\u0105 u\u017cywa\u0107 wsz\u0119dzie tam, gdzie chcesz, na \u0142onie natury, w domu, w biurze. Wysokiej jako\u015bci materia\u0142y s\u0105 idealnie dopasowane, aby zapewni\u0107 najd\u0142u\u017csz\u0105 \u017cywotno\u015b\u0107 fajki wodnej i dopasowane do nowoczesnego wygl\u0105du.<\/p>\n<p><strong>Ekwipunek:<\/strong><br \/>\nWa\u0142ek do fajki wodnej - 1 szt.<br \/>\nUszczelki - 2 szt.<br \/>\nKolba - 1 szt.<br \/>\nSzczypce - 1 szt.<br \/>\nKomora grzewcza - 1 szt.<br \/>\nKubek - 1 szt.<br \/>\nW\u0119giel 1kg - 1 szt.<br \/>\nP\u0142yta (zapalniczka na w\u0119giel) - 1szt.<\/p>\n<p><strong>Zestaw nie zawiera: ustnika i silikonowego w\u0119\u017ca.\u00a0<\/strong><\/p>\n<p>Czy masz jakie\u015b pytania? Skontaktuj si\u0119 z nami\u00a0<a href=\"https:\/\/hookahshop.lt\/pl\/lacznosc\/\">strona z kontaktami<\/a>\u00a0lub napisz do nas na adres\u00a0<a href=\"https:\/\/facebook.com\/HookahShop.lt\/\" target=\"_blank\" rel=\"noopener noreferrer\">konto na Facebooku<\/a>\u00a0a my odpowiemy na Twoj\u0105 pro\u015bb\u0119 tego samego dnia.<\/p>","protected":false},"excerpt":{"rendered":"<p>Zestaw fajek wodnych HOOB Subatom Szisza jest w kolorze srebrnym, jest jedn\u0105 z najbardziej rewolucyjnych i kompaktowych fajek wodnych, Hoob SubAtom sta\u0142 si\u0119 jeszcze bardziej kompaktowy i mobilny. Popularny ju\u017c srebrny design Hoob i niestandardowe kszta\u0142ty tej fajki wodnej sprawiaj\u0105, \u017ce jest ona naprawd\u0119 wyj\u0105tkowa, mo\u017cna jej u\u017cywa\u0107 gdziekolwiek chcesz, na \u0142onie natury, w domu, w biurze. Wysokiej jako\u015bci materia\u0142y s\u0105 idealnie dobrane, aby zapewni\u0107 najd\u0142u\u017csz\u0105 fajk\u0119 wodn\u0105 [\u2026]<\/p>","protected":false},"featured_media":28235,"comment_status":"open","ping_status":"closed","template":"","meta":[],"_links":{"self":[{"href":"https:\/\/hookahshop.lt\/pl\/wp-json\/wp\/v2\/product\/28234"}],"collection":[{"href":"https:\/\/hookahshop.lt\/pl\/wp-json\/wp\/v2\/product"}],"about":[{"href":"https:\/\/hookahshop.lt\/pl\/wp-json\/wp\/v2\/types\/product"}],"replies":[{"embeddable":true,"href":"https:\/\/hookahshop.lt\/pl\/wp-json\/wp\/v2\/comments?post=28234"}],"version-history":[{"count":4,"href":"https:\/\/hookahshop.lt\/pl\/wp-json\/wp\/v2\/product\/28234\/revisions"}],"predecessor-version":[{"id":28238,"href":"https:\/\/hookahshop.lt\/pl\/wp-json\/wp\/v2\/product\/28234\/revisions\/28238"}],"wp:featuredmedia":[{"embeddable":true,"href":"https:\/\/hookahshop.lt\/pl\/wp-json\/wp\/v2\/media\/28235"}],"wp:attachment":[{"href":"https:\/\/hookahshop.lt\/pl\/wp-json\/wp\/v2\/media?parent=28234"}],"curies":[{"name":"wp","href":"https:\/\/api.w.org\/{rel}","templated":true}]}}