{"id":28314,"date":"2021-10-21T21:08:14","date_gmt":"2021-10-21T18:08:14","guid":{"rendered":"https:\/\/hookahshop.lt\/?post_type=product&#038;p=28314"},"modified":"2026-04-20T23:28:47","modified_gmt":"2026-04-20T20:28:47","slug":"deklas-znyplems-werkbund","status":"publish","type":"product","link":"https:\/\/hookahshop.lt\/pl\/produkt\/deklas-znyplems-werkbund\/","title":{"rendered":"Walizka na szczypce WERKBUND"},"content":{"rendered":"<h2>Walizka na szczypce WERKBUND<\/h2>\n<p>Etui na p\u0119sety zosta\u0142o wykonane r\u0119cznie przez rzemie\u015blnik\u00f3w z prawdziwej sk\u00f3ry. W etui \u201eWerkbund\u201d znajdziesz dwie szczypce. Z ty\u0142u znajduje si\u0119 dziurka na guzik, kt\u00f3ra umo\u017cliwia przypi\u0119cie etui do paska.<\/p>\n<p><b>Specyfikacje:<\/b><br \/>\nD\u0142ugo\u015b\u0107: 250mm<br \/>\nMateria\u0142: Sk\u00f3ra<br \/>\nWaga: ~65g<\/p>\n<p><strong>Etui sprzedawane jest bez szczypiec.<\/strong><\/p>\n<p><span style=\"font-weight: 400;\">Czy masz jakie\u015b pytania? Skontaktuj si\u0119 z nami <\/span><a href=\"https:\/\/hookahshop.lt\/pl\/lacznosc\/\"><span style=\"font-weight: 400;\">strona z kontaktami<\/span><\/a><span style=\"font-weight: 400;\"> lub napisz do nas na adres <\/span><a href=\"https:\/\/facebook.com\/HookahShop.lt\/\" target=\"_blank\" rel=\"noopener\"><span style=\"font-weight: 400;\">konto na Facebooku<\/span><\/a><span style=\"font-weight: 400;\"> a my odpowiemy na Twoj\u0105 pro\u015bb\u0119 tego samego dnia.<\/span><\/p>\n<p>&nbsp;<\/p>\n<p>&nbsp;<\/p>\n<p>&nbsp;<\/p>","protected":false},"excerpt":{"rendered":"<p>Etui na szczypce WERKBUND Etui na szczypce zosta\u0142o wykonane r\u0119cznie przez rzemie\u015blnik\u00f3w z prawdziwej sk\u00f3ry. W etui \u201eWerkbund\u201d znajdziesz dwie szczypce. Z ty\u0142u znajduje si\u0119 dziurka na guzik, kt\u00f3ra umo\u017cliwia przypi\u0119cie etui do paska. Dane techniczne: D\u0142ugo\u015b\u0107: 250 mm Materia\u0142: sk\u00f3ra Waga: ~65 g Etui sprzedawane bez szczypiec. Czy masz jakie\u015b pytania? Skontaktuj si\u0119 z nami na stronie kontaktowej lub napisz do nas na Facebooku [...]<\/p>","protected":false},"featured_media":28316,"comment_status":"open","ping_status":"closed","template":"","meta":[],"_links":{"self":[{"href":"https:\/\/hookahshop.lt\/pl\/wp-json\/wp\/v2\/product\/28314"}],"collection":[{"href":"https:\/\/hookahshop.lt\/pl\/wp-json\/wp\/v2\/product"}],"about":[{"href":"https:\/\/hookahshop.lt\/pl\/wp-json\/wp\/v2\/types\/product"}],"replies":[{"embeddable":true,"href":"https:\/\/hookahshop.lt\/pl\/wp-json\/wp\/v2\/comments?post=28314"}],"version-history":[{"count":6,"href":"https:\/\/hookahshop.lt\/pl\/wp-json\/wp\/v2\/product\/28314\/revisions"}],"predecessor-version":[{"id":28357,"href":"https:\/\/hookahshop.lt\/pl\/wp-json\/wp\/v2\/product\/28314\/revisions\/28357"}],"wp:featuredmedia":[{"embeddable":true,"href":"https:\/\/hookahshop.lt\/pl\/wp-json\/wp\/v2\/media\/28316"}],"wp:attachment":[{"href":"https:\/\/hookahshop.lt\/pl\/wp-json\/wp\/v2\/media?parent=28314"}],"curies":[{"name":"wp","href":"https:\/\/api.w.org\/{rel}","templated":true}]}}