{"id":28341,"date":"2021-10-21T22:14:53","date_gmt":"2021-10-21T19:14:53","guid":{"rendered":"https:\/\/hookahshop.lt\/?post_type=product&#038;p=28341"},"modified":"2026-04-18T23:29:10","modified_gmt":"2026-04-18T20:29:10","slug":"taurele-kaljanui-werkbund-egypt-gold","status":"publish","type":"product","link":"https:\/\/hookahshop.lt\/pl\/produkt\/kubek-szisza-werkbund-egipt-zloty\/","title":{"rendered":"Kubek do fajki wodnej WERKBUND Egypt Gold"},"content":{"rendered":"<h2>Kubek do fajki wodnej WERKBUND Egypt Gold<\/h2>\n<p>Kubek wykonany jest w klasycznym arabskim stylu i jest czarny ze z\u0142otymi detalami. Kubek wykonany jest z wysokiej jako\u015bci gliny, masyw g\u00f3rski daje dodatkow\u0105 si\u0142\u0119. Kubek tytoniu mie\u015bci 20\u201323 g.<\/p>\n<p><strong>Specyfikacje:<\/strong><br \/>\nWysoko\u015b\u0107: 78mm<br \/>\n\u015arednica (zewn\u0119trzna): 78 mm<br \/>\n\u015arednica (wewn\u0119trzna): 72 mm<br \/>\nG\u0142\u0119boko\u015b\u0107: 20 mm<br \/>\n\u015arednica otworu: 7 mm<br \/>\nLiczba otwor\u00f3w: 5<br \/>\nWaga: ok. 260g.<\/p>\n<p>Czy masz jakie\u015b pytania? Skontaktuj si\u0119 z nami\u00a0<a href=\"https:\/\/hookahshop.lt\/pl\/lacznosc\/\">strona z kontaktami<\/a>\u00a0lub napisz do nas na adres\u00a0<a href=\"https:\/\/facebook.com\/HookahShop.lt\/\" target=\"_blank\" rel=\"noopener noreferrer\">konto na Facebooku<\/a>\u00a0a my odpowiemy na Twoj\u0105 pro\u015bb\u0119 tego samego dnia.<\/p>","protected":false},"excerpt":{"rendered":"<p>Fili\u017canka do fajki wodnej WERKBUND Egypt Gold Fili\u017canka wykonana w klasycznym stylu arabskim, w kolorze czarnym ze z\u0142otymi detalami. Kubek wykonany jest z wysokiej jako\u015bci gliny, masa kamienia g\u00f3rskiego zapewnia dodatkow\u0105 wytrzyma\u0142o\u015b\u0107. Fili\u017canka tytoniu mie\u015bci 20-23 g. Dane techniczne: Wysoko\u015b\u0107: 78 mm \u015arednica (zewn\u0119trzna): 78 mm \u015arednica (wewn\u0119trzna): 72 mm G\u0142\u0119boko\u015b\u0107: 20 mm \u015arednica otworu: 7 mm Liczba otwor\u00f3w: 5 [\u2026]<\/p>","protected":false},"featured_media":28364,"comment_status":"open","ping_status":"closed","template":"","meta":[],"_links":{"self":[{"href":"https:\/\/hookahshop.lt\/pl\/wp-json\/wp\/v2\/product\/28341"}],"collection":[{"href":"https:\/\/hookahshop.lt\/pl\/wp-json\/wp\/v2\/product"}],"about":[{"href":"https:\/\/hookahshop.lt\/pl\/wp-json\/wp\/v2\/types\/product"}],"replies":[{"embeddable":true,"href":"https:\/\/hookahshop.lt\/pl\/wp-json\/wp\/v2\/comments?post=28341"}],"version-history":[{"count":4,"href":"https:\/\/hookahshop.lt\/pl\/wp-json\/wp\/v2\/product\/28341\/revisions"}],"predecessor-version":[{"id":29285,"href":"https:\/\/hookahshop.lt\/pl\/wp-json\/wp\/v2\/product\/28341\/revisions\/29285"}],"wp:featuredmedia":[{"embeddable":true,"href":"https:\/\/hookahshop.lt\/pl\/wp-json\/wp\/v2\/media\/28364"}],"wp:attachment":[{"href":"https:\/\/hookahshop.lt\/pl\/wp-json\/wp\/v2\/media?parent=28341"}],"curies":[{"name":"wp","href":"https:\/\/api.w.org\/{rel}","templated":true}]}}