{"id":28365,"date":"2021-10-21T22:33:04","date_gmt":"2021-10-21T19:33:04","guid":{"rendered":"https:\/\/hookahshop.lt\/?post_type=product&#038;p=28365"},"modified":"2026-04-18T23:29:10","modified_gmt":"2026-04-18T20:29:10","slug":"taurele-kaljanui-werkbund-turkish-glaze-rw","status":"publish","type":"product","link":"https:\/\/hookahshop.lt\/pl\/produkt\/kubek-szisza-werkbund-turkish-glaze-rw\/","title":{"rendered":"Kubek do fajki wodnej WERKBUND Turkish Glaze RW"},"content":{"rendered":"<h2>Kubek do fajki wodnej WERKBUND Turkish Glaze RW<\/h2>\n<p>Kubek wykonany jest w klasycznym tureckim stylu i jest czarny. Kubek wykonany jest z wysokiej jako\u015bci gliny, masyw g\u00f3rski daje dodatkow\u0105 si\u0142\u0119. Kubek tytoniu mie\u015bci 10-12g.<\/p>\n<p><strong>Specyfikacje:<\/strong><br \/>\nWysoko\u015b\u0107: 78mm<br \/>\n\u015arednica (zewn\u0119trzna): 59 mm<br \/>\n\u015arednica (wewn\u0119trzna): 52 mm<br \/>\nG\u0142\u0119boko\u015b\u0107: 17 mm<br \/>\n\u015arednica otworu: 7 mm<br \/>\nLiczba otwor\u00f3w: 5<br \/>\nWaga: ok. 235g.<\/p>\n<p>Czy masz jakie\u015b pytania? Skontaktuj si\u0119 z nami\u00a0<a href=\"https:\/\/hookahshop.lt\/pl\/lacznosc\/\">strona z kontaktami<\/a>\u00a0lub napisz do nas na adres\u00a0<a href=\"https:\/\/facebook.com\/HookahShop.lt\/\" target=\"_blank\" rel=\"noopener noreferrer\">konto na Facebooku<\/a>\u00a0a my odpowiemy na Twoj\u0105 pro\u015bb\u0119 tego samego dnia.<\/p>","protected":false},"excerpt":{"rendered":"<p>Fili\u017canka do fajki wodnej WERKBUND Turkish Glaze RW Fili\u017canka wykonana jest w klasycznym tureckim stylu i jest w kolorze czarnym. Kubek wykonany jest z wysokiej jako\u015bci gliny, masa kamienia g\u00f3rskiego zapewnia dodatkow\u0105 wytrzyma\u0142o\u015b\u0107. Fili\u017canka tytoniu mie\u015bci 10-12 g. Dane techniczne: Wysoko\u015b\u0107: 78 mm \u015arednica (zewn\u0119trzna): 59 mm \u015arednica (wewn\u0119trzna): 52 mm G\u0142\u0119boko\u015b\u0107: 17 mm \u015arednica otworu: 7 mm Ilo\u015b\u0107 otwor\u00f3w: 5 Waga: oko\u0142o [\u2026]<\/p>","protected":false},"featured_media":28351,"comment_status":"open","ping_status":"closed","template":"","meta":[],"_links":{"self":[{"href":"https:\/\/hookahshop.lt\/pl\/wp-json\/wp\/v2\/product\/28365"}],"collection":[{"href":"https:\/\/hookahshop.lt\/pl\/wp-json\/wp\/v2\/product"}],"about":[{"href":"https:\/\/hookahshop.lt\/pl\/wp-json\/wp\/v2\/types\/product"}],"replies":[{"embeddable":true,"href":"https:\/\/hookahshop.lt\/pl\/wp-json\/wp\/v2\/comments?post=28365"}],"version-history":[{"count":4,"href":"https:\/\/hookahshop.lt\/pl\/wp-json\/wp\/v2\/product\/28365\/revisions"}],"predecessor-version":[{"id":29565,"href":"https:\/\/hookahshop.lt\/pl\/wp-json\/wp\/v2\/product\/28365\/revisions\/29565"}],"wp:featuredmedia":[{"embeddable":true,"href":"https:\/\/hookahshop.lt\/pl\/wp-json\/wp\/v2\/media\/28351"}],"wp:attachment":[{"href":"https:\/\/hookahshop.lt\/pl\/wp-json\/wp\/v2\/media?parent=28365"}],"curies":[{"name":"wp","href":"https:\/\/api.w.org\/{rel}","templated":true}]}}