{"id":28376,"date":"2021-10-21T22:42:01","date_gmt":"2021-10-21T19:42:01","guid":{"rendered":"https:\/\/hookahshop.lt\/?post_type=product&#038;p=28376"},"modified":"2026-04-21T23:29:48","modified_gmt":"2026-04-21T20:29:48","slug":"taurele-kaljanui-kong-godzilla","status":"publish","type":"product","link":"https:\/\/hookahshop.lt\/pl\/produkt\/szisza-szklana-kong-godzilla\/","title":{"rendered":"Kubek do fajki wodnej KONG Godzilla"},"content":{"rendered":"<h2>Kubek do fajki wodnej KONG Godzilla<\/h2>\n<p>Jest kr\u00f3lem wszystkich potwor\u00f3w. Kubek ma ekskluzywny design z wizerunkiem Kong Godzilli. Dymi\u0105cy dym wydobywa si\u0119 z nosa i ust kubka, sprawiaj\u0105c wra\u017cenie, \u017ce KONG Godzilla wznieci jasny p\u0142omie\u0144! Zabierz do swojej kolekcji kubek KONG Godzilla, ekskluzywny kubek zachwyci Ci\u0119 za ka\u017cdym razem, gdy palisz. Kubek tytoniu mie\u015bci oko\u0142o 17 - 21 g.<\/p>\n<p><strong>Specyfikacje:<\/strong><br \/>\nWysoko\u015b\u0107: 113mm<br \/>\n\u015arednica (zewn\u0119trzna): 76 mm<br \/>\n\u015arednica (wewn\u0119trzna): 63 mm<br \/>\nG\u0142\u0119boko\u015b\u0107: 16 mm<br \/>\n\u015arednica otworu: 8 mm<br \/>\nLiczba otwor\u00f3w: 5<br \/>\nWaga: oko\u0142o 625g.<\/p>\n<p>Czy masz jakie\u015b pytania? Skontaktuj si\u0119 z nami\u00a0<a href=\"https:\/\/hookahshop.lt\/pl\/lacznosc\/\">strona z kontaktami<\/a>\u00a0lub napisz do nas na adres\u00a0<a href=\"https:\/\/facebook.com\/HookahShop.lt\/\" target=\"_blank\" rel=\"noopener noreferrer\">konto na Facebooku<\/a>\u00a0a my odpowiemy na Twoj\u0105 pro\u015bb\u0119 tego samego dnia.<\/p>","protected":false},"excerpt":{"rendered":"<p>Fili\u017canka do fajki wodnej KONG Godzilla Jest kr\u00f3lem wszystkich potwor\u00f3w. Kubek ma ekskluzywny design z wizerunkiem Konga Godzilli. Podczas palenia dym wydobywa si\u0119 z nosa i ust kubka, sprawiaj\u0105c wra\u017cenie, jakby KONG Godzilla wypu\u015bci\u0142 jasny p\u0142omie\u0144! Zabierz do swojej kolekcji kubek KONG Godzilla, ekskluzywny kubek sprawi Ci rado\u015b\u0107 za ka\u017cdym razem, gdy zapalisz. Kubek tytoniu mie\u015bci oko\u0142o 17 - 21 g. Dane techniczne: Wysoko\u015b\u0107: [\u2026]<\/p>","protected":false},"featured_media":28379,"comment_status":"open","ping_status":"closed","template":"","meta":[],"_links":{"self":[{"href":"https:\/\/hookahshop.lt\/pl\/wp-json\/wp\/v2\/product\/28376"}],"collection":[{"href":"https:\/\/hookahshop.lt\/pl\/wp-json\/wp\/v2\/product"}],"about":[{"href":"https:\/\/hookahshop.lt\/pl\/wp-json\/wp\/v2\/types\/product"}],"replies":[{"embeddable":true,"href":"https:\/\/hookahshop.lt\/pl\/wp-json\/wp\/v2\/comments?post=28376"}],"version-history":[{"count":7,"href":"https:\/\/hookahshop.lt\/pl\/wp-json\/wp\/v2\/product\/28376\/revisions"}],"predecessor-version":[{"id":29890,"href":"https:\/\/hookahshop.lt\/pl\/wp-json\/wp\/v2\/product\/28376\/revisions\/29890"}],"wp:featuredmedia":[{"embeddable":true,"href":"https:\/\/hookahshop.lt\/pl\/wp-json\/wp\/v2\/media\/28379"}],"wp:attachment":[{"href":"https:\/\/hookahshop.lt\/pl\/wp-json\/wp\/v2\/media?parent=28376"}],"curies":[{"name":"wp","href":"https:\/\/api.w.org\/{rel}","templated":true}]}}