{"id":28422,"date":"2021-10-21T23:55:53","date_gmt":"2021-10-21T20:55:53","guid":{"rendered":"https:\/\/hookahshop.lt\/?post_type=product&#038;p=28422"},"modified":"2026-04-17T23:29:36","modified_gmt":"2026-04-17T20:29:36","slug":"taurele-kaljanui-lets-smoke-shaft-glaze-blue","status":"publish","type":"product","link":"https:\/\/hookahshop.lt\/pl\/produkt\/szklana-fajka-wodna-palaca-szklana-niebieska\/","title":{"rendered":"Kubek do fajki wodnej LETS SMOKE Shaft Glaze Blue"},"content":{"rendered":"<h2>Kubek do fajki wodnej LETS SMOKE Shaft Glaze Blue<\/h2>\n<p>Kubek wykonany jest z gliny i pokryty szkliwem, dzi\u0119ki czemu na d\u0142ugo zachowuje swoje pierwotne w\u0142a\u015bciwo\u015bci i wygl\u0105d. Ten kubek r\u00f3wnomiernie rozprowadza ciep\u0142o i utrzymuje je przez ca\u0142y czas palenia. Pojemno\u015b\u0107 kubka to 17-21 gram\u00f3w.<\/p>\n<p><strong>Specyfikacje:<\/strong><br \/>\nWysoko\u015b\u0107: 102mm<br \/>\n\u015arednica (zewn\u0119trzna): 76 mm<br \/>\n\u015arednica (wewn\u0119trzna): 68 mm<br \/>\nG\u0142\u0119boko\u015b\u0107: 14 mm<br \/>\n\u015arednica otworu: 8 mm<br \/>\nLiczba otwor\u00f3w: 1<br \/>\nWaga: ok. 205g.<\/p>\n<p>Czy masz jakie\u015b pytania? Skontaktuj si\u0119 z nami\u00a0<a href=\"https:\/\/hookahshop.lt\/pl\/lacznosc\/\">strona z kontaktami<\/a>\u00a0lub napisz do nas na adres\u00a0<a href=\"https:\/\/facebook.com\/HookahShop.lt\/\" target=\"_blank\" rel=\"noopener noreferrer\">konto na Facebooku<\/a>\u00a0a my odpowiemy na Twoj\u0105 pro\u015bb\u0119 tego samego dnia.<\/p>\n<p>&nbsp;<\/p>","protected":false},"excerpt":{"rendered":"<p>Miska na fajk\u0119 wodn\u0105 LETS SMOKE Shaft Glaze Blue Misa wykonana jest z gliny i pokryta szkliwem, dzi\u0119ki czemu przez d\u0142ugi czas zachowuje swoje pierwotne w\u0142a\u015bciwo\u015bci i wygl\u0105d. Kubek ten r\u00f3wnomiernie rozprowadza ciep\u0142o i utrzymuje je przez ca\u0142y okres palenia. Pojemno\u015b\u0107 kubka to 17-21 gram\u00f3w. Dane techniczne: Wysoko\u015b\u0107: 102 mm \u015arednica (zewn\u0119trzna): 76 mm \u015arednica (wewn\u0119trzna): 68 mm G\u0142\u0119boko\u015b\u0107: 14 [\u2026]<\/p>","protected":false},"featured_media":28423,"comment_status":"open","ping_status":"closed","template":"","meta":[],"_links":{"self":[{"href":"https:\/\/hookahshop.lt\/pl\/wp-json\/wp\/v2\/product\/28422"}],"collection":[{"href":"https:\/\/hookahshop.lt\/pl\/wp-json\/wp\/v2\/product"}],"about":[{"href":"https:\/\/hookahshop.lt\/pl\/wp-json\/wp\/v2\/types\/product"}],"replies":[{"embeddable":true,"href":"https:\/\/hookahshop.lt\/pl\/wp-json\/wp\/v2\/comments?post=28422"}],"version-history":[{"count":4,"href":"https:\/\/hookahshop.lt\/pl\/wp-json\/wp\/v2\/product\/28422\/revisions"}],"predecessor-version":[{"id":33260,"href":"https:\/\/hookahshop.lt\/pl\/wp-json\/wp\/v2\/product\/28422\/revisions\/33260"}],"wp:featuredmedia":[{"embeddable":true,"href":"https:\/\/hookahshop.lt\/pl\/wp-json\/wp\/v2\/media\/28423"}],"wp:attachment":[{"href":"https:\/\/hookahshop.lt\/pl\/wp-json\/wp\/v2\/media?parent=28422"}],"curies":[{"name":"wp","href":"https:\/\/api.w.org\/{rel}","templated":true}]}}