{"id":28437,"date":"2021-10-22T00:27:06","date_gmt":"2021-10-21T21:27:06","guid":{"rendered":"https:\/\/hookahshop.lt\/?post_type=product&#038;p=28437"},"modified":"2026-04-18T23:29:02","modified_gmt":"2026-04-18T20:29:02","slug":"taurele-kaljanui-art-bar-turkish-rock","status":"publish","type":"product","link":"https:\/\/hookahshop.lt\/pl\/produkt\/szklana-szisza-sztuka-bar-turecki-rock\/","title":{"rendered":"Kubek do fajki wodnej ART BAR Turecki Rock"},"content":{"rendered":"<h2>Kubek do fajki wodnej ART BAR Turecki Rock<\/h2>\n<p>Firma ART BAR s\u0142ynie z wysokiej jako\u015bci okular\u00f3w. Wykonane s\u0105 z wysokiej jako\u015bci gliny i wy\u0142\u0105cznie r\u0119cznie. Rodzaj fili\u017canki - turecka.<\/p>\n<p><strong>Charakterystyka:<\/strong><br \/>\nWysoko\u015b\u0107: 86 mm<br \/>\n\u015arednica (zewn\u0119trzna): 75 mm<br \/>\n\u015arednica (wewn\u0119trzna): 63 mm<br \/>\nG\u0142\u0119boko\u015b\u0107: 19 mm<br \/>\n\u015arednica otworu: 8 mm<br \/>\nLiczba otwor\u00f3w: 5 szt<br \/>\nWaga: oko\u0142o 216 g<\/p>\n<p>Czy masz jakie\u015b pytania? Skontaktuj si\u0119 z nami\u00a0<a href=\"https:\/\/hookahshop.lt\/pl\/lacznosc\/\">strona z kontaktami<\/a>\u00a0lub napisz do nas na adres\u00a0<a href=\"https:\/\/facebook.com\/HookahShop.lt\/\" target=\"_blank\" rel=\"noopener noreferrer\">konto na Facebooku<\/a>\u00a0a my odpowiemy na Twoj\u0105 pro\u015bb\u0119 tego samego dnia.<\/p>","protected":false},"excerpt":{"rendered":"<p>Fili\u017canka do fajki wodnej ART BAR Turecka firma Rock ART BAR s\u0142ynie z wysokiej jako\u015bci fili\u017canek. Wykonane s\u0105 z wysokiej jako\u015bci gliny i wy\u0142\u0105cznie r\u0119cznie. Rodzaj fili\u017canki - turecka. Charakterystyka: Wysoko\u015b\u0107: 86 mm \u015arednica (zewn\u0119trzna): 75 mm \u015arednica (wewn\u0119trzna): 63 mm G\u0142\u0119boko\u015b\u0107: 19 mm \u015arednica otworu: 8 mm Ilo\u015b\u0107 otwor\u00f3w: 5 szt. Waga: ok. 216 g Masz pytania? [\u2026]<\/p>","protected":false},"featured_media":40718,"comment_status":"open","ping_status":"closed","template":"","meta":[],"_links":{"self":[{"href":"https:\/\/hookahshop.lt\/pl\/wp-json\/wp\/v2\/product\/28437"}],"collection":[{"href":"https:\/\/hookahshop.lt\/pl\/wp-json\/wp\/v2\/product"}],"about":[{"href":"https:\/\/hookahshop.lt\/pl\/wp-json\/wp\/v2\/types\/product"}],"replies":[{"embeddable":true,"href":"https:\/\/hookahshop.lt\/pl\/wp-json\/wp\/v2\/comments?post=28437"}],"version-history":[{"count":4,"href":"https:\/\/hookahshop.lt\/pl\/wp-json\/wp\/v2\/product\/28437\/revisions"}],"predecessor-version":[{"id":44055,"href":"https:\/\/hookahshop.lt\/pl\/wp-json\/wp\/v2\/product\/28437\/revisions\/44055"}],"wp:featuredmedia":[{"embeddable":true,"href":"https:\/\/hookahshop.lt\/pl\/wp-json\/wp\/v2\/media\/40718"}],"wp:attachment":[{"href":"https:\/\/hookahshop.lt\/pl\/wp-json\/wp\/v2\/media?parent=28437"}],"curies":[{"name":"wp","href":"https:\/\/api.w.org\/{rel}","templated":true}]}}