{"id":28467,"date":"2021-10-22T01:35:36","date_gmt":"2021-10-21T22:35:36","guid":{"rendered":"https:\/\/hookahshop.lt\/?post_type=product&#038;p=28467"},"modified":"2026-04-17T23:29:26","modified_gmt":"2026-04-17T20:29:26","slug":"kandiklis-kaljanui-vyro-carbon-black-mini","status":"publish","type":"product","link":"https:\/\/hookahshop.lt\/pl\/produkt\/ustnik-do-szisza-dla-mezczyzn-czarny-mini-2\/","title":{"rendered":"Ustnik do fajki wodnej VYRO Carbon Black Mini"},"content":{"rendered":"<h2>Ustnik do fajki wodnej VYRO Carbon Black Mini<\/h2>\n<p>VYRO Carbon black - ustnik jest doskona\u0142y nie tylko ze wzgl\u0119du na niewielk\u0105 wag\u0119, ale tak\u017ce ze wzgl\u0119du na wysokiej jako\u015bci materia\u0142. Ten w\u0119glowy ustnik nadaje si\u0119 nie tylko do codziennego u\u017cytku, ale tak\u017ce do ka\u017cdej fajki wodnej i zwyk\u0142ego w\u0119\u017ca silikonowego.<\/p>\n<p><strong>Specyfikacje:<\/strong><br \/>\nD\u0142ugo\u015b\u0107: ~17 cm<br \/>\nWaga: ~73 g<br \/>\n\u015arednica wewn\u0119trzna: 10 mm<br \/>\nMateria\u0142y: stal w\u0119glowa i stal nierdzewna V2A<\/p>\n<p>&nbsp;<\/p>\n<p>Czy masz jakie\u015b pytania? Skontaktuj si\u0119 z nami\u00a0<a href=\"https:\/\/hookahshop.lt\/pl\/lacznosc\/\">strona z kontaktami<\/a>\u00a0lub napisz do nas na adres\u00a0<a href=\"https:\/\/facebook.com\/HookahShop.lt\/\" target=\"_blank\" rel=\"noopener noreferrer\">konto na Facebooku<\/a>\u00a0a my odpowiemy na Twoj\u0105 pro\u015bb\u0119 tego samego dnia.<\/p>","protected":false},"excerpt":{"rendered":"<p>Ustnik do fajki wodnej VYRO Carbon Black Mini VYRO Carbon black - ustnik jest doskona\u0142y nie tylko ze wzgl\u0119du na niewielk\u0105 wag\u0119, ale tak\u017ce ze wzgl\u0119du na jako\u015b\u0107 materia\u0142u. Ten ustnik w\u0119glowy nadaje si\u0119 nie tylko do codziennego u\u017cytku, ale nadaje si\u0119 r\u00f3wnie\u017c do ka\u017cdej fajki wodnej i zwyk\u0142ego w\u0119\u017ca silikonowego. Dane techniczne: D\u0142ugo\u015b\u0107: ~17 cm Waga: ~ 73 g \u015arednica wewn\u0119trzna: 10 mm Materia\u0142y: w\u0119giel i stal nierdzewna V2A [...]<\/p>","protected":false},"featured_media":28469,"comment_status":"open","ping_status":"closed","template":"","meta":[],"_links":{"self":[{"href":"https:\/\/hookahshop.lt\/pl\/wp-json\/wp\/v2\/product\/28467"}],"collection":[{"href":"https:\/\/hookahshop.lt\/pl\/wp-json\/wp\/v2\/product"}],"about":[{"href":"https:\/\/hookahshop.lt\/pl\/wp-json\/wp\/v2\/types\/product"}],"replies":[{"embeddable":true,"href":"https:\/\/hookahshop.lt\/pl\/wp-json\/wp\/v2\/comments?post=28467"}],"version-history":[{"count":4,"href":"https:\/\/hookahshop.lt\/pl\/wp-json\/wp\/v2\/product\/28467\/revisions"}],"predecessor-version":[{"id":30078,"href":"https:\/\/hookahshop.lt\/pl\/wp-json\/wp\/v2\/product\/28467\/revisions\/30078"}],"wp:featuredmedia":[{"embeddable":true,"href":"https:\/\/hookahshop.lt\/pl\/wp-json\/wp\/v2\/media\/28469"}],"wp:attachment":[{"href":"https:\/\/hookahshop.lt\/pl\/wp-json\/wp\/v2\/media?parent=28467"}],"curies":[{"name":"wp","href":"https:\/\/api.w.org\/{rel}","templated":true}]}}