{"id":28473,"date":"2021-10-22T12:18:15","date_gmt":"2021-10-22T09:18:15","guid":{"rendered":"https:\/\/hookahshop.lt\/?post_type=product&#038;p=28473"},"modified":"2026-04-26T23:29:34","modified_gmt":"2026-04-26T20:29:34","slug":"taurele-kaljanui-forma-hookah-phunnel-nerikomi","status":"publish","type":"product","link":"https:\/\/hookahshop.lt\/pl\/produkt\/kubek-szisza-forma-szisza-lejek-nerikomi\/","title":{"rendered":"Kubek do fajki wodnej FORMA HOOKAH Phunnel Nerikomi"},"content":{"rendered":"<h2>Kubek do fajki wodnej FORMA HOOKAH Phunnel Nerikomi<\/h2>\n<p>Kubek do fajki wodnej Forma Hookah Phunnel - zosta\u0142 zaprojektowany z my\u015bl\u0105 o \u0142atwym i wygodnym paleniu. Fili\u017canka wygl\u0105da jak motywy naturalnego marmuru. Ten kubek nadaje si\u0119 do wszystkich rodzaj\u00f3w mieszanek. Pojemno\u015b\u0107 mieszanki to oko\u0142o 17-22 gram\u00f3w.<\/p>\n<p><strong>Charakterystyka:<\/strong><br \/>\nWysoko\u015b\u0107: 107 mm<br \/>\n\u015arednica (zewn\u0119trzna): 76 mm<br \/>\n\u015arednica (wewn\u0119trzna): 69 mm<br \/>\nG\u0142\u0119boko\u015b\u0107: 13 mm<br \/>\n\u015arednica otworu: 10 mm<br \/>\nLiczba otwor\u00f3w: 1 szt<br \/>\nWaga: oko\u0142o 250 gram\u00f3w.<\/p>\n<p>Czy masz jakie\u015b pytania? Skontaktuj si\u0119 z nami\u00a0<a href=\"https:\/\/hookahshop.lt\/pl\/lacznosc\/\">strona z kontaktami<\/a>\u00a0lub napisz do nas na adres\u00a0<a href=\"https:\/\/facebook.com\/HookahShop.lt\/\" target=\"_blank\" rel=\"noopener noreferrer\">konto na Facebooku<\/a>\u00a0a my odpowiemy na Twoj\u0105 pro\u015bb\u0119 tego samego dnia.<\/p>","protected":false},"excerpt":{"rendered":"<p>Kubek na fajk\u0119 wodn\u0105 FORMA HOOKAH Phunnel Nerikomi Kubek na fajk\u0119 wodn\u0105 Forma Hookah Phunnel - zosta\u0142 stworzony z my\u015bl\u0105 o \u0142atwym i wygodnym paleniu. Fili\u017canka swoim wygl\u0105dem przypomina motywy naturalnego marmuru. Kubek ten nadaje si\u0119 do wszystkich rodzaj\u00f3w mieszanek. Pojemno\u015b\u0107 mieszanki wynosi oko\u0142o 17-22 gram\u00f3w. Charakterystyka: Wysoko\u015b\u0107: 107 mm \u015arednica (zewn\u0119trzna): 76 mm \u015arednica (wewn\u0119trzna): 69 mm G\u0142\u0119boko\u015b\u0107: 13 mm \u015arednica otworu: 10 mm Otwory [\u2026]<\/p>","protected":false},"featured_media":28501,"comment_status":"open","ping_status":"closed","template":"","meta":[],"_links":{"self":[{"href":"https:\/\/hookahshop.lt\/pl\/wp-json\/wp\/v2\/product\/28473"}],"collection":[{"href":"https:\/\/hookahshop.lt\/pl\/wp-json\/wp\/v2\/product"}],"about":[{"href":"https:\/\/hookahshop.lt\/pl\/wp-json\/wp\/v2\/types\/product"}],"replies":[{"embeddable":true,"href":"https:\/\/hookahshop.lt\/pl\/wp-json\/wp\/v2\/comments?post=28473"}],"version-history":[{"count":5,"href":"https:\/\/hookahshop.lt\/pl\/wp-json\/wp\/v2\/product\/28473\/revisions"}],"predecessor-version":[{"id":28508,"href":"https:\/\/hookahshop.lt\/pl\/wp-json\/wp\/v2\/product\/28473\/revisions\/28508"}],"wp:featuredmedia":[{"embeddable":true,"href":"https:\/\/hookahshop.lt\/pl\/wp-json\/wp\/v2\/media\/28501"}],"wp:attachment":[{"href":"https:\/\/hookahshop.lt\/pl\/wp-json\/wp\/v2\/media?parent=28473"}],"curies":[{"name":"wp","href":"https:\/\/api.w.org\/{rel}","templated":true}]}}