{"id":28522,"date":"2021-10-22T15:54:37","date_gmt":"2021-10-22T12:54:37","guid":{"rendered":"https:\/\/hookahshop.lt\/?post_type=product&#038;p=28522"},"modified":"2026-04-13T16:23:27","modified_gmt":"2026-04-13T13:23:27","slug":"sakute-kaljano-tabakui-alpha-hookah-x","status":"publish","type":"product","link":"https:\/\/hookahshop.lt\/pl\/produkt\/sakute-szisza-tyton-alfa-szisza-x\/","title":{"rendered":"Widelec do fajki wodnej ALPHA HOOKAH X"},"content":{"rendered":"<h2>Widelec do fajki wodnej ALPHA HOOKAH X<\/h2>\n<p>Zapakuj idealn\u0105 fili\u017cank\u0119 czystymi r\u0119kami.<\/p>\n<p><strong>Specyfikacja:<\/strong><br \/>\nMateria\u0142: Stal nierdzewna<br \/>\nD\u0142ugo\u015b\u0107: 13,4 cm<br \/>\nWygodny kszta\u0142t<br \/>\nOtw\u00f3r na brelok<\/p>\n<p>Czy masz jakie\u015b pytania? Skontaktuj si\u0119 z nami\u00a0<a href=\"https:\/\/hookahshop.lt\/pl\/lacznosc\/\">strona z kontaktami<\/a>\u00a0lub napisz do nas na adres\u00a0<a href=\"https:\/\/facebook.com\/HookahShop.lt\/\" target=\"_blank\" rel=\"noopener noreferrer\">konto na Facebooku<\/a>\u00a0a my odpowiemy na Twoj\u0105 pro\u015bb\u0119 tego samego dnia.<\/p>","protected":false},"excerpt":{"rendered":"<p>Szisza Szisza ALPHA HOOKAH X Przygotuj idealn\u0105 fili\u017cank\u0119 czystymi r\u0119kami. Specyfikacja: Materia\u0142: stal nierdzewna D\u0142ugo\u015b\u0107: 13,4 cm Wygodny kszta\u0142t Otw\u00f3r na breloczek Masz pytania? Skontaktuj si\u0119 z nami na stronie kontaktowej lub napisz do nas na naszym koncie na Facebooku, a my odpowiemy na Twoj\u0105 pro\u015bb\u0119 jeszcze tego samego dnia.<\/p>","protected":false},"featured_media":28523,"comment_status":"open","ping_status":"closed","template":"","meta":[],"_links":{"self":[{"href":"https:\/\/hookahshop.lt\/pl\/wp-json\/wp\/v2\/product\/28522"}],"collection":[{"href":"https:\/\/hookahshop.lt\/pl\/wp-json\/wp\/v2\/product"}],"about":[{"href":"https:\/\/hookahshop.lt\/pl\/wp-json\/wp\/v2\/types\/product"}],"replies":[{"embeddable":true,"href":"https:\/\/hookahshop.lt\/pl\/wp-json\/wp\/v2\/comments?post=28522"}],"version-history":[{"count":4,"href":"https:\/\/hookahshop.lt\/pl\/wp-json\/wp\/v2\/product\/28522\/revisions"}],"predecessor-version":[{"id":43110,"href":"https:\/\/hookahshop.lt\/pl\/wp-json\/wp\/v2\/product\/28522\/revisions\/43110"}],"wp:featuredmedia":[{"embeddable":true,"href":"https:\/\/hookahshop.lt\/pl\/wp-json\/wp\/v2\/media\/28523"}],"wp:attachment":[{"href":"https:\/\/hookahshop.lt\/pl\/wp-json\/wp\/v2\/media?parent=28522"}],"curies":[{"name":"wp","href":"https:\/\/api.w.org\/{rel}","templated":true}]}}