{"id":28531,"date":"2021-10-22T16:04:28","date_gmt":"2021-10-22T13:04:28","guid":{"rendered":"https:\/\/hookahshop.lt\/?post_type=product&#038;p=28531"},"modified":"2026-04-14T23:29:11","modified_gmt":"2026-04-14T20:29:11","slug":"sakute-kaljano-tabakui-alpha-hookah-beat","status":"publish","type":"product","link":"https:\/\/hookahshop.lt\/pl\/produkt\/sakute-szisza-tyton-alfa-fajka-beat\/","title":{"rendered":"Widelec do tytoniu do fajki wodnej ALPHA HOOKAH Beat"},"content":{"rendered":"<h2>Widelec do tytoniu do fajki wodnej ALPHA HOOKAH Beat<\/h2>\n<p>Zapakuj idealn\u0105 fili\u017cank\u0119 czystymi r\u0119kami.<\/p>\n<p><strong>Specyfikacja:<\/strong><br \/>\nMateria\u0142: Stal nierdzewna<br \/>\nD\u0142ugo\u015b\u0107: 13,4 cm<br \/>\nWygodny kszta\u0142t<br \/>\nOtw\u00f3r na brelok<\/p>\n<p>Czy masz jakie\u015b pytania? Skontaktuj si\u0119 z nami\u00a0<a href=\"https:\/\/hookahshop.lt\/pl\/lacznosc\/\">strona z kontaktami<\/a>\u00a0lub napisz do nas na adres\u00a0<a href=\"https:\/\/facebook.com\/HookahShop.lt\/\" target=\"_blank\" rel=\"noopener noreferrer\">konto na Facebooku<\/a>\u00a0a my odpowiemy na Twoj\u0105 pro\u015bb\u0119 tego samego dnia.<\/p>","protected":false},"excerpt":{"rendered":"<p>ALPHA HOOKAH Beat hookah tyto\u0144 widelec Zapakuj idealny kubek czystymi r\u0119kami. Specyfikacja: Materia\u0142: stal nierdzewna D\u0142ugo\u015b\u0107: 13,4 cm Wygodny kszta\u0142t Otw\u00f3r na klucze Masz jakie\u015b pytania? Skontaktuj si\u0119 z nami na stronie kontaktowej lub napisz do nas na Facebooku, a my odpowiemy na Twoje zapytanie tego samego dnia.<\/p>","protected":false},"featured_media":28532,"comment_status":"open","ping_status":"closed","template":"","meta":[],"_links":{"self":[{"href":"https:\/\/hookahshop.lt\/pl\/wp-json\/wp\/v2\/product\/28531"}],"collection":[{"href":"https:\/\/hookahshop.lt\/pl\/wp-json\/wp\/v2\/product"}],"about":[{"href":"https:\/\/hookahshop.lt\/pl\/wp-json\/wp\/v2\/types\/product"}],"replies":[{"embeddable":true,"href":"https:\/\/hookahshop.lt\/pl\/wp-json\/wp\/v2\/comments?post=28531"}],"version-history":[{"count":5,"href":"https:\/\/hookahshop.lt\/pl\/wp-json\/wp\/v2\/product\/28531\/revisions"}],"predecessor-version":[{"id":42352,"href":"https:\/\/hookahshop.lt\/pl\/wp-json\/wp\/v2\/product\/28531\/revisions\/42352"}],"wp:featuredmedia":[{"embeddable":true,"href":"https:\/\/hookahshop.lt\/pl\/wp-json\/wp\/v2\/media\/28532"}],"wp:attachment":[{"href":"https:\/\/hookahshop.lt\/pl\/wp-json\/wp\/v2\/media?parent=28531"}],"curies":[{"name":"wp","href":"https:\/\/api.w.org\/{rel}","templated":true}]}}