{"id":28541,"date":"2021-10-22T17:18:43","date_gmt":"2021-10-22T14:18:43","guid":{"rendered":"https:\/\/hookahshop.lt\/?post_type=product&#038;p=28541"},"modified":"2026-04-18T23:29:05","modified_gmt":"2026-04-18T20:29:05","slug":"taurele-kaljanui-mexanika-smoke-phunnel","status":"publish","type":"product","link":"https:\/\/hookahshop.lt\/pl\/produkt\/kubek-szisza-meksanika-dym-phunnel\/","title":{"rendered":"Kubek do fajki wodnej MEXANIKA Smoke Phunnel Black"},"content":{"rendered":"<h2>Kubek do fajki wodnej MEXANIKA Smoke Phunnel Black<\/h2>\n<p>Kubek do fajki wodnej Mexanika Smoke Phunnel jest wykonany w formie czarnego lejka z metalowym pier\u015bcieniem z logo, kt\u00f3ry chroni przed rozszczepieniem w razie upadku.<\/p>\n<p>Kubek Mexanika Smoke Phunnel jest wykonany z p\u00f3\u0142marmuru i wypalany w temperaturze 1200 stopni. Pier\u015bcionek wykonany jest ze stali nierdzewnej AISI 304. Zu\u017cycie tytoniu wynosi oko\u0142o 19-24 gram\u00f3w.<\/p>\n<p><strong>Charakterystyka:<\/strong><br \/>\nWysoko\u015b\u0107: 98mm<br \/>\n\u015arednica (zewn\u0119trzna): 74 mm<br \/>\n\u015arednica (wewn\u0119trzna): 66 mm<br \/>\nG\u0142\u0119boko\u015b\u0107: 23 mm<br \/>\n\u015arednica otworu: 14 mm<br \/>\nLiczba otwor\u00f3w: 1 szt<br \/>\nWaga: oko\u0142o 325g.<\/p>\n<p>Czy masz jakie\u015b pytania? Skontaktuj si\u0119 z nami\u00a0<a href=\"https:\/\/hookahshop.lt\/pl\/lacznosc\/\">strona z kontaktami<\/a>\u00a0lub napisz do nas na adres\u00a0<a href=\"https:\/\/facebook.com\/HookahShop.lt\/\" target=\"_blank\" rel=\"noopener noreferrer\">konto na Facebooku<\/a>\u00a0a my odpowiemy na Twoj\u0105 pro\u015bb\u0119 tego samego dnia.<\/p>","protected":false},"excerpt":{"rendered":"<p>Kubek na fajk\u0119 wodn\u0105 MEXANIKA Smoke Phunnel Black Kubek Mekanika Smoke Phunnel wykonany jest w formie czarnego lejka z markowym metalowym pier\u015bcieniem, kt\u00f3ry zapobiega p\u0119kaniu przy upuszczeniu. Kubek Mexanika Smoke Phunnel wykonany jest z p\u00f3\u0142marmuru, wypalanego w temperaturze 1200 stopni. Pier\u015bcie\u0144 wykonany jest ze stali nierdzewnej AISI 304. Zu\u017cycie tytoniu wynosi oko\u0142o 19-24 gram\u00f3w. Charakterystyka: Wysoko\u015b\u0107: 98 mm \u015arednica [\u2026]<\/p>","protected":false},"featured_media":28542,"comment_status":"open","ping_status":"closed","template":"","meta":[],"_links":{"self":[{"href":"https:\/\/hookahshop.lt\/pl\/wp-json\/wp\/v2\/product\/28541"}],"collection":[{"href":"https:\/\/hookahshop.lt\/pl\/wp-json\/wp\/v2\/product"}],"about":[{"href":"https:\/\/hookahshop.lt\/pl\/wp-json\/wp\/v2\/types\/product"}],"replies":[{"embeddable":true,"href":"https:\/\/hookahshop.lt\/pl\/wp-json\/wp\/v2\/comments?post=28541"}],"version-history":[{"count":5,"href":"https:\/\/hookahshop.lt\/pl\/wp-json\/wp\/v2\/product\/28541\/revisions"}],"predecessor-version":[{"id":31856,"href":"https:\/\/hookahshop.lt\/pl\/wp-json\/wp\/v2\/product\/28541\/revisions\/31856"}],"wp:featuredmedia":[{"embeddable":true,"href":"https:\/\/hookahshop.lt\/pl\/wp-json\/wp\/v2\/media\/28542"}],"wp:attachment":[{"href":"https:\/\/hookahshop.lt\/pl\/wp-json\/wp\/v2\/media?parent=28541"}],"curies":[{"name":"wp","href":"https:\/\/api.w.org\/{rel}","templated":true}]}}